{"id":33114,"date":"2024-02-10T01:21:36","date_gmt":"2024-02-10T00:21:36","guid":{"rendered":"https:\/\/tuftingeurope.com\/product\/maquina-de-tufting-de-45-mm-de-pelo-de-corte-extendido\/"},"modified":"2026-03-13T14:09:18","modified_gmt":"2026-03-13T13:09:18","slug":"extended-duo-tufting-machine","status":"publish","type":"product","link":"https:\/\/tuftingeurope.com\/es\/producto\/extended-duo-tufting-machine\/","title":{"rendered":"Pistola de mechones largos AK-1H de 40 mm"},"content":{"rendered":"<h2>Experimenta y descubre nuevos e innovadores dise\u00f1os de alfombras con nuestra m\u00e1quina para tufting de pelo largo Duo de 40 mm<\/h2>\n<ul>\n<li>Nuevo: Resultados extremadamente largos sin necesidad de compresor de aire.<\/li>\n<li>Nuevo: Anillo protector de rueda.<\/li>\n<li>Novedad: Mec\u00e1nica redise\u00f1ada para reducir el ruido.<\/li>\n<li>Cambia f\u00e1cilmente entre los estilos de corte y bucle &#8211; <strong><a href=\"https:\/\/tuftingeurope.com\/es\/docs\/cambiar-de-pelo-cortado-a-pelo-bucle\/\">ver v\u00eddeo<\/a><\/strong>.<\/li>\n<\/ul>\n<p>Mientras que nuestra AK-1N hace mechones de entre 8 y 16 mil\u00edmetros, esta edici\u00f3n de pelo largo crea resultados asombrosos de 40 mil\u00edmetros. El mantenimiento es sencillo, elimina el polvo y mant\u00e9n las piezas m\u00f3viles bien lubricadas con nuestro aceite para coser.<\/p>\n<p><img fetchpriority=\"high\" decoding=\"async\" class=\"alignnone size-full wp-image-37380\" src=\"https:\/\/tuftingeurope.com\/wp-content\/uploads\/2024\/02\/starter-kit-2.jpg\" alt=\"\" width=\"1920\" height=\"1080\" title=\"\" srcset=\"https:\/\/tuftingeurope.com\/wp-content\/uploads\/2024\/02\/starter-kit-2.jpg 1920w, https:\/\/tuftingeurope.com\/wp-content\/uploads\/2024\/02\/starter-kit-2-1000x563.jpg 1000w, https:\/\/tuftingeurope.com\/wp-content\/uploads\/2024\/02\/starter-kit-2-300x169.jpg 300w, https:\/\/tuftingeurope.com\/wp-content\/uploads\/2024\/02\/starter-kit-2-1024x576.jpg 1024w, https:\/\/tuftingeurope.com\/wp-content\/uploads\/2024\/02\/starter-kit-2-768x432.jpg 768w, https:\/\/tuftingeurope.com\/wp-content\/uploads\/2024\/02\/starter-kit-2-1536x864.jpg 1536w, https:\/\/tuftingeurope.com\/wp-content\/uploads\/2024\/02\/starter-kit-2-360x203.jpg 360w, https:\/\/tuftingeurope.com\/wp-content\/uploads\/2024\/02\/starter-kit-2-80x45.jpg 80w\" sizes=\"(max-width: 1920px) 100vw, 1920px\" \/><\/p>\n<h2>Para mechoneros experimentados dispuestos a dar el siguiente paso<\/h2>\n<p>Recomendamos encarecidamente la edici\u00f3n Extended Duo para aquellos individuos que posean experiencia previa con una m\u00e1quina tufting. Si est\u00e1s empezando, esta no es la m\u00e1quina para ti, en su lugar consulta nuestra <span style=\"text-decoration: underline;\"><br \/>\n  <strong><br \/>\n    <a href=\"https:\/\/tuftingeurope.com\/es\/producto\/ak-1n-pink-cut-loop-tufting-gun\/\">AK-1N aqu\u00ed<\/a><br \/>\n  <\/strong><br \/>\n<\/span>.<\/p>\n<h2>Pila cortada y Pila en bucle<\/h2>\n<p>La AK-1H de pelo largo sale de la caja lista para empenacharse en pelo cortado a 40 mil\u00edmetros, y puede convertirse en pelo en bucle.<\/p>\n<p><img decoding=\"async\" class=\"alignnone size-full wp-image-37372\" src=\"https:\/\/tuftingeurope.com\/wp-content\/uploads\/2024\/02\/starter-kit.jpg\" alt=\"\" width=\"1920\" height=\"1080\" title=\"\" srcset=\"https:\/\/tuftingeurope.com\/wp-content\/uploads\/2024\/02\/starter-kit.jpg 1920w, https:\/\/tuftingeurope.com\/wp-content\/uploads\/2024\/02\/starter-kit-1000x563.jpg 1000w, https:\/\/tuftingeurope.com\/wp-content\/uploads\/2024\/02\/starter-kit-300x169.jpg 300w, https:\/\/tuftingeurope.com\/wp-content\/uploads\/2024\/02\/starter-kit-1024x576.jpg 1024w, https:\/\/tuftingeurope.com\/wp-content\/uploads\/2024\/02\/starter-kit-768x432.jpg 768w, https:\/\/tuftingeurope.com\/wp-content\/uploads\/2024\/02\/starter-kit-1536x864.jpg 1536w, https:\/\/tuftingeurope.com\/wp-content\/uploads\/2024\/02\/starter-kit-360x203.jpg 360w, https:\/\/tuftingeurope.com\/wp-content\/uploads\/2024\/02\/starter-kit-80x45.jpg 80w\" sizes=\"(max-width: 1920px) 100vw, 1920px\" \/><\/p>\n<h2>Velocidad variable<\/h2>\n<p>Las pistolas de tufting van deprisa, pero a veces quieres ir m\u00e1s despacio para centrarte en los peque\u00f1os detalles de tu alfombra. El modelo AK-1H est\u00e1 provisto de un selector en la parte inferior del mango que permite ajustar con facilidad la velocidad del tufting.<\/p>\n<h2>\u00bfQu\u00e9 hay en la caja?<\/h2>\n<p>Su pedido incluye los siguientes art\u00edculos:<\/p>\n<ul>\n<li>M\u00e1quina tufting edici\u00f3n High Pile Duo<\/li>\n<li>Enchufe UE y adaptador de corriente<\/li>\n<li>Piezas de recambio<\/li>\n<\/ul>\n<h2>Especificaciones<\/h2>\n<p>Estilo de pelo: Pelo cortado y pelo en bucle.<br \/>\nAltura del pelo: 40 mm, ajustable<br \/>\nVelocidad: Dial ajustable<br \/>\nAlimentaci\u00f3n: enchufe europeo (100-240V)<br \/>\nPeso: 2 kg<\/p>\n<h2>M\u00e1quinas tufting aut\u00e9nticas con garant\u00eda<\/h2>\n<p>Las m\u00e1quinas tufting falsificadas suponen un riesgo considerable para los compradores, ya que con frecuencia est\u00e1n fabricadas con materiales de calidad inferior y mano de obra deficiente. Estas m\u00e1quinas pueden romperse f\u00e1cilmente, no funcionar correctamente e incluso suponer un peligro para la seguridad. Adicionalmente, las m\u00e1quinas falsificadas carecen de las garant\u00edas y el servicio de atenci\u00f3n al cliente que acompa\u00f1an a las m\u00e1quinas tufting genuinas. Tufting Europe se enorgullece de ofrecer garant\u00eda en todas nuestras m\u00e1quinas, devoluciones gratuitas y estamos a un solo clic si tienes alguna pregunta.<\/p>\n<h2>La seguridad ante todo<\/h2>\n<p>Las m\u00e1quinas de tufting son herramientas el\u00e9ctricas profesionales, con una aguja y unas tijeras que se mueven a gran velocidad. Le rogamos encarecidamente que utilice su pistola tufting de manera responsable y la mantenga fuera del alcance de los menores. Apaga tambi\u00e9n el aparato cuando le hagas ajustes.<\/p>\n<p><iframe title=\"Showing the Extended Cut Pile 45mm Tufting Machine in action\" width=\"1020\" height=\"574\" src=\"https:\/\/www.youtube.com\/embed\/Euy8mLYW8EU?feature=oembed\" frameborder=\"0\" allow=\"accelerometer; autoplay; clipboard-write; encrypted-media; gyroscope; picture-in-picture; web-share\" allowfullscreen><\/iframe><\/p>\n","protected":false},"excerpt":{"rendered":"<p>La AK-1H D\u00fao de pelo largo est\u00e1 especialmente pensada para quienes necesitan alfombras extra mullidas. Un complemento id\u00f3neo para los fabricantes de alfombras que posean experiencia en el uso de nuestra m\u00e1quina tufting AK-1N est\u00e1ndar. Consigue resultados de pila larga sin necesidad de compresor de aire.<\/p>\n","protected":false},"featured_media":37766,"template":"","meta":[],"product_brand":[],"product_cat":[168],"product_tag":[],"class_list":{"0":"post-33114","1":"product","2":"type-product","3":"status-publish","4":"has-post-thumbnail","6":"product_cat-pistolas-de-mechones-es","8":"first","9":"instock","10":"taxable","11":"shipping-taxable","12":"purchasable","13":"product-type-simple"},"_links":{"self":[{"href":"https:\/\/tuftingeurope.com\/es\/wp-json\/wp\/v2\/product\/33114","targetHints":{"allow":["GET"]}}],"collection":[{"href":"https:\/\/tuftingeurope.com\/es\/wp-json\/wp\/v2\/product"}],"about":[{"href":"https:\/\/tuftingeurope.com\/es\/wp-json\/wp\/v2\/types\/product"}],"wp:featuredmedia":[{"embeddable":true,"href":"https:\/\/tuftingeurope.com\/es\/wp-json\/wp\/v2\/media\/37766"}],"wp:attachment":[{"href":"https:\/\/tuftingeurope.com\/es\/wp-json\/wp\/v2\/media?parent=33114"}],"wp:term":[{"taxonomy":"product_brand","embeddable":true,"href":"https:\/\/tuftingeurope.com\/es\/wp-json\/wp\/v2\/product_brand?post=33114"},{"taxonomy":"product_cat","embeddable":true,"href":"https:\/\/tuftingeurope.com\/es\/wp-json\/wp\/v2\/product_cat?post=33114"},{"taxonomy":"product_tag","embeddable":true,"href":"https:\/\/tuftingeurope.com\/es\/wp-json\/wp\/v2\/product_tag?post=33114"}],"curies":[{"name":"wp","href":"https:\/\/api.w.org\/{rel}","templated":true}]}}