{"id":34026,"date":"2023-10-15T22:02:39","date_gmt":"2023-10-15T20:02:39","guid":{"rendered":"https:\/\/tuftingeurope.com\/?post_type=product&#038;p=34026"},"modified":"2025-09-30T15:25:40","modified_gmt":"2025-09-30T13:25:40","slug":"tufting-frame-tabletop-70x70cm","status":"publish","type":"product","link":"https:\/\/tuftingeurope.com\/es\/producto\/tufting-frame-tabletop-70x70cm\/","title":{"rendered":"Marco Tufting | Tablero 70x70cm"},"content":{"rendered":"<p><img fetchpriority=\"high\" decoding=\"async\" class=\"aligncenter wp-image-28820 size-full\" src=\"https:\/\/tuftingeurope.com\/wp-content\/uploads\/2023\/02\/Schermafbeelding-2023-02-23-om-17.37.26.png\" alt=\"\" width=\"742\" height=\"1286\" title=\"\" srcset=\"https:\/\/tuftingeurope.com\/wp-content\/uploads\/2023\/02\/Schermafbeelding-2023-02-23-om-17.37.26.png 742w, https:\/\/tuftingeurope.com\/wp-content\/uploads\/2023\/02\/Schermafbeelding-2023-02-23-om-17.37.26-555x962.png 555w, https:\/\/tuftingeurope.com\/wp-content\/uploads\/2023\/02\/Schermafbeelding-2023-02-23-om-17.37.26-173x300.png 173w, https:\/\/tuftingeurope.com\/wp-content\/uploads\/2023\/02\/Schermafbeelding-2023-02-23-om-17.37.26-591x1024.png 591w\" sizes=\"(max-width: 742px) 100vw, 742px\" \/><\/p>\n","protected":false},"excerpt":{"rendered":"<p>Presentamos el marco de madera perfecto para tufting destinado al artista dom\u00e9stico. Dise\u00f1ado para sujetarse firmemente a cualquier mesa, proporcionando una base s\u00f3lida para sus proyectos de tufting. <\/p>\n<p>Incluye accesorios para alimentar dos madejas de hilo, sujetadores en los bordes para fijar su tela principal de tufting y dos abrazaderas de mesa.<\/p>\n<p>Marco 70x70cm<\/p>\n","protected":false},"featured_media":38114,"template":"","meta":[],"product_brand":[],"product_cat":[162],"product_tag":[],"class_list":{"0":"post-34026","1":"product","2":"type-product","3":"status-publish","4":"has-post-thumbnail","6":"product_cat-agarres-del-marco","7":"product_shipping_class-marco","9":"first","10":"outofstock","11":"downloadable","12":"taxable","13":"shipping-taxable","14":"purchasable","15":"product-type-simple"},"_links":{"self":[{"href":"https:\/\/tuftingeurope.com\/es\/wp-json\/wp\/v2\/product\/34026","targetHints":{"allow":["GET"]}}],"collection":[{"href":"https:\/\/tuftingeurope.com\/es\/wp-json\/wp\/v2\/product"}],"about":[{"href":"https:\/\/tuftingeurope.com\/es\/wp-json\/wp\/v2\/types\/product"}],"wp:featuredmedia":[{"embeddable":true,"href":"https:\/\/tuftingeurope.com\/es\/wp-json\/wp\/v2\/media\/38114"}],"wp:attachment":[{"href":"https:\/\/tuftingeurope.com\/es\/wp-json\/wp\/v2\/media?parent=34026"}],"wp:term":[{"taxonomy":"product_brand","embeddable":true,"href":"https:\/\/tuftingeurope.com\/es\/wp-json\/wp\/v2\/product_brand?post=34026"},{"taxonomy":"product_cat","embeddable":true,"href":"https:\/\/tuftingeurope.com\/es\/wp-json\/wp\/v2\/product_cat?post=34026"},{"taxonomy":"product_tag","embeddable":true,"href":"https:\/\/tuftingeurope.com\/es\/wp-json\/wp\/v2\/product_tag?post=34026"}],"curies":[{"name":"wp","href":"https:\/\/api.w.org\/{rel}","templated":true}]}}