{"id":34176,"date":"2023-11-01T23:40:01","date_gmt":"2023-11-01T22:40:01","guid":{"rendered":"https:\/\/tuftingeurope.com\/product\/cinta-autoadhesiva-de-algodon-para-moquetas\/"},"modified":"2026-03-13T13:45:24","modified_gmt":"2026-03-13T12:45:24","slug":"cinta-autoadhesiva-para-moquetas","status":"publish","type":"product","link":"https:\/\/tuftingeurope.com\/es\/producto\/cinta-autoadhesiva-para-moquetas\/","title":{"rendered":"Cinta autoadhesiva para bordes de alfombras 50 metros"},"content":{"rendered":"<div>\n\t<section class=\"section\" id=\"section_1729621479\">\n\t\t<div class=\"section-bg fill\" >\n\t\t\t\t\t\t\t<div class=\"video-overlay no-click fill visible\"><\/div>\n\t<video class=\"video-bg fill visible\" preload playsinline autoplay muted loop>\n\t\t<source src=\"https:\/\/tuftingeurope.com\/wp-content\/uploads\/2025\/01\/twill-tape-for-tufting.mp4\" type=\"video\/mp4\">\t<\/video>\n\t\t\t\n\t\t\t\n\n\t\t<\/div>\n\n\t\t\n\n\t\t<div class=\"section-content relative\">\n\t\t\t<\/div>\n<div><\/div>\n<div>\t\t<\/div>\n\n\t\t\n<style>\n#section_1729621479 {\n  padding-top: 30px;\n  padding-bottom: 30px;\n  min-height: 400px;\n}\n@media (min-width:550px) {\n  #section_1729621479 {\n    min-height: 500px;\n  }\n}\n<\/style>\n\t<\/section>\n\t<\/div>\n<p>La cinta de sarga se utiliza para evitar que se deshagan los bordes de alfombras y moquetas. Es un aut\u00e9ntico campe\u00f3n cuando se trata de crear bordes profesionales en el reverso de tus alfombras y darles un aspecto absolutamente deslumbrante. Todo lo que tienes que hacer es enrollarlo alrededor de los bordes de la tela y aplicar presi\u00f3n. Gracias a su fuerte autoadhesividad, s\u00f3lo necesitas una tijera para aplicarlo.   <\/p>\n<ul>\n<li>Alta solidez del color<\/li>\n<li>Cola textil especial adecuada para todas las alfombras<\/li>\n<li>Alta calidad y acabado profesional<\/li>\n<\/ul>\n","protected":false},"excerpt":{"rendered":"<p>Se acab\u00f3 el l\u00edo con la pistola de pegamento. Nuestra Cinta de Alfombra de Poli\u00e9ster Autoadhesiva es el toque final para crear un reverso limpio en sus alfombras. Ya que oculta tus asperezas y es f\u00e1cil de trabajar. S\u00f3lo tienes que cortar con una tijera la longitud necesaria y aplicarlo directamente.   <\/p>\n<p>Color: Negro o Gris<br \/>\nMaterial: Poli\u00e9ster<br \/>\nAutoadhesivo: Pegamento textil especial para alfombras<br \/>\nRollo de 50 metros, 38mm de ancho<\/p>\n","protected":false},"featured_media":37872,"template":"","meta":[],"product_brand":[],"product_cat":[172],"product_tag":[],"class_list":{"0":"post-34176","1":"product","2":"type-product","3":"status-publish","4":"has-post-thumbnail","6":"product_cat-accesorios","8":"first","9":"instock","10":"taxable","11":"shipping-taxable","12":"purchasable","13":"product-type-variable","14":"has-default-attributes"},"_links":{"self":[{"href":"https:\/\/tuftingeurope.com\/es\/wp-json\/wp\/v2\/product\/34176","targetHints":{"allow":["GET"]}}],"collection":[{"href":"https:\/\/tuftingeurope.com\/es\/wp-json\/wp\/v2\/product"}],"about":[{"href":"https:\/\/tuftingeurope.com\/es\/wp-json\/wp\/v2\/types\/product"}],"wp:featuredmedia":[{"embeddable":true,"href":"https:\/\/tuftingeurope.com\/es\/wp-json\/wp\/v2\/media\/37872"}],"wp:attachment":[{"href":"https:\/\/tuftingeurope.com\/es\/wp-json\/wp\/v2\/media?parent=34176"}],"wp:term":[{"taxonomy":"product_brand","embeddable":true,"href":"https:\/\/tuftingeurope.com\/es\/wp-json\/wp\/v2\/product_brand?post=34176"},{"taxonomy":"product_cat","embeddable":true,"href":"https:\/\/tuftingeurope.com\/es\/wp-json\/wp\/v2\/product_cat?post=34176"},{"taxonomy":"product_tag","embeddable":true,"href":"https:\/\/tuftingeurope.com\/es\/wp-json\/wp\/v2\/product_tag?post=34176"}],"curies":[{"name":"wp","href":"https:\/\/api.w.org\/{rel}","templated":true}]}}