{"id":34202,"date":"2023-11-01T23:51:53","date_gmt":"2023-11-01T22:51:53","guid":{"rendered":"https:\/\/tuftingeurope.com\/?post_type=product&#038;p=34202"},"modified":"2026-03-13T15:15:36","modified_gmt":"2026-03-13T14:15:36","slug":"pano-de-respaldo-antideslizante-200x200cm","status":"publish","type":"product","link":"https:\/\/tuftingeurope.com\/es\/producto\/pano-de-respaldo-antideslizante-200x200cm\/","title":{"rendered":"Respaldo Antideslizante para Tufting | 200x200cm"},"content":{"rendered":"","protected":false},"excerpt":{"rendered":"<p>Este Revestimiento Antideslizante se aplica despu\u00e9s de tufting, proporcionando una serie de beneficios al reverso de su alfombra. Evita los resbalones y sirve como capa protectora adicional entre tu cola de l\u00e1tex y el suelo, manteniendo tu suelo a salvo de posibles da\u00f1os.<\/p>\n<p>Dale la vuelta a tu alfombra, coloca la tela de soporte y c\u00f3rtala en el borde de la tela principal, luego aplica pegamento en spray o apl\u00edcalo sobre el l\u00e1tex si a\u00fan est\u00e1 pegajoso.<\/p>\n","protected":false},"featured_media":37857,"template":"","meta":[],"product_brand":[],"product_cat":[166],"product_tag":[],"class_list":{"0":"post-34202","1":"product","2":"type-product","3":"status-publish","4":"has-post-thumbnail","6":"product_cat-tufting-tejidos","8":"first","9":"instock","10":"taxable","11":"shipping-taxable","12":"purchasable","13":"product-type-simple"},"_links":{"self":[{"href":"https:\/\/tuftingeurope.com\/es\/wp-json\/wp\/v2\/product\/34202","targetHints":{"allow":["GET"]}}],"collection":[{"href":"https:\/\/tuftingeurope.com\/es\/wp-json\/wp\/v2\/product"}],"about":[{"href":"https:\/\/tuftingeurope.com\/es\/wp-json\/wp\/v2\/types\/product"}],"wp:featuredmedia":[{"embeddable":true,"href":"https:\/\/tuftingeurope.com\/es\/wp-json\/wp\/v2\/media\/37857"}],"wp:attachment":[{"href":"https:\/\/tuftingeurope.com\/es\/wp-json\/wp\/v2\/media?parent=34202"}],"wp:term":[{"taxonomy":"product_brand","embeddable":true,"href":"https:\/\/tuftingeurope.com\/es\/wp-json\/wp\/v2\/product_brand?post=34202"},{"taxonomy":"product_cat","embeddable":true,"href":"https:\/\/tuftingeurope.com\/es\/wp-json\/wp\/v2\/product_cat?post=34202"},{"taxonomy":"product_tag","embeddable":true,"href":"https:\/\/tuftingeurope.com\/es\/wp-json\/wp\/v2\/product_tag?post=34202"}],"curies":[{"name":"wp","href":"https:\/\/api.w.org\/{rel}","templated":true}]}}