{"id":34563,"date":"2024-01-02T18:33:30","date_gmt":"2024-01-02T17:33:30","guid":{"rendered":"https:\/\/tuftingeurope.com\/product\/mini-guia-de-recorte-para-cortadoras-de-alfombras\/"},"modified":"2025-08-20T20:02:15","modified_gmt":"2025-08-20T18:02:15","slug":"mini-trimming-guide-for-rug-carving-clippers","status":"publish","type":"product","link":"https:\/\/tuftingeurope.com\/es\/producto\/mini-trimming-guide-for-rug-carving-clippers\/","title":{"rendered":"Gu\u00eda de afeitado de altura regulable"},"content":{"rendered":"\n\t<section class=\"section\" id=\"section_1390332844\">\n\t\t<div class=\"section-bg fill\" >\n\t\t\t\t\t\t\t<div class=\"video-overlay no-click fill visible\"><\/div>\n\t<video class=\"video-bg fill visible\" preload playsinline autoplay muted loop>\n\t\t<source src=\"https:\/\/tuftingeurope.com\/wp-content\/uploads\/2024\/08\/scheerapparaat.mp4\" type=\"video\/mp4\">\t<\/video>\n\t\t\t\n\t\t\t\n\n\t\t<\/div>\n\n\t\t\n\n\t\t<div class=\"section-content relative\">\n\t\t\t\n\n\t\t<\/div>\n\n\t\t\n<style>\n#section_1390332844 {\n  padding-top: 30px;\n  padding-bottom: 30px;\n  min-height: 400px;\n}\n@media (min-width:550px) {\n  #section_1390332844 {\n    min-height: 500px;\n  }\n}\n<\/style>\n\t<\/section>\n\t\n<strong>F\u00e1cil instalaci\u00f3n:<\/strong> No necesitas herramientas especializadas ni horas de retoques: estar\u00e1s listo en un santiam\u00e9n para crear alfombras bellamente recortadas con facilidad. En unos sencillos pasos, puedes acoplarlo sin esfuerzo a tu recortadora de alfombras o ajustar la altura.<\/p>\n<p><strong>M\u00e1s peque\u00f1o significa m\u00e1s f\u00e1cil:<\/strong> M\u00e1s grande no siempre es mejor con las gu\u00edas de recorte. Su peque\u00f1o perfil permite un trabajo de recorte intrincado y detallado, incluso en esquinas estrechas y dise\u00f1os que sobresalen de tu alfombra como orejas de gato. Te sorprender\u00e1 c\u00f3mo esta mini maravilla puede manejar sin esfuerzo cualquier alfombra empenachada, desde el felpudo m\u00e1s peque\u00f1o hasta el centro de mesa m\u00e1s grandioso.<\/p>\n<p><strong>Para un Bonito Acabado Recortado:<\/strong> Conseguir un acabado pulido y profesional ya no es una tarea desalentadora. La precisi\u00f3n de esta gu\u00eda garantiza que tus l\u00edneas de recorte sean rectas y limpias, sin dejar lugar a imperfecciones. Desp\u00eddete de los bordes desiguales, los deshilachados o los recortes excesivos: nuestra gu\u00eda de recorte garantiza un resultado bonito en todo momento.<\/p>\n<p><img fetchpriority=\"high\" decoding=\"async\" class=\"alignnone size-full wp-image-29585\" src=\"https:\/\/tuftingeurope.com\/wp-content\/uploads\/2021\/10\/carved-rug.gif\" alt=\"\" width=\"1280\" height=\"720\" title=\"\"><\/p>\n","protected":false},"excerpt":{"rendered":"<p>Presentamos la Gu\u00eda de Afeitado para Cizallas de Tallado de Alfombras: una herramienta esencial para lograr un acabado perfectamente recortado en el arte de la tufting de alfombras. Tanto si utilizas lana como hilo acr\u00edlico, esta gu\u00eda de recorte te ayudar\u00e1 a dar forma y perfeccionar tus alfombras empenachadas. Ajustable para recortes cortos de 1 mil\u00edmetro o longitudes mayores.<\/p>\n<p>Afeitadora no incluida, esto es solo el accesorio. <\/p>\n","protected":false},"featured_media":38049,"template":"","meta":[],"product_brand":[],"product_cat":[172],"product_tag":[],"class_list":{"0":"post-34563","1":"product","2":"type-product","3":"status-publish","4":"has-post-thumbnail","6":"product_cat-accesorios","8":"first","9":"instock","10":"taxable","11":"shipping-taxable","12":"purchasable","13":"product-type-simple"},"_links":{"self":[{"href":"https:\/\/tuftingeurope.com\/es\/wp-json\/wp\/v2\/product\/34563","targetHints":{"allow":["GET"]}}],"collection":[{"href":"https:\/\/tuftingeurope.com\/es\/wp-json\/wp\/v2\/product"}],"about":[{"href":"https:\/\/tuftingeurope.com\/es\/wp-json\/wp\/v2\/types\/product"}],"wp:featuredmedia":[{"embeddable":true,"href":"https:\/\/tuftingeurope.com\/es\/wp-json\/wp\/v2\/media\/38049"}],"wp:attachment":[{"href":"https:\/\/tuftingeurope.com\/es\/wp-json\/wp\/v2\/media?parent=34563"}],"wp:term":[{"taxonomy":"product_brand","embeddable":true,"href":"https:\/\/tuftingeurope.com\/es\/wp-json\/wp\/v2\/product_brand?post=34563"},{"taxonomy":"product_cat","embeddable":true,"href":"https:\/\/tuftingeurope.com\/es\/wp-json\/wp\/v2\/product_cat?post=34563"},{"taxonomy":"product_tag","embeddable":true,"href":"https:\/\/tuftingeurope.com\/es\/wp-json\/wp\/v2\/product_tag?post=34563"}],"curies":[{"name":"wp","href":"https:\/\/api.w.org\/{rel}","templated":true}]}}