{"id":41752,"date":"2024-04-10T22:14:11","date_gmt":"2024-04-10T20:14:11","guid":{"rendered":"https:\/\/tuftingeurope.com\/?post_type=product&#038;p=41752"},"modified":"2026-03-13T13:45:35","modified_gmt":"2026-03-13T12:45:35","slug":"click-on-mini-shearing-guide","status":"publish","type":"product","link":"https:\/\/tuftingeurope.com\/es\/producto\/click-on-mini-shearing-guide\/","title":{"rendered":"Gu\u00eda de corte para alfombras Click-On"},"content":{"rendered":"<p>Nuestra nueva minigu\u00eda de esquilado Click-On recorta tu alfombra a un mil\u00edmetro fijo, sin riesgos ni opciones de ajuste. Si deseas poder ajustar la altura, <a href=\"https:\/\/tuftingeurope.com\/product\/mini-trimming-guide-for-rug-carving-clippers\/\"><br \/>\n  <span style=\"text-decoration: underline;\">consulta nuestra otra gu\u00eda de afeitado.<\/span><br \/>\n<\/a><\/p>\n<p><strong>F\u00e1cil instalaci\u00f3n:<\/strong> No necesitas herramientas especializadas ni horas de retoques: estar\u00e1s listo en un santiam\u00e9n para crear alfombras bellamente recortadas con facilidad. En unos sencillos pasos, podr\u00e1s acoplarlo sin esfuerzo a tu recortadora de alfombras.<\/p>\n<p><strong>Panel m\u00e1s peque\u00f1o:<\/strong> Su peque\u00f1o perfil permite un trabajo de recorte intrincado y detallado, incluso en esquinas estrechas y dise\u00f1os que sobresalen de tu alfombra como orejas de gato. Te sorprender\u00e1 c\u00f3mo esta mini maravilla puede manejar sin esfuerzo cualquier alfombra empenachada, desde el felpudo m\u00e1s peque\u00f1o hasta el centro de mesa m\u00e1s grandioso.<\/p>\n<p><strong>Para un Bonito Acabado Recortado:<\/strong> Conseguir un acabado pulido y profesional ya no es una tarea desalentadora. La precisi\u00f3n de esta gu\u00eda garantiza que tus l\u00edneas de recorte sean rectas y limpias, sin dejar lugar a imperfecciones. Desp\u00eddete de los bordes desiguales, los deshilachados o los recortes excesivos: nuestra gu\u00eda de recorte garantiza un resultado bonito en todo momento.<\/p>\n<p><img fetchpriority=\"high\" decoding=\"async\" class=\"alignnone size-full wp-image-29585\" src=\"https:\/\/tuftingeurope.com\/wp-content\/uploads\/2021\/10\/carved-rug.gif\" alt=\"\" width=\"1280\" height=\"720\" title=\"\"><\/p>\n","protected":false},"excerpt":{"rendered":"<p>La Gu\u00eda de Corte Mini Click-On es un dispositivo de f\u00e1cil utilizaci\u00f3n para el esquilado. S\u00f3lo tienes que deslizar tu maquinilla de esquilar en la gu\u00eda para obtener un recorte fijo de 1 mil\u00edmetro. No existe riesgo de recortar en exceso de lo necesario.<\/p>\n","protected":false},"featured_media":41773,"template":"","meta":[],"product_brand":[],"product_cat":[172],"product_tag":[],"class_list":{"0":"post-41752","1":"product","2":"type-product","3":"status-publish","4":"has-post-thumbnail","6":"product_cat-accesorios","8":"first","9":"instock","10":"taxable","11":"shipping-taxable","12":"purchasable","13":"product-type-simple"},"_links":{"self":[{"href":"https:\/\/tuftingeurope.com\/es\/wp-json\/wp\/v2\/product\/41752","targetHints":{"allow":["GET"]}}],"collection":[{"href":"https:\/\/tuftingeurope.com\/es\/wp-json\/wp\/v2\/product"}],"about":[{"href":"https:\/\/tuftingeurope.com\/es\/wp-json\/wp\/v2\/types\/product"}],"wp:featuredmedia":[{"embeddable":true,"href":"https:\/\/tuftingeurope.com\/es\/wp-json\/wp\/v2\/media\/41773"}],"wp:attachment":[{"href":"https:\/\/tuftingeurope.com\/es\/wp-json\/wp\/v2\/media?parent=41752"}],"wp:term":[{"taxonomy":"product_brand","embeddable":true,"href":"https:\/\/tuftingeurope.com\/es\/wp-json\/wp\/v2\/product_brand?post=41752"},{"taxonomy":"product_cat","embeddable":true,"href":"https:\/\/tuftingeurope.com\/es\/wp-json\/wp\/v2\/product_cat?post=41752"},{"taxonomy":"product_tag","embeddable":true,"href":"https:\/\/tuftingeurope.com\/es\/wp-json\/wp\/v2\/product_tag?post=41752"}],"curies":[{"name":"wp","href":"https:\/\/api.w.org\/{rel}","templated":true}]}}