{"id":42919,"date":"2024-05-08T15:26:47","date_gmt":"2024-05-08T13:26:47","guid":{"rendered":"https:\/\/tuftingeurope.com\/?post_type=product&#038;p=42919"},"modified":"2026-01-23T17:13:37","modified_gmt":"2026-01-23T16:13:37","slug":"primary-tufting-cloth-300x300cm","status":"publish","type":"product","link":"https:\/\/tuftingeurope.com\/es\/producto\/primary-tufting-cloth-300x300cm\/","title":{"rendered":"Tela para tufting primario 300x300cm"},"content":{"rendered":"<p>En general, la tela tufting primaria es un componente esencial en el proceso de tufting, ya que proporciona una capa base fuerte y estable que ayuda a prevenir desgarros y producir proyectos de tufting de alta calidad. Est\u00e1 dise\u00f1ada para ser resistente y duradera, lo que la hace menos propensa a romperse durante el proceso de tufting.  La tela est\u00e1 hecha de una mezcla de poli\u00e9ster y polipropileno, que son fibras sint\u00e9ticas con una excelente resistencia a la tracci\u00f3n y al desgarro.<\/p>\n<h2>Evita desgarros o enganches.<\/h2>\n<p>Durante el proceso de tufting, el hilo de tufting se empuja a trav\u00e9s de la tela primaria de tufting con una pistola o aguja de tufting. Debido a que la tela primaria de tufting est\u00e1 fabricada con fibras sint\u00e9ticas resistentes, es capaz de soportar la fuerza de la aguja o pistola de tufting sin rasgarse ni engancharse. <\/p>\n<p>Adem\u00e1s, la tela primaria de tufting est\u00e1 tejida con un entramado ajustado, lo que contribuye a\u00fan m\u00e1s a prevenir desgarros. El tejido ajustado crea una superficie lisa y estable sobre la cual el hilo de tufting puede fijarse con facilidad, reduciendo el riesgo de que el hilo se enganche o se atasque durante el proceso de tufting. <\/p>\n<p>Lee nuestros consejos para <a href=\"https:\/\/tuftingeurope.com\/es\/guias\/por-que-se-rompe-desgarra-mi-tela-de-fondo\/\"><br \/>\n  <strong>evitar desgarrar o da\u00f1ar tu tela<\/strong><br \/>\n<\/a>.<\/p>\n<h2>Pautas de marcado y referencia.<\/h2>\n<p>Las directrices amarillas se tejen cada 5 cm, lo que facilita marcar y mechonar tus dise\u00f1os. Las gu\u00edas de tufting son especialmente \u00fatiles al realizar tufting de dise\u00f1os grandes o complejos, ya que pueden ayudar a garantizar que el dise\u00f1o est\u00e9 alineado correctamente y tenga un aspecto visualmente atractivo. Si sigues las pautas, evitar\u00e1s crear l\u00edneas torcidas o desiguales en el dise\u00f1o del mech\u00f3n, que pueden restar calidad general a la alfombra terminada.  <\/p>\n<p>&nbsp;<\/p>\n","protected":false},"excerpt":{"rendered":"<p>El pa\u00f1o que debe utilizar cualquier mech\u00f3n. La tela tufting primaria proporciona una capa base resistente sobre la cual el hilo de tufting puede fijarse con facilidad, y es m\u00e1s indulgente contra los errores que causan desgarros. Hace que el proceso de tufting sea m\u00e1s divertido, eficiente y produzca mejores resultados. Una tela tufting de alta calidad donde todos sus proyectos de alfombras cobran vida.  <\/p>\n<p><img decoding=\"async\" class=\"alignnone wp-image-32153\" src=\"https:\/\/tuftingeurope.com\/wp-content\/uploads\/2021\/03\/large-300x300.png\" alt=\"\" width=\"18\" height=\"18\" srcset=\"https:\/\/tuftingeurope.com\/wp-content\/uploads\/2021\/03\/large-300x300.png 300w, https:\/\/tuftingeurope.com\/wp-content\/uploads\/2021\/03\/large-100x100.png 100w, https:\/\/tuftingeurope.com\/wp-content\/uploads\/2021\/03\/large-150x150.png 150w, https:\/\/tuftingeurope.com\/wp-content\/uploads\/2021\/03\/large.png 512w\" sizes=\"(max-width: 18px) 100vw, 18px\" \/>  300 x 300 cm &#8211; 9 metros cuadrados<br \/>\n<img decoding=\"async\" class=\"alignnone wp-image-32167\" src=\"https:\/\/tuftingeurope.com\/wp-content\/uploads\/2021\/03\/rug-2-300x300.png\" alt=\"\" width=\"18\" height=\"18\" srcset=\"https:\/\/tuftingeurope.com\/wp-content\/uploads\/2021\/03\/rug-2-300x300.png 300w, https:\/\/tuftingeurope.com\/wp-content\/uploads\/2021\/03\/rug-2-100x100.png 100w, https:\/\/tuftingeurope.com\/wp-content\/uploads\/2021\/03\/rug-2-150x150.png 150w, https:\/\/tuftingeurope.com\/wp-content\/uploads\/2021\/03\/rug-2.png 512w\" sizes=\"(max-width: 18px) 100vw, 18px\" \/>  Para esas monturas altas y bonitas<\/p>\n","protected":false},"featured_media":37815,"template":"","meta":[],"product_brand":[],"product_cat":[166],"product_tag":[],"class_list":{"0":"post-42919","1":"product","2":"type-product","3":"status-publish","4":"has-post-thumbnail","6":"product_cat-tufting-tejidos","8":"first","9":"instock","10":"taxable","11":"shipping-taxable","12":"purchasable","13":"product-type-simple"},"_links":{"self":[{"href":"https:\/\/tuftingeurope.com\/es\/wp-json\/wp\/v2\/product\/42919","targetHints":{"allow":["GET"]}}],"collection":[{"href":"https:\/\/tuftingeurope.com\/es\/wp-json\/wp\/v2\/product"}],"about":[{"href":"https:\/\/tuftingeurope.com\/es\/wp-json\/wp\/v2\/types\/product"}],"wp:featuredmedia":[{"embeddable":true,"href":"https:\/\/tuftingeurope.com\/es\/wp-json\/wp\/v2\/media\/37815"}],"wp:attachment":[{"href":"https:\/\/tuftingeurope.com\/es\/wp-json\/wp\/v2\/media?parent=42919"}],"wp:term":[{"taxonomy":"product_brand","embeddable":true,"href":"https:\/\/tuftingeurope.com\/es\/wp-json\/wp\/v2\/product_brand?post=42919"},{"taxonomy":"product_cat","embeddable":true,"href":"https:\/\/tuftingeurope.com\/es\/wp-json\/wp\/v2\/product_cat?post=42919"},{"taxonomy":"product_tag","embeddable":true,"href":"https:\/\/tuftingeurope.com\/es\/wp-json\/wp\/v2\/product_tag?post=42919"}],"curies":[{"name":"wp","href":"https:\/\/api.w.org\/{rel}","templated":true}]}}