{"id":44532,"date":"2024-08-08T11:26:56","date_gmt":"2024-08-08T09:26:56","guid":{"rendered":"https:\/\/tuftingeurope.com\/product\/tijeras-electricas-para-tallado-de-alfombras\/"},"modified":"2025-11-27T16:15:16","modified_gmt":"2025-11-27T15:15:16","slug":"electric-scissors-for-rug-carving","status":"publish","type":"product","link":"https:\/\/tuftingeurope.com\/es\/producto\/electric-scissors-for-rug-carving\/","title":{"rendered":"Tijeras El\u00e9ctricas para Tallado de Alfombras"},"content":{"rendered":"<p><iframe title=\"Electric tufting scissors! #tufting #carpet #tuftingprocess #shorts\" width=\"563\" height=\"1000\" src=\"https:\/\/www.youtube.com\/embed\/MtdH6x3N0VY?feature=oembed\" frameborder=\"0\" allow=\"accelerometer; autoplay; clipboard-write; encrypted-media; gyroscope; picture-in-picture; web-share\" referrerpolicy=\"strict-origin-when-cross-origin\" allowfullscreen><\/iframe><\/p>\n<h2>Precisi\u00f3n para su Arte<\/h2>\n<p>Presentamos nuestras Nuevas Tijeras para Tallado de Alfombras, espec\u00edficamente dise\u00f1adas para artesanos expertos en alfombras tufted. Estas tijeras el\u00e9ctricas proporcionan un recorte preciso de los bordes y patrones de las alfombras, dando a sus alfombras un aspecto n\u00edtido y detallado. <\/p>\n<h2>Ligeras y C\u00f3modas<\/h2>\n<p>Permite recortar alfombras desde cualquier \u00e1ngulo sin cansar sus manos, incluso durante sesiones prolongadas. Disfrute de una experiencia de recorte c\u00f3moda en todo momento. <\/p>\n<h2>Velocidad Ajustable para Mayor Eficiencia<\/h2>\n<p>Con una perilla de ajuste de velocidad en el adaptador, estas tijeras hacen que el recorte sea m\u00e1s eficiente en comparaci\u00f3n con las tijeras tradicionales talladas a mano. Ajuste la velocidad seg\u00fan sus necesidades y trabaje con facilidad en cualquier alfombra. <\/p>\n<h2>Incluye Repuestos Esenciales<\/h2>\n<p>El paquete de la M\u00e1quina de Aseo de Alfombras viene con una cuchilla de repuesto (1 par) y dos cepillos de carb\u00f3n, asegurando que tenga las piezas necesarias para un uso a largo plazo. Si nota una disminuci\u00f3n en la velocidad de recorte o en la potencia del motor, simplemente reemplace las piezas desgastadas. <\/p>\n","protected":false},"excerpt":{"rendered":"<p>\u00a1A\u00f1ade m\u00e1s detalle a tu trabajo! Ideales para artistas de tufting experimentados. Ligeras, ajustables y vers\u00e1tiles, estas tijeras el\u00e9ctricas de alta velocidad facilitan la creaci\u00f3n de alfombras detalladas.  <\/p>\n","protected":false},"featured_media":44518,"template":"","meta":[],"product_brand":[],"product_cat":[172],"product_tag":[],"class_list":{"0":"post-44532","1":"product","2":"type-product","3":"status-publish","4":"has-post-thumbnail","6":"product_cat-accesorios","8":"first","9":"outofstock","10":"taxable","11":"shipping-taxable","12":"purchasable","13":"product-type-simple"},"_links":{"self":[{"href":"https:\/\/tuftingeurope.com\/es\/wp-json\/wp\/v2\/product\/44532","targetHints":{"allow":["GET"]}}],"collection":[{"href":"https:\/\/tuftingeurope.com\/es\/wp-json\/wp\/v2\/product"}],"about":[{"href":"https:\/\/tuftingeurope.com\/es\/wp-json\/wp\/v2\/types\/product"}],"wp:featuredmedia":[{"embeddable":true,"href":"https:\/\/tuftingeurope.com\/es\/wp-json\/wp\/v2\/media\/44518"}],"wp:attachment":[{"href":"https:\/\/tuftingeurope.com\/es\/wp-json\/wp\/v2\/media?parent=44532"}],"wp:term":[{"taxonomy":"product_brand","embeddable":true,"href":"https:\/\/tuftingeurope.com\/es\/wp-json\/wp\/v2\/product_brand?post=44532"},{"taxonomy":"product_cat","embeddable":true,"href":"https:\/\/tuftingeurope.com\/es\/wp-json\/wp\/v2\/product_cat?post=44532"},{"taxonomy":"product_tag","embeddable":true,"href":"https:\/\/tuftingeurope.com\/es\/wp-json\/wp\/v2\/product_tag?post=44532"}],"curies":[{"name":"wp","href":"https:\/\/api.w.org\/{rel}","templated":true}]}}