{"id":47789,"date":"2024-10-24T11:15:30","date_gmt":"2024-10-24T09:15:30","guid":{"rendered":"https:\/\/tuftingeurope.com\/product\/yarn-sample-book-proximamente\/"},"modified":"2026-03-13T13:45:28","modified_gmt":"2026-03-13T12:45:28","slug":"yarn-sample-card","status":"publish","type":"product","link":"https:\/\/tuftingeurope.com\/es\/producto\/yarn-sample-card\/","title":{"rendered":"Cat\u00e1logo de muestras de Hilo para tufting de lana"},"content":{"rendered":"<p>Desde tonos llamativos hasta delicados neutros, este folleto le permite experimentar la rica textura y los tonos fieles a la realidad en sus manos antes de crear. Perfecto para probar combinaciones, planificar dise\u00f1os o simplemente despertar nueva inspiraci\u00f3n, porque cada obra maestra comienza con los colores adecuados. <\/p>\n<h2>Gu\u00eda de referencia de colores<\/h2>\n\n<table id=\"tablepress-5\" class=\"tablepress tablepress-id-5\">\n<thead>\n<tr class=\"row-1\">\n\t<th class=\"column-1\">Number<\/th><th class=\"column-2\">Color<\/th>\n<\/tr>\n<\/thead>\n<tbody class=\"row-striping row-hover\">\n<tr class=\"row-2\">\n\t<td class=\"column-1\">1<\/td><td class=\"column-2\"><a href=\"https:\/\/tuftingeurope.com\/product\/black-tufting-yarn-500g-wool\/\">Black<\/a><\/td>\n<\/tr>\n<tr class=\"row-3\">\n\t<td class=\"column-1\">2<\/td><td class=\"column-2\"><a href=\"https:\/\/tuftingeurope.com\/product\/dark-grey-tufting-yarn-500g-wool\/\">Dark Grey<\/a><\/td>\n<\/tr>\n<tr class=\"row-4\">\n\t<td class=\"column-1\">3<\/td><td class=\"column-2\"><a href=\"https:\/\/tuftingeurope.com\/product\/graphite-grey-tufting-yarn-500g-wool\/\">Graphite Grey<\/a><\/td>\n<\/tr>\n<tr class=\"row-5\">\n\t<td class=\"column-1\">4<\/td><td class=\"column-2\"><a href=\"https:\/\/tuftingeurope.com\/product\/light-grey-tufting-yarn-500g-wool\/\">Light Grey<\/a><\/td>\n<\/tr>\n<tr class=\"row-6\">\n\t<td class=\"column-1\">5<\/td><td class=\"column-2\"><a href=\"https:\/\/tuftingeurope.com\/product\/white-tufting-yarn-500g-wool\/\">White<\/a><\/td>\n<\/tr>\n<tr class=\"row-7\">\n\t<td class=\"column-1\">6<\/td><td class=\"column-2\"><a href=\"https:\/\/tuftingeurope.com\/product\/peachy-beige-tufting-yarn-500g-wool\/\">Peachy Beige<\/a><\/td>\n<\/tr>\n<tr class=\"row-8\">\n\t<td class=\"column-1\">7<\/td><td class=\"column-2\"><a href=\"https:\/\/tuftingeurope.com\/product\/light-beige-tufting-yarn-500g-wool\/\">Light Beige<\/a><\/td>\n<\/tr>\n<tr class=\"row-9\">\n\t<td class=\"column-1\">8<\/td><td class=\"column-2\"><a href=\"https:\/\/tuftingeurope.com\/product\/beige-tufting-yarn-500g-wool\/\">Honey Beige<\/a><\/td>\n<\/tr>\n<tr class=\"row-10\">\n\t<td class=\"column-1\">9<\/td><td class=\"column-2\"><a href=\"https:\/\/tuftingeurope.com\/product\/teddy-brown-tufting-yarn-500g-wool\/\">Maple Brown<\/a><\/td>\n<\/tr>\n<tr class=\"row-11\">\n\t<td class=\"column-1\">10<\/td><td class=\"column-2\"><a href=\"https:\/\/tuftingeurope.com\/product\/light-brown-tufting-yarn-500g-wool\/\">Light Brown<\/a><\/td>\n<\/tr>\n<tr class=\"row-12\">\n\t<td class=\"column-1\">11<\/td><td class=\"column-2\"><a href=\"https:\/\/tuftingeurope.com\/product\/auberginepurple-tufting-yarn-500g-wool\/\">Aubergine Purple<\/a><\/td>\n<\/tr>\n<tr class=\"row-13\">\n\t<td class=\"column-1\">12<\/td><td class=\"column-2\"><a href=\"https:\/\/tuftingeurope.com\/product\/deep-pink-tufting-yarn-500g-wool\/\">Deep Pink<\/a><\/td>\n<\/tr>\n<tr class=\"row-14\">\n\t<td class=\"column-1\">13<\/td><td class=\"column-2\"><a href=\"https:\/\/tuftingeurope.com\/product\/fuchsia-pink-tufting-yarn-500g-wool\/\">Fuchsia Pink<\/a><\/td>\n<\/tr>\n<tr class=\"row-15\">\n\t<td class=\"column-1\">14<\/td><td class=\"column-2\"><a href=\"https:\/\/tuftingeurope.com\/product\/super-pink-tufting-yarn-500g-wool\/\">Super Pink<\/a><\/td>\n<\/tr>\n<tr class=\"row-16\">\n\t<td class=\"column-1\">15<\/td><td class=\"column-2\"><a href=\"https:\/\/tuftingeurope.com\/product\/light-pink-tufting-yarn-500g-wool\/\">Light Pink<\/a><\/td>\n<\/tr>\n<tr class=\"row-17\">\n\t<td class=\"column-1\">16<\/td><td class=\"column-2\"><a href=\"https:\/\/tuftingeurope.com\/product\/khaki-tufting-yarn-500g-wool\/\">Khaki<\/a><\/td>\n<\/tr>\n<tr class=\"row-18\">\n\t<td class=\"column-1\">17<\/td><td class=\"column-2\"><a href=\"https:\/\/tuftingeurope.com\/product\/salmon-tufting-yarn-500g-wool\/\">Salmon<\/a><\/td>\n<\/tr>\n<tr class=\"row-19\">\n\t<td class=\"column-1\">18<\/td><td class=\"column-2\"><a href=\"https:\/\/tuftingeurope.com\/product\/ginger-orange-tufting-yarn-500g-wool\/\">Ginger Orange<\/a><\/td>\n<\/tr>\n<tr class=\"row-20\">\n\t<td class=\"column-1\">19<\/td><td class=\"column-2\"><a href=\"https:\/\/tuftingeurope.com\/product\/warm-brown-tufting-yarn-500g-wool\/\">Warm Brown<\/a><\/td>\n<\/tr>\n<tr class=\"row-21\">\n\t<td class=\"column-1\">20<\/td><td class=\"column-2\"><a href=\"https:\/\/tuftingeurope.com\/product\/dark-brown-tufting-yarn-500g-wool\/\">Dark Brown<\/a><\/td>\n<\/tr>\n<tr class=\"row-22\">\n\t<td class=\"column-1\">21<\/td><td class=\"column-2\"><a href=\"https:\/\/tuftingeurope.com\/product\/bordeaux-tufting-yarn-500g-wool\/\">Bordeaux Red<\/a><\/td>\n<\/tr>\n<tr class=\"row-23\">\n\t<td class=\"column-1\">22<\/td><td class=\"column-2\"><a href=\"https:\/\/tuftingeurope.com\/product\/cherry-red-tufting-yarn-500g-wool\/\">Cherry Red<\/a><\/td>\n<\/tr>\n<tr class=\"row-24\">\n\t<td class=\"column-1\">23<\/td><td class=\"column-2\"><a href=\"https:\/\/tuftingeurope.com\/product\/red-tufting-yarn-500g-wool\/\">Red<\/a><\/td>\n<\/tr>\n<tr class=\"row-25\">\n\t<td class=\"column-1\">24<\/td><td class=\"column-2\"><a href=\"https:\/\/tuftingeurope.com\/product\/fluor-red-tufting-yarn-500g-wool\/\">Fluor Red<\/a><\/td>\n<\/tr>\n<tr class=\"row-26\">\n\t<td class=\"column-1\">25<\/td><td class=\"column-2\"><a href=\"https:\/\/tuftingeurope.com\/product\/orange-blast-tufting-yarn-500g-wool\/\">Orange Blast<\/a><\/td>\n<\/tr>\n<tr class=\"row-27\">\n\t<td class=\"column-1\">26<\/td><td class=\"column-2\"><a href=\"https:\/\/tuftingeurope.com\/product\/orange-tufting-yarn-500g-wool\/\">Orange<\/a><\/td>\n<\/tr>\n<tr class=\"row-28\">\n\t<td class=\"column-1\">27<\/td><td class=\"column-2\"><a href=\"https:\/\/tuftingeurope.com\/product\/ochre-yellow-tufting-yarn-500g-wool\/\">Ochre Yellow<\/a><\/td>\n<\/tr>\n<tr class=\"row-29\">\n\t<td class=\"column-1\">28<\/td><td class=\"column-2\"><a href=\"https:\/\/tuftingeurope.com\/product\/mustard-yellow-tufting-yarn-500g-wool\/\">Musterd Yellow<\/a><\/td>\n<\/tr>\n<tr class=\"row-30\">\n\t<td class=\"column-1\">29<\/td><td class=\"column-2\"><a href=\"https:\/\/tuftingeurope.com\/product\/light-orange-tufting-yarn-500g-wool\/\">Light Orange<\/a><\/td>\n<\/tr>\n<tr class=\"row-31\">\n\t<td class=\"column-1\">30<\/td><td class=\"column-2\"><a href=\"https:\/\/tuftingeurope.com\/product\/yellow-tufting-yarn-500g-wool\/\">Yellow<\/a><\/td>\n<\/tr>\n<tr class=\"row-32\">\n\t<td class=\"column-1\">31<\/td><td class=\"column-2\"><a href=\"https:\/\/tuftingeurope.com\/product\/forest-green-tufting-yarn-500g-wool\/\">Forest Green<\/a><\/td>\n<\/tr>\n<tr class=\"row-33\">\n\t<td class=\"column-1\">32<\/td><td class=\"column-2\"><a href=\"https:\/\/tuftingeurope.com\/product\/pine-green-tufting-yarn-500g-wool\/\">Pine Green<\/a><\/td>\n<\/tr>\n<tr class=\"row-34\">\n\t<td class=\"column-1\">33<\/td><td class=\"column-2\"><a href=\"https:\/\/tuftingeurope.com\/product\/moss-green-tufting-yarn-500g-wool\/\">Moss Green<\/a><\/td>\n<\/tr>\n<tr class=\"row-35\">\n\t<td class=\"column-1\">34<\/td><td class=\"column-2\"><a href=\"https:\/\/tuftingeurope.com\/product\/dark-green-tufting-yarn-500g-wool\/\">Dark Green<\/a><\/td>\n<\/tr>\n<tr class=\"row-36\">\n\t<td class=\"column-1\">35<\/td><td class=\"column-2\"><a href=\"https:\/\/tuftingeurope.com\/product\/regular-green-tufting-yarn-500g-wool\/\">Regular Green<\/a><\/td>\n<\/tr>\n<tr class=\"row-37\">\n\t<td class=\"column-1\">36<\/td><td class=\"column-2\"><a href=\"https:\/\/tuftingeurope.com\/product\/olive-green-tufting-yarn-500g-wool\/\">Olive Green<\/a><\/td>\n<\/tr>\n<tr class=\"row-38\">\n\t<td class=\"column-1\">37<\/td><td class=\"column-2\"><a href=\"https:\/\/tuftingeurope.com\/product\/light-teal-tufting-yarn-500g-wool\/\">Light Teal<\/a><\/td>\n<\/tr>\n<tr class=\"row-39\">\n\t<td class=\"column-1\">38<\/td><td class=\"column-2\"><a href=\"https:\/\/tuftingeurope.com\/product\/light-blue-tufting-yarn-500g-wool\/\">Light Blue<\/a><\/td>\n<\/tr>\n<tr class=\"row-40\">\n\t<td class=\"column-1\">39<\/td><td class=\"column-2\"><a href=\"https:\/\/tuftingeurope.com\/product\/mid-teal-tufting-yarn-500g-wool\/\">Mid Teal<\/a><\/td>\n<\/tr>\n<tr class=\"row-41\">\n\t<td class=\"column-1\">40<\/td><td class=\"column-2\"><a href=\"https:\/\/tuftingeurope.com\/product\/teal-tufting-yarn-500g-wool\/\">Teal<\/a><\/td>\n<\/tr>\n<tr class=\"row-42\">\n\t<td class=\"column-1\">41<\/td><td class=\"column-2\"><a href=\"https:\/\/tuftingeurope.com\/product\/dark-purple-tufting-yarn-500g-wool\/\">Dark Purple<\/a><\/td>\n<\/tr>\n<tr class=\"row-43\">\n\t<td class=\"column-1\">42<\/td><td class=\"column-2\"><a href=\"https:\/\/tuftingeurope.com\/product\/navy-blue-tufting-yarn-500g-wool\/\">Navy Blue<\/a><\/td>\n<\/tr>\n<tr class=\"row-44\">\n\t<td class=\"column-1\">43<\/td><td class=\"column-2\"><a href=\"https:\/\/tuftingeurope.com\/product\/cobalt-blue-tufting-yarn-500g-wool\/\">Cobalt Blue<\/a><\/td>\n<\/tr>\n<tr class=\"row-45\">\n\t<td class=\"column-1\">44<\/td><td class=\"column-2\"><a href=\"https:\/\/tuftingeurope.com\/product\/mid-blue-tufting-yarn-500g-wool\/\">Mid Blue<\/a><\/td>\n<\/tr>\n<tr class=\"row-46\">\n\t<td class=\"column-1\">45<\/td><td class=\"column-2\"><a href=\"https:\/\/tuftingeurope.com\/product\/sky-blue-tufting-yarn-500g-wool\/\">Sky Blue<\/a><\/td>\n<\/tr>\n<tr class=\"row-47\">\n\t<td class=\"column-1\">46<\/td><td class=\"column-2\"><a href=\"https:\/\/tuftingeurope.com\/product\/steel-blue-tufting-yarn-500g-wool\/\">Steel Blue<\/a><\/td>\n<\/tr>\n<tr class=\"row-48\">\n\t<td class=\"column-1\">47<\/td><td class=\"column-2\"><a href=\"https:\/\/tuftingeurope.com\/product\/light-aqua-tufting-yarn-500g-wool\/\">Light Aqua<\/a><\/td>\n<\/tr>\n<tr class=\"row-49\">\n\t<td class=\"column-1\">48<\/td><td class=\"column-2\"><a href=\"https:\/\/tuftingeurope.com\/product\/turquoise-tufting-yarn-500g-wool\/\">Turquoise<\/a><\/td>\n<\/tr>\n<tr class=\"row-50\">\n\t<td class=\"column-1\">49<\/td><td class=\"column-2\"><a href=\"https:\/\/tuftingeurope.com\/product\/super-blue-tufting-yarn-500g-wool\/\">Super Blue<\/a><\/td>\n<\/tr>\n<tr class=\"row-51\">\n\t<td class=\"column-1\">50<\/td><td class=\"column-2\"><a href=\"https:\/\/tuftingeurope.com\/product\/mid-indigo-blue-tufting-yarn-500g-wool\/\">Mid Indigo Blue<\/a><\/td>\n<\/tr>\n<tr class=\"row-52\">\n\t<td class=\"column-1\">51<\/td><td class=\"column-2\"><a href=\"https:\/\/tuftingeurope.com\/product\/violet-tufting-yarn-500g-wool\/\">Violet<\/a><\/td>\n<\/tr>\n<tr class=\"row-53\">\n\t<td class=\"column-1\">52<\/td><td class=\"column-2\"><a href=\"https:\/\/tuftingeurope.com\/product\/light-purple-tufting-yarn-500g-wool\/\">Light Purple<\/a><\/td>\n<\/tr>\n<\/tbody>\n<\/table>\n<!-- #tablepress-5 from cache -->\n<h2>D\u00e9 vida a sus dise\u00f1os con 52 colores vibrantes<\/h2>\n<p>El est\u00e1ndar de oro para el arte tufting. Nuestro hilo premium tufting ahora est\u00e1 disponible en <strong>52 colores impresionantes<\/strong>, desde tonos audaces y llamativos hasta tonos suaves y atemporales. Cada color est\u00e1 especialmente elaborado para mantenerse rico, vibrante y fiel, haciendo que sus alfombras y piezas de arte realmente destaquen.  <\/p>\n<p>Fabricado con <strong>100% lana de Nueva Zelanda<\/strong>, este material naturalmente resistente reduce el aplanamiento y el desgaste, garantizando que sus creaciones personalizadas permanezcan hermosas y duraderas.<\/p>\n<p>Para los entusiastas del hilo: nuestra lana est\u00e1 <strong>hilada con n\u00facleo a 140 TPM<\/strong> con una <strong>composici\u00f3n de 837\/3 Tex<\/strong>, garantizando un flujo suave a trav\u00e9s de las m\u00e1quinas tufting sin atascos ni inconsistencias. Puede concentrarse en su dise\u00f1o, sabiendo que el hilo funciona sin esfuerzo con sus herramientas. <\/p>\n<p>Cada cono contiene <strong>500 gramos<\/strong> (aproximadamente 500 metros) de lana de alta calidad, proporcionando suficiente material para alimentar su creatividad. Como referencia, una <strong>alfombra de 80\u00d780 cm<\/strong> t\u00edpicamente requiere alrededor de <strong>1500 gramos<\/strong> de hilo. <\/p>\n<h2>\u00bfPor qu\u00e9 elegir hilo de lana premium?<\/h2>\n<ul>\n<li><strong>100% lana de oveja de Nueva Zelanda<\/strong> \u2013 Suave, duradera y naturalmente resistente.<\/li>\n<li><strong>Bienestar animal<\/strong> &#8211; Obtenida de granjas que respetan las Cinco Libertades del bienestar animal.<\/li>\n<li><strong>837\/3 Tex<\/strong> \u2013 Grosor perfecto para resultados suaves en tufting.<\/li>\n<li><strong>500 metros por cono<\/strong> \u2013 Excelente cobertura para sus proyectos.<\/li>\n<li><strong>Antipilling y antiest\u00e1tico<\/strong> \u2013 Previene la atracci\u00f3n de polvo, resiste la formaci\u00f3n de peque\u00f1as bolitas.<\/li>\n<li><strong>Fibras estrechamente tejidas<\/strong> \u2013 Reduce la p\u00e9rdida de fibras y mantiene su proceso de tufting libre de frustraciones.<\/li>\n<\/ul>\n\n<table id=\"tablepress-4\" class=\"tablepress tablepress-id-4\">\n<thead>\n<tr class=\"row-1\">\n\t<th class=\"column-1\">Specifications<\/th><td class=\"column-2\"><\/td>\n<\/tr>\n<\/thead>\n<tbody class=\"row-striping\">\n<tr class=\"row-2\">\n\t<td class=\"column-1\">Material<\/td><td class=\"column-2\">100% New Zealand Sheeps Wool<\/td>\n<\/tr>\n<tr class=\"row-3\">\n\t<td class=\"column-1\">Animal Welfare<\/td><td class=\"column-2\">Responsible Wool Standard (RWS)<\/td>\n<\/tr>\n<tr class=\"row-4\">\n\t<td class=\"column-1\">Properties<\/td><td class=\"column-2\">Anti-pilling, Anti-static, Mothproof<br \/>\n<\/td>\n<\/tr>\n<tr class=\"row-5\">\n\t<td class=\"column-1\">Compostition<\/td><td class=\"column-2\">Core spun at 140 TPM<\/td>\n<\/tr>\n<tr class=\"row-6\">\n\t<td class=\"column-1\">Weight<\/td><td class=\"column-2\">500 grams<\/td>\n<\/tr>\n<tr class=\"row-7\">\n\t<td class=\"column-1\">Length<\/td><td class=\"column-2\">~500 meters<\/td>\n<\/tr>\n<tr class=\"row-8\">\n\t<td class=\"column-1\">Tex<\/td><td class=\"column-2\">837\/3<\/td>\n<\/tr>\n<tr class=\"row-9\">\n\t<td class=\"column-1\">Needle Size<\/td><td class=\"column-2\">4mm<\/td>\n<\/tr>\n<tr class=\"row-10\">\n\t<td class=\"column-1\">Compatibility\t<\/td><td class=\"column-2\">Tufting, Knitting<\/td>\n<\/tr>\n<tr class=\"row-11\">\n\t<td class=\"column-1\">Coned?<\/td><td class=\"column-2\">Yes, cardboard cone<\/td>\n<\/tr>\n<\/tbody>\n<\/table>\n<!-- #tablepress-4 from cache -->\n<h2>Est\u00e1ndar de Lana Responsable<\/h2>\n<p>Nos preocupamos por el bienestar animal y las pr\u00e1cticas sostenibles de cultivo de la tierra. Por eso, nuestra lana 100% de Nueva Zelanda cumple con el Est\u00e1ndar de Lana Responsable (RWS). Esta certificaci\u00f3n garantiza que nuestra lana proviene de granjas que priorizan el trato \u00e9tico de las ovejas, asegurando que se respeten sus Cinco Libertades de bienestar animal. No solo est\u00e1 creando alfombras hermosas y duraderas, sino que tambi\u00e9n est\u00e1 apoyando pr\u00e1cticas sostenibles y amigables con los animales.   <\/p>\n<h2>Preguntas frecuentes<\/h2>\n<div class=\"accordion\">\n\n\t<div id=\"accordion-3279006177\" class=\"accordion-item\">\n\t\t<a id=\"accordion-3279006177-label\" class=\"accordion-title plain active\" href=\"#accordion-item-\u00bfpuedo-utilizar-este-hilo-de-lana-con-cualquier-m\u00e1quina-tufting?\" aria-expanded=\"true\" aria-controls=\"accordion-3279006177-content\">\n\t\t\t<button class=\"toggle\" aria-label=\"Toggle\"><i class=\"icon-angle-down\" aria-hidden=\"true\"><\/i><\/button>\n\t\t\t<span>\u00bfPuedo utilizar este hilo de lana con cualquier m\u00e1quina tufting?<\/span>\n\t\t<\/a>\n\t\t<div id=\"accordion-3279006177-content\" class=\"accordion-inner\" style=\"display: block;\" aria-labelledby=\"accordion-3279006177-label\">\n\t\t\t\n\n<p>Nuestro hilo est\u00e1 especialmente dise\u00f1ado para funcionar de manera impecable con las m\u00e1quinas tufting, incluyendo los modelos AK-1 y AK-V. Su composici\u00f3n de 837\/3 Tex le permite tejer con dos hebras simult\u00e1neamente sin obstruir el orificio de la aguja, garantizando una experiencia fluida y sin complicaciones. <\/p>\n\n\n\t\t<\/div>\n\t<\/div>\n\t\n\t<div id=\"accordion-798489861\" class=\"accordion-item\">\n\t\t<a id=\"accordion-798489861-label\" class=\"accordion-title plain\" href=\"#accordion-item-\u00bfqu\u00e9-cantidad-de-hilo-necesito-para-una-alfombra-tufting?\" aria-expanded=\"false\" aria-controls=\"accordion-798489861-content\">\n\t\t\t<button class=\"toggle\" aria-label=\"Toggle\"><i class=\"icon-angle-down\" aria-hidden=\"true\"><\/i><\/button>\n\t\t\t<span>\u00bfQu\u00e9 cantidad de hilo necesito para una alfombra tufting?<\/span>\n\t\t<\/a>\n\t\t<div id=\"accordion-798489861-content\" class=\"accordion-inner\" aria-labelledby=\"accordion-798489861-label\">\n\t\t\t\n\n<p>Para una alfombra de 50x50 cm, necesitar\u00e1 aproximadamente entre 500 y 700 gramos de hilo.<br> Para una alfombra de 150x200 cm, calcule aproximadamente entre 2 y 3 kilogramos de hilo.<\/p>\n<p>La cantidad exacta depende de su t\u00e9cnica de tufting. Factores como el espaciado entre l\u00edneas y la velocidad de tufting \u2014ya sea que est\u00e9 creando l\u00edneas densas o m\u00e1s espaciadas\u2014 pueden afectar el consumo de hilo. <\/p>\n\n\n\t\t<\/div>\n\t<\/div>\n\t\n\t<div id=\"accordion-1796233564\" class=\"accordion-item\">\n\t\t<a id=\"accordion-1796233564-label\" class=\"accordion-title plain\" href=\"#accordion-item-\u00bfc\u00f3mo-debo-limpiar-mi-alfombra-de-lana-tufting?\" aria-expanded=\"false\" aria-controls=\"accordion-1796233564-content\">\n\t\t\t<button class=\"toggle\" aria-label=\"Toggle\"><i class=\"icon-angle-down\" aria-hidden=\"true\"><\/i><\/button>\n\t\t\t<span>\u00bfC\u00f3mo debo limpiar mi alfombra de lana tufting?<\/span>\n\t\t<\/a>\n\t\t<div id=\"accordion-1796233564-content\" class=\"accordion-inner\" aria-labelledby=\"accordion-1796233564-label\">\n\t\t\t\n\n<p>Nuestra lana puede soportar la humedad; simplemente permita que se seque al aire de forma natural. Para derrames como caf\u00e9, limpie suavemente la zona afectada con un detergente suave y agua fr\u00eda. Para mantener su alfombra suave y duradera, evite el lavado a m\u00e1quina y nunca utilice una secadora, ya que el calor puede provocar encogimiento.  <\/p>\n\n\n\t\t<\/div>\n\t<\/div>\n\t\n\t<div id=\"accordion-2864058913\" class=\"accordion-item\">\n\t\t<a id=\"accordion-2864058913-label\" class=\"accordion-title plain\" href=\"#accordion-item-\u00bfpor-qu\u00e9-elegir-hilo-de-lana-100%-para-tufting?\" aria-expanded=\"false\" aria-controls=\"accordion-2864058913-content\">\n\t\t\t<button class=\"toggle\" aria-label=\"Toggle\"><i class=\"icon-angle-down\" aria-hidden=\"true\"><\/i><\/button>\n\t\t\t<span>\u00bfPor qu\u00e9 elegir hilo de lana 100% para tufting?<\/span>\n\t\t<\/a>\n\t\t<div id=\"accordion-2864058913-content\" class=\"accordion-inner\" aria-labelledby=\"accordion-2864058913-label\">\n\t\t\t\n\n<p>Nuestro hilo de lana 100% de Nueva Zelanda es la elecci\u00f3n \u00f3ptima para tufting: duradero, suave y completamente compatible tanto con m\u00e1quinas de pelo cortado como de bucle.<\/p>\n<p>Ya sea que est\u00e9 creando piezas art\u00edsticas o trabajos por encargo destinados a perdurar, la lana supera al acr\u00edlico al mantener su resistencia, color vibrante y calidad a lo largo del tiempo, sin riesgo de rotura o decoloraci\u00f3n.<\/p>\n\n\n\t\t<\/div>\n\t<\/div>\n\t\n\t<div id=\"accordion-3478133465\" class=\"accordion-item\">\n\t\t<a id=\"accordion-3478133465-label\" class=\"accordion-title plain\" href=\"#accordion-item-\u00bfel-hilo-es-resistente-a-la-decoloraci\u00f3n?\" aria-expanded=\"false\" aria-controls=\"accordion-3478133465-content\">\n\t\t\t<button class=\"toggle\" aria-label=\"Toggle\"><i class=\"icon-angle-down\" aria-hidden=\"true\"><\/i><\/button>\n\t\t\t<span>\u00bfEl hilo es resistente a la decoloraci\u00f3n?<\/span>\n\t\t<\/a>\n\t\t<div id=\"accordion-3478133465-content\" class=\"accordion-inner\" aria-labelledby=\"accordion-3478133465-label\">\n\t\t\t\n\n<p>\u00a1Afirmativo! Nuestro hilo es resistente a la decoloraci\u00f3n y est\u00e1 especialmente dise\u00f1ado para conservar su color rico y vibrante a lo largo del tiempo, incluso con un uso regular. Sus creaciones tufting mantendr\u00e1n un aspecto fresco y brillante durante a\u00f1os.  <\/p>\n\n\n\t\t<\/div>\n\t<\/div>\n\t\n\n<\/div>\n","protected":false},"excerpt":{"rendered":"<p>Experimente la textura y el tono de cada uno de nuestros 52 hilos de lana para tufting en persona, asegur\u00e1ndose de elegir los tonos perfectos con confianza. Tonos audaces, tonos sutiles o cualquier punto intermedio. <\/p>\n<p>Si\u00e9ntalo. V\u00e9alo. Cree con confianza.  <\/p>\n","protected":false},"featured_media":46536,"template":"","meta":[],"product_brand":[],"product_cat":[451],"product_tag":[],"class_list":{"0":"post-47789","1":"product","2":"type-product","3":"status-publish","4":"has-post-thumbnail","6":"product_cat-hilo","8":"first","9":"instock","10":"sold-individually","11":"taxable","12":"shipping-taxable","13":"purchasable","14":"product-type-simple"},"_links":{"self":[{"href":"https:\/\/tuftingeurope.com\/es\/wp-json\/wp\/v2\/product\/47789","targetHints":{"allow":["GET"]}}],"collection":[{"href":"https:\/\/tuftingeurope.com\/es\/wp-json\/wp\/v2\/product"}],"about":[{"href":"https:\/\/tuftingeurope.com\/es\/wp-json\/wp\/v2\/types\/product"}],"wp:featuredmedia":[{"embeddable":true,"href":"https:\/\/tuftingeurope.com\/es\/wp-json\/wp\/v2\/media\/46536"}],"wp:attachment":[{"href":"https:\/\/tuftingeurope.com\/es\/wp-json\/wp\/v2\/media?parent=47789"}],"wp:term":[{"taxonomy":"product_brand","embeddable":true,"href":"https:\/\/tuftingeurope.com\/es\/wp-json\/wp\/v2\/product_brand?post=47789"},{"taxonomy":"product_cat","embeddable":true,"href":"https:\/\/tuftingeurope.com\/es\/wp-json\/wp\/v2\/product_cat?post=47789"},{"taxonomy":"product_tag","embeddable":true,"href":"https:\/\/tuftingeurope.com\/es\/wp-json\/wp\/v2\/product_tag?post=47789"}],"curies":[{"name":"wp","href":"https:\/\/api.w.org\/{rel}","templated":true}]}}