{"id":48851,"date":"2024-10-07T03:28:47","date_gmt":"2024-10-07T01:28:47","guid":{"rendered":"https:\/\/tuftingeurope.com\/product\/super-blue-500-g-wool-tufting-yarn\/"},"modified":"2026-02-11T17:01:22","modified_gmt":"2026-02-11T16:01:22","slug":"super-blue-tufting-yarn-500g-wool","status":"publish","type":"product","link":"https:\/\/tuftingeurope.com\/es\/producto\/super-blue-tufting-yarn-500g-wool\/","title":{"rendered":"Super Blue 500 g Lana Hilo para tufting"},"content":{"rendered":"<h2>D\u00e9 vida a sus dise\u00f1os con 52 colores vibrantes<\/h2>\n<p>El hilo de la m\u00e1s alta calidad para artistas de tufting. Nuestro hilo de lana premium 100% de Nueva Zelanda est\u00e1 ahora disponible en 52 hermosos colores, que van desde tonos vibrantes y audaces hasta tonos suaves y cl\u00e1sicos.  Dise\u00f1ado para mantener su riqueza y autenticidad a lo largo del tiempo, sus alfombras y obras de arte destacar\u00e1n y perdurar\u00e1n toda una vida.<\/p>\n<p>&nbsp;<\/p>\n<h2>\u00bfPor qu\u00e9 elegir hilo de lana premium?<\/h2>\n<ul>\n<li><strong>100% lana de oveja de Nueva Zelanda<\/strong> \u2013 Suave, duradera y naturalmente resistente.<\/li>\n<li><strong>Bienestar animal<\/strong> &#8211; Obtenida de granjas que respetan las Cinco Libertades del bienestar animal.<\/li>\n<li><strong>837\/3 Tex<\/strong> \u2013 Grosor perfecto para resultados suaves en tufting.<\/li>\n<li><strong>500 metros por cono<\/strong> \u2013 Excelente cobertura para sus proyectos.<\/li>\n<li><strong>Antipilling y antiest\u00e1tico<\/strong> \u2013 Previene la atracci\u00f3n de polvo, resiste la formaci\u00f3n de peque\u00f1as bolitas.<\/li>\n<li><strong>Fibras estrechamente tejidas<\/strong> \u2013 Reduce la p\u00e9rdida de fibras y mantiene su proceso de tufting libre de frustraciones.<\/li>\n<\/ul>\n<p>&nbsp;<\/p>\n\n<table id=\"tablepress-4\" class=\"tablepress tablepress-id-4\">\n<thead>\n<tr class=\"row-1\">\n\t<th class=\"column-1\">Specifications<\/th><td class=\"column-2\"><\/td>\n<\/tr>\n<\/thead>\n<tbody class=\"row-striping\">\n<tr class=\"row-2\">\n\t<td class=\"column-1\">Material<\/td><td class=\"column-2\">100% New Zealand Sheeps Wool<\/td>\n<\/tr>\n<tr class=\"row-3\">\n\t<td class=\"column-1\">Animal Welfare<\/td><td class=\"column-2\">Responsible Wool Standard (RWS)<\/td>\n<\/tr>\n<tr class=\"row-4\">\n\t<td class=\"column-1\">Properties<\/td><td class=\"column-2\">Anti-pilling, Anti-static, Mothproof<br \/>\n<\/td>\n<\/tr>\n<tr class=\"row-5\">\n\t<td class=\"column-1\">Compostition<\/td><td class=\"column-2\">Core spun at 140 TPM<\/td>\n<\/tr>\n<tr class=\"row-6\">\n\t<td class=\"column-1\">Weight<\/td><td class=\"column-2\">500 grams<\/td>\n<\/tr>\n<tr class=\"row-7\">\n\t<td class=\"column-1\">Length<\/td><td class=\"column-2\">~500 meters<\/td>\n<\/tr>\n<tr class=\"row-8\">\n\t<td class=\"column-1\">Tex<\/td><td class=\"column-2\">837\/3<\/td>\n<\/tr>\n<tr class=\"row-9\">\n\t<td class=\"column-1\">Needle Size<\/td><td class=\"column-2\">4mm<\/td>\n<\/tr>\n<tr class=\"row-10\">\n\t<td class=\"column-1\">Compatibility\t<\/td><td class=\"column-2\">Tufting, Knitting<\/td>\n<\/tr>\n<tr class=\"row-11\">\n\t<td class=\"column-1\">Coned?<\/td><td class=\"column-2\">Yes, cardboard cone<\/td>\n<\/tr>\n<\/tbody>\n<\/table>\n<!-- #tablepress-4 from cache -->\n<p>&nbsp;<\/p>\n<h2>Est\u00e1ndar de Lana Responsable <img decoding=\"async\" class=\"wp-image-49958 alignnone\" src=\"https:\/\/tuftingeurope.com\/wp-content\/uploads\/2024\/10\/rws-logo.png\" alt=\"\" width=\"35\" height=\"35\" title=\"\" srcset=\"https:\/\/tuftingeurope.com\/wp-content\/uploads\/2024\/10\/rws-logo.png 480w, https:\/\/tuftingeurope.com\/wp-content\/uploads\/2024\/10\/rws-logo-300x300.png 300w, https:\/\/tuftingeurope.com\/wp-content\/uploads\/2024\/10\/rws-logo-150x150.png 150w, https:\/\/tuftingeurope.com\/wp-content\/uploads\/2024\/10\/rws-logo-360x360.png 360w, https:\/\/tuftingeurope.com\/wp-content\/uploads\/2024\/10\/rws-logo-100x100.png 100w, https:\/\/tuftingeurope.com\/wp-content\/uploads\/2024\/10\/rws-logo-80x80.png 80w\" sizes=\"(max-width: 35px) 100vw, 35px\" \/><\/h2>\n<p>Creemos en la lana de calidad obtenida de manera responsable. Nuestra lana 100% de Nueva Zelanda est\u00e1 certificada por el Est\u00e1ndar de Lana Responsable (RWS, por sus siglas en ingl\u00e9s), garantizando que proviene de granjas que cuidan de sus ovejas y del medio ambiente. Esto significa un trato \u00e9tico de los animales y una gesti\u00f3n sostenible de la tierra en la que puede confiar.  <\/p>\n<p>Al elegir nuestra lana, no solo est\u00e1 creando hermosas alfombras duraderas de la m\u00e1s alta calidad, sino que tambi\u00e9n est\u00e1 apoyando mejores pr\u00e1cticas agr\u00edcolas.<\/p>\n<p>&nbsp;<\/p>\n<h2>Preguntas frecuentes<\/h2>\n<div class=\"accordion\">\n\n\t<div id=\"accordion-2857994419\" class=\"accordion-item\">\n\t\t<a id=\"accordion-2857994419-label\" class=\"accordion-title plain active\" href=\"#accordion-item-\u00bfpuedo-utilizar-este-hilo-de-lana-con-cualquier-m\u00e1quina-tufting?\" aria-expanded=\"true\" aria-controls=\"accordion-2857994419-content\">\n\t\t\t<button class=\"toggle\" aria-label=\"Toggle\"><i class=\"icon-angle-down\" aria-hidden=\"true\"><\/i><\/button>\n\t\t\t<span>\u00bfPuedo utilizar este hilo de lana con cualquier m\u00e1quina tufting?<\/span>\n\t\t<\/a>\n\t\t<div id=\"accordion-2857994419-content\" class=\"accordion-inner\" style=\"display: block;\" aria-labelledby=\"accordion-2857994419-label\">\n\t\t\t\n\n<p>Nuestro hilo est\u00e1 especialmente dise\u00f1ado para funcionar de manera impecable con las m\u00e1quinas tufting, incluyendo los modelos AK-1 y AK-V. Su composici\u00f3n de 837\/3 Tex le permite tejer con dos hebras simult\u00e1neamente sin obstruir el orificio de la aguja, garantizando una experiencia fluida y sin complicaciones. <\/p>\n\n\n\t\t<\/div>\n\t<\/div>\n\t\n\t<div id=\"accordion-599323613\" class=\"accordion-item\">\n\t\t<a id=\"accordion-599323613-label\" class=\"accordion-title plain\" href=\"#accordion-item-\u00bfqu\u00e9-cantidad-de-hilo-necesito-para-una-alfombra-tufting?\" aria-expanded=\"false\" aria-controls=\"accordion-599323613-content\">\n\t\t\t<button class=\"toggle\" aria-label=\"Toggle\"><i class=\"icon-angle-down\" aria-hidden=\"true\"><\/i><\/button>\n\t\t\t<span>\u00bfQu\u00e9 cantidad de hilo necesito para una alfombra tufting?<\/span>\n\t\t<\/a>\n\t\t<div id=\"accordion-599323613-content\" class=\"accordion-inner\" aria-labelledby=\"accordion-599323613-label\">\n\t\t\t\n\n<p>Para una alfombra de 50x50 cm, necesitar\u00e1 aproximadamente entre 500 y 700 gramos de hilo.<br> Para una alfombra de 150x200 cm, calcule aproximadamente entre 2 y 3 kilogramos de hilo.<\/p>\n<p>La cantidad exacta depende de su t\u00e9cnica de tufting. Factores como el espaciado entre l\u00edneas y la velocidad de tufting \u2014ya sea que est\u00e9 creando l\u00edneas densas o m\u00e1s espaciadas\u2014 pueden afectar el consumo de hilo. <\/p>\n\n\n\t\t<\/div>\n\t<\/div>\n\t\n\t<div id=\"accordion-400969335\" class=\"accordion-item\">\n\t\t<a id=\"accordion-400969335-label\" class=\"accordion-title plain\" href=\"#accordion-item-\u00bfc\u00f3mo-debo-limpiar-mi-alfombra-de-lana-tufting?\" aria-expanded=\"false\" aria-controls=\"accordion-400969335-content\">\n\t\t\t<button class=\"toggle\" aria-label=\"Toggle\"><i class=\"icon-angle-down\" aria-hidden=\"true\"><\/i><\/button>\n\t\t\t<span>\u00bfC\u00f3mo debo limpiar mi alfombra de lana tufting?<\/span>\n\t\t<\/a>\n\t\t<div id=\"accordion-400969335-content\" class=\"accordion-inner\" aria-labelledby=\"accordion-400969335-label\">\n\t\t\t\n\n<p>Nuestra lana puede soportar la humedad; simplemente permita que se seque al aire de forma natural. Para derrames como caf\u00e9, limpie suavemente la zona afectada con un detergente suave y agua fr\u00eda. Para mantener su alfombra suave y duradera, evite el lavado a m\u00e1quina y nunca utilice una secadora, ya que el calor puede provocar encogimiento.  <\/p>\n\n\n\t\t<\/div>\n\t<\/div>\n\t\n\t<div id=\"accordion-2513702369\" class=\"accordion-item\">\n\t\t<a id=\"accordion-2513702369-label\" class=\"accordion-title plain\" href=\"#accordion-item-\u00bfpor-qu\u00e9-elegir-hilo-de-lana-100%-para-tufting?\" aria-expanded=\"false\" aria-controls=\"accordion-2513702369-content\">\n\t\t\t<button class=\"toggle\" aria-label=\"Toggle\"><i class=\"icon-angle-down\" aria-hidden=\"true\"><\/i><\/button>\n\t\t\t<span>\u00bfPor qu\u00e9 elegir hilo de lana 100% para tufting?<\/span>\n\t\t<\/a>\n\t\t<div id=\"accordion-2513702369-content\" class=\"accordion-inner\" aria-labelledby=\"accordion-2513702369-label\">\n\t\t\t\n\n<p>Nuestro hilo de lana 100% de Nueva Zelanda es la elecci\u00f3n \u00f3ptima para tufting: duradero, suave y completamente compatible tanto con m\u00e1quinas de pelo cortado como de bucle.<\/p>\n<p>Ya sea que est\u00e9 creando piezas art\u00edsticas o trabajos por encargo destinados a perdurar, la lana supera al acr\u00edlico al mantener su resistencia, color vibrante y calidad a lo largo del tiempo, sin riesgo de rotura o decoloraci\u00f3n.<\/p>\n\n\n\t\t<\/div>\n\t<\/div>\n\t\n\t<div id=\"accordion-4260322994\" class=\"accordion-item\">\n\t\t<a id=\"accordion-4260322994-label\" class=\"accordion-title plain\" href=\"#accordion-item-\u00bfel-hilo-es-resistente-a-la-decoloraci\u00f3n?\" aria-expanded=\"false\" aria-controls=\"accordion-4260322994-content\">\n\t\t\t<button class=\"toggle\" aria-label=\"Toggle\"><i class=\"icon-angle-down\" aria-hidden=\"true\"><\/i><\/button>\n\t\t\t<span>\u00bfEl hilo es resistente a la decoloraci\u00f3n?<\/span>\n\t\t<\/a>\n\t\t<div id=\"accordion-4260322994-content\" class=\"accordion-inner\" aria-labelledby=\"accordion-4260322994-label\">\n\t\t\t\n\n<p>\u00a1Afirmativo! Nuestro hilo es resistente a la decoloraci\u00f3n y est\u00e1 especialmente dise\u00f1ado para conservar su color rico y vibrante a lo largo del tiempo, incluso con un uso regular. Sus creaciones tufting mantendr\u00e1n un aspecto fresco y brillante durante a\u00f1os.  <\/p>\n\n\n\t\t<\/div>\n\t<\/div>\n\t\n\n<\/div>\n","protected":false},"excerpt":{"rendered":"<p>Super Blue es un azul v\u00edvido y aut\u00e9ntico que funciona maravillosamente para alfombras con tem\u00e1tica oce\u00e1nica, dise\u00f1os inspirados en el cielo o piezas llamativas y audaces.<\/p>\n<p>Hilo tufting 100% lana de Nueva Zelanda \u2013 duradero, resistente al pilling y de flujo suave. Su tono natural y rico aporta calidez y elegancia a sus proyectos de alfombras y arte tufting. <\/p>\n","protected":false},"featured_media":48220,"template":"","meta":[],"product_brand":[],"product_cat":[451],"product_tag":[],"class_list":{"0":"post-48851","1":"product","2":"type-product","3":"status-publish","4":"has-post-thumbnail","6":"product_cat-hilo","8":"first","9":"instock","10":"taxable","11":"shipping-taxable","12":"purchasable","13":"product-type-simple"},"_links":{"self":[{"href":"https:\/\/tuftingeurope.com\/es\/wp-json\/wp\/v2\/product\/48851","targetHints":{"allow":["GET"]}}],"collection":[{"href":"https:\/\/tuftingeurope.com\/es\/wp-json\/wp\/v2\/product"}],"about":[{"href":"https:\/\/tuftingeurope.com\/es\/wp-json\/wp\/v2\/types\/product"}],"wp:featuredmedia":[{"embeddable":true,"href":"https:\/\/tuftingeurope.com\/es\/wp-json\/wp\/v2\/media\/48220"}],"wp:attachment":[{"href":"https:\/\/tuftingeurope.com\/es\/wp-json\/wp\/v2\/media?parent=48851"}],"wp:term":[{"taxonomy":"product_brand","embeddable":true,"href":"https:\/\/tuftingeurope.com\/es\/wp-json\/wp\/v2\/product_brand?post=48851"},{"taxonomy":"product_cat","embeddable":true,"href":"https:\/\/tuftingeurope.com\/es\/wp-json\/wp\/v2\/product_cat?post=48851"},{"taxonomy":"product_tag","embeddable":true,"href":"https:\/\/tuftingeurope.com\/es\/wp-json\/wp\/v2\/product_tag?post=48851"}],"curies":[{"name":"wp","href":"https:\/\/api.w.org\/{rel}","templated":true}]}}