{"id":57689,"date":"2025-08-18T09:58:49","date_gmt":"2025-08-18T07:58:49","guid":{"rendered":"https:\/\/tuftingeurope.com\/?post_type=product&#038;p=57689"},"modified":"2025-08-20T20:01:56","modified_gmt":"2025-08-20T18:01:56","slug":"duckbill-napping-shears-left-handed","status":"publish","type":"product","link":"https:\/\/tuftingeurope.com\/es\/producto\/duckbill-napping-shears-left-handed\/","title":{"rendered":"Tijeras de trasquilado de pico de pato &#8211; para zurdos"},"content":{"rendered":"<p>Las tijeras para cortar hilos de pico de pato se utilizan para recortar hilos sueltos. A diferencia de las tijeras normales, las tijeras Duckbill cuentan con un mango curvado que mantiene los dedos a distancia mientras la hoja se asienta cerca de la superficie para un recorte preciso y nivelado.<\/p>\n<h2>Cuchillas de corte de precisi\u00f3n<\/h2>\n<p>Ideal para recortar las imperfecciones de las alfombras, como las puntas manchadas o sueltas.<\/p>\n<h2>Empu\u00f1adura desplazada para evitar el desgarro<\/h2>\n<p>El mango desplazado evita que se produzcan cortes accidentales al dormir la siesta.<\/p>\n<h2>Cuchilla de pico de pato para un recorte uniforme y nivelado<\/h2>\n<p>La cuchilla de pico de pato queda plana contra el suelo para un recorte uniforme.<\/p>\n<h2>Cuchillas de acero de alto carbono de 2&#8243;.<\/h2>\n<p>Las cuchillas est\u00e1n fabricadas con acero de alto carbono de la mejor calidad para una mayor durabilidad.<\/p>\n<h2>Dise\u00f1ado para facilitar el recorte<\/h2>\n<p>Dise\u00f1o angular especial para facilitar el recorte y mangos acolchados y recubiertos de vinilo para mayor comodidad.<\/p>\n","protected":false},"excerpt":{"rendered":"<p>Estas tijeras de siesta de pico de pato son ideales para recortar las imperfecciones de las alfombras y los hilos sueltos gracias a su forma. Al detallar una alfombra, el uso de las tijeras de siesta de pico de pato le ayudar\u00e1 a dar ese aspecto profesional.<\/p>\n<p>Con precisi\u00f3n y un afilado inigualable, estas tijeras pueden cortar f\u00e1cilmente alfombras sint\u00e9ticas, naturales, de lana y de poli\u00e9ster. El mango desplazado evita que se produzcan cortes accidentales en las esquinas y el dise\u00f1o especial del bigote le ayuda a cortar en plano contra el suelo para obtener resultados de recorte uniformes.<\/p>\n","protected":false},"featured_media":74273,"template":"","meta":[],"product_brand":[],"product_cat":[172],"product_tag":[],"class_list":{"0":"post-57689","1":"product","2":"type-product","3":"status-publish","4":"has-post-thumbnail","6":"product_cat-accesorios","8":"first","9":"instock","10":"taxable","11":"shipping-taxable","12":"purchasable","13":"product-type-simple"},"_links":{"self":[{"href":"https:\/\/tuftingeurope.com\/es\/wp-json\/wp\/v2\/product\/57689","targetHints":{"allow":["GET"]}}],"collection":[{"href":"https:\/\/tuftingeurope.com\/es\/wp-json\/wp\/v2\/product"}],"about":[{"href":"https:\/\/tuftingeurope.com\/es\/wp-json\/wp\/v2\/types\/product"}],"wp:featuredmedia":[{"embeddable":true,"href":"https:\/\/tuftingeurope.com\/es\/wp-json\/wp\/v2\/media\/74273"}],"wp:attachment":[{"href":"https:\/\/tuftingeurope.com\/es\/wp-json\/wp\/v2\/media?parent=57689"}],"wp:term":[{"taxonomy":"product_brand","embeddable":true,"href":"https:\/\/tuftingeurope.com\/es\/wp-json\/wp\/v2\/product_brand?post=57689"},{"taxonomy":"product_cat","embeddable":true,"href":"https:\/\/tuftingeurope.com\/es\/wp-json\/wp\/v2\/product_cat?post=57689"},{"taxonomy":"product_tag","embeddable":true,"href":"https:\/\/tuftingeurope.com\/es\/wp-json\/wp\/v2\/product_tag?post=57689"}],"curies":[{"name":"wp","href":"https:\/\/api.w.org\/{rel}","templated":true}]}}