{"id":6482,"date":"2021-10-27T12:17:36","date_gmt":"2021-10-27T10:17:36","guid":{"rendered":"https:\/\/tuftingeurope.com\/product\/bobinadora-de-hilo-de-alta-resistencia\/"},"modified":"2025-11-27T16:15:50","modified_gmt":"2025-11-27T15:15:50","slug":"bobinador-de-hilo-metalico-de-alta-resistencia","status":"publish","type":"product","link":"https:\/\/tuftingeurope.com\/es\/producto\/bobinador-de-hilo-metalico-de-alta-resistencia\/","title":{"rendered":"Bobinadora de hilo met\u00e1lica resistente"},"content":{"rendered":"<p>Crea pasteles de hilo perfectos con nuestro devanador de hilo met\u00e1lico de alta resistencia. No tendr\u00e1 que detenerse para sacar m\u00e1s hilo de su ovillo ni lidiar con los v\u00f3mitos de hilo de un tir\u00f3n central apretado nunca m\u00e1s.<\/p>\n<p>Basta con fijar el hilo al cono de pl\u00e1stico y hacer girar el mango a una velocidad constante. El devanador de hilo se devanar\u00e1 desde el centro. S\u00f3lo tienes que sujetar la devanadora de hilo a una superficie estable, como una mesa, colocar el hilo e hilar tus pasteles de hilo.<\/p>\n","protected":false},"excerpt":{"rendered":"<p>Enrolla tortas de hilo perfectas con nuestro resistente Enrollador de hilo met\u00e1lico. Se acabaron los v\u00f3mitos de hilo y las pausas para tirar m\u00e1s hilo. S\u00f3lo tienes que fijarlo a un cono de pl\u00e1stico y hacerlo girar. Suj\u00e9tala sobre una superficie estable para obtener mejores resultados. Los engranajes r\u00e1pidos y la estructura de hierro hacen que la bobinadora sea m\u00e1s duradera y funcione 3 veces m\u00e1s r\u00e1pido que las de pl\u00e1stico.<\/p>\n","protected":false},"featured_media":38021,"template":"","meta":[],"product_brand":[],"product_cat":[172],"product_tag":[],"class_list":{"0":"post-6482","1":"product","2":"type-product","3":"status-publish","4":"has-post-thumbnail","6":"product_cat-accesorios","8":"first","9":"outofstock","10":"taxable","11":"shipping-taxable","12":"purchasable","13":"product-type-simple"},"_links":{"self":[{"href":"https:\/\/tuftingeurope.com\/es\/wp-json\/wp\/v2\/product\/6482","targetHints":{"allow":["GET"]}}],"collection":[{"href":"https:\/\/tuftingeurope.com\/es\/wp-json\/wp\/v2\/product"}],"about":[{"href":"https:\/\/tuftingeurope.com\/es\/wp-json\/wp\/v2\/types\/product"}],"wp:featuredmedia":[{"embeddable":true,"href":"https:\/\/tuftingeurope.com\/es\/wp-json\/wp\/v2\/media\/38021"}],"wp:attachment":[{"href":"https:\/\/tuftingeurope.com\/es\/wp-json\/wp\/v2\/media?parent=6482"}],"wp:term":[{"taxonomy":"product_brand","embeddable":true,"href":"https:\/\/tuftingeurope.com\/es\/wp-json\/wp\/v2\/product_brand?post=6482"},{"taxonomy":"product_cat","embeddable":true,"href":"https:\/\/tuftingeurope.com\/es\/wp-json\/wp\/v2\/product_cat?post=6482"},{"taxonomy":"product_tag","embeddable":true,"href":"https:\/\/tuftingeurope.com\/es\/wp-json\/wp\/v2\/product_tag?post=6482"}],"curies":[{"name":"wp","href":"https:\/\/api.w.org\/{rel}","templated":true}]}}