{"id":6486,"date":"2021-10-27T11:29:52","date_gmt":"2021-10-27T09:29:52","guid":{"rendered":"https:\/\/tuftingeurope.com\/product\/cortadora-de-alfombras-de-madera-de-palisandro-200w\/"},"modified":"2026-03-13T15:34:38","modified_gmt":"2026-03-13T14:34:38","slug":"alicates-para-tallar-alfombras","status":"publish","type":"product","link":"https:\/\/tuftingeurope.com\/es\/producto\/alicates-para-tallar-alfombras\/","title":{"rendered":"Afeitadoras y Talladoras de Alfombras"},"content":{"rendered":"\n\t<section class=\"section\" id=\"section_931747455\">\n\t\t<div class=\"section-bg fill\" >\n\t\t\t\t\t\t\t<div class=\"video-overlay no-click fill visible\"><\/div>\n\t<video class=\"video-bg fill visible\" preload playsinline autoplay muted loop>\n\t\t<source src=\"https:\/\/tuftingeurope.com\/wp-content\/uploads\/2024\/08\/shaving-example.mp4\" type=\"video\/mp4\">\t<\/video>\n\t\t\t\n\t\t\t\n\n\t\t<\/div>\n\n\t\t\n\n\t\t<div class=\"section-content relative\">\n\t\t\t\n\n\t\t<\/div>\n\n\t\t\n<style>\n#section_931747455 {\n  padding-top: 30px;\n  padding-bottom: 30px;\n  min-height: 400px;\n}\n@media (min-width:550px) {\n  #section_931747455 {\n    min-height: 500px;\n  }\n}\n<\/style>\n\t<\/section>\n\t\n<h2>Dale el toque final a tus alfombras.<\/h2>\n<p>Los cortaalfombras son populares entre los tufters de todo el mundo. El mango de madera es c\u00f3modo de manejar, y tiene un agarre firme, para que pueda tallar peque\u00f1os detalles. Con su regulador de velocidad, estas maquinillas pueden alcanzar hasta 6.000 revoluciones por minuto. Esto facilita la creaci\u00f3n de los finos detalles necesarios para tu dise\u00f1o. Recomendamos estas maquinillas para los fabricantes de alfombras.<\/p>\n<p>Te aconsejamos que primero afeites todas las impurezas que sobresalgan. Esto ya le da un aspecto acabado. Despu\u00e9s, puedes dar forma a los bordes de los colores en \u00e1ngulo. Dando profundidad a sus dise\u00f1os.<\/p>\n<h2>Resultados tras el afeitado y el tallado.<\/h2>\n<p><img fetchpriority=\"high\" decoding=\"async\" class=\"aligncenter wp-image-29585 size-full\" src=\"https:\/\/tuftingeurope.com\/wp-content\/uploads\/2021\/10\/carved-rug.gif\" alt=\"\" width=\"1280\" height=\"720\" title=\"\"><\/p>\n<h2>Qu\u00e9 incluye.<\/h2>\n<p>1 x cortadora el\u00e9ctrica<br \/>\n1 x cable de alimentaci\u00f3n.<br \/>\n1 cuchilla de corte adicional<br \/>\n2 peines<br \/>\n1 cepillo de limpieza<br \/>\n1 manual del usuario<br \/>\n1 estuche<\/p>\n<p>No contiene aceite debido a la normativa de importaci\u00f3n.<\/p>\n<h2>Mantenimiento.<\/h2>\n<p>La hoja es desmontable para facilitar su limpieza. Para mantener tu cortaalfombras en perfecto estado de funcionamiento, cepilla el hilo despu\u00e9s de usarlo. Separe el elemento de cizallamiento para eliminar el hilo oculto detr\u00e1s de las cuchillas.<\/p>\n<p>Recomendamos engrasar peri\u00f3dicamente las cuchillas con aceite para maquinillas para reducir la fricci\u00f3n. Nuestro aceite para m\u00e1quinas de coser tambi\u00e9n se puede utilizar en las maquinillas, ya que es el mismo aceite que se utiliza para lubricar las m\u00e1quinas de coser.<\/p>\n<h2>Soporte Gu\u00eda para Alicates para Tallar Alfombras.<\/h2>\n<p>Recomendamos cualquiera de nuestras gu\u00edas de afeitado, ya que estas sostienen la cortadora de tallado de alfombras en un \u00e1ngulo y altura espec\u00edficos, lo que ayuda a garantizar que los cortes realizados en el pelo tufted sean rectos y uniformes.<\/p>\n","protected":false},"excerpt":{"rendered":"<p>Da a tus alfombras de pelo cortado ese aspecto limpio y n\u00edtido afeit\u00e1ndolas y tall\u00e1ndolas con nuestras recortadoras. Perfecto para tallar bordes y contornos, dar profundidad a tus l\u00edneas y hacer que tus alfombras llamen la atenci\u00f3n.<\/p>\n","protected":false},"featured_media":37936,"template":"","meta":[],"product_brand":[],"product_cat":[172],"product_tag":[],"class_list":{"0":"post-6486","1":"product","2":"type-product","3":"status-publish","4":"has-post-thumbnail","6":"product_cat-accesorios","8":"first","9":"instock","10":"taxable","11":"shipping-taxable","12":"purchasable","13":"product-type-simple"},"_links":{"self":[{"href":"https:\/\/tuftingeurope.com\/es\/wp-json\/wp\/v2\/product\/6486","targetHints":{"allow":["GET"]}}],"collection":[{"href":"https:\/\/tuftingeurope.com\/es\/wp-json\/wp\/v2\/product"}],"about":[{"href":"https:\/\/tuftingeurope.com\/es\/wp-json\/wp\/v2\/types\/product"}],"wp:featuredmedia":[{"embeddable":true,"href":"https:\/\/tuftingeurope.com\/es\/wp-json\/wp\/v2\/media\/37936"}],"wp:attachment":[{"href":"https:\/\/tuftingeurope.com\/es\/wp-json\/wp\/v2\/media?parent=6486"}],"wp:term":[{"taxonomy":"product_brand","embeddable":true,"href":"https:\/\/tuftingeurope.com\/es\/wp-json\/wp\/v2\/product_brand?post=6486"},{"taxonomy":"product_cat","embeddable":true,"href":"https:\/\/tuftingeurope.com\/es\/wp-json\/wp\/v2\/product_cat?post=6486"},{"taxonomy":"product_tag","embeddable":true,"href":"https:\/\/tuftingeurope.com\/es\/wp-json\/wp\/v2\/product_tag?post=6486"}],"curies":[{"name":"wp","href":"https:\/\/api.w.org\/{rel}","templated":true}]}}