{"id":6955,"date":"2021-11-01T10:03:32","date_gmt":"2021-11-01T09:03:32","guid":{"rendered":"https:\/\/tuftingeurope.com\/product\/eurol-aceite-para-maquinas-de-coser-para-pistolas-de-mechones-100ml\/"},"modified":"2026-03-13T15:16:35","modified_gmt":"2026-03-13T14:16:35","slug":"eurol-sewing-machine-oil-for-tufting-guns-100ml","status":"publish","type":"product","link":"https:\/\/tuftingeurope.com\/es\/producto\/eurol-sewing-machine-oil-for-tufting-guns-100ml\/","title":{"rendered":"Eurol\u00ae Aceite para M\u00e1quinas de Coser para Pistolas de Tufting 100ml"},"content":{"rendered":"<p>Estamos orgullosos de ofrecer el excelente aceite para m\u00e1quinas de coser de Eurol\u00ae. Aceite mineral de alto rendimiento para todos los puntos de lubricaci\u00f3n de todas las marcas de m\u00e1quinas de coser.<\/p>\n","protected":false},"excerpt":{"rendered":"<p>Eurol\u00ae es excelente para tufting machines, ya que el aceite lubrica sin manchar ni emitir olores, manteniendo sus alfombras limpias. Es un lubricante libre de \u00e1cidos basado en aceite paraf\u00ednico que lubrica todas las partes vulnerables de su m\u00e1quina tufting, manteni\u00e9ndolas libres de fricci\u00f3n y calor. <\/p>\n<p>Cepilla el hilo de la m\u00e1quina y pon una gota de aceite en las barras met\u00e1licas y en los agujeros de las correderas blancas cada 2 horas.<\/p>\n","protected":false},"featured_media":12206,"template":"","meta":[],"product_brand":[],"product_cat":[172],"product_tag":[],"class_list":{"0":"post-6955","1":"product","2":"type-product","3":"status-publish","4":"has-post-thumbnail","6":"product_cat-accesorios","8":"first","9":"instock","10":"taxable","11":"shipping-taxable","12":"purchasable","13":"product-type-simple"},"_links":{"self":[{"href":"https:\/\/tuftingeurope.com\/es\/wp-json\/wp\/v2\/product\/6955","targetHints":{"allow":["GET"]}}],"collection":[{"href":"https:\/\/tuftingeurope.com\/es\/wp-json\/wp\/v2\/product"}],"about":[{"href":"https:\/\/tuftingeurope.com\/es\/wp-json\/wp\/v2\/types\/product"}],"wp:featuredmedia":[{"embeddable":true,"href":"https:\/\/tuftingeurope.com\/es\/wp-json\/wp\/v2\/media\/12206"}],"wp:attachment":[{"href":"https:\/\/tuftingeurope.com\/es\/wp-json\/wp\/v2\/media?parent=6955"}],"wp:term":[{"taxonomy":"product_brand","embeddable":true,"href":"https:\/\/tuftingeurope.com\/es\/wp-json\/wp\/v2\/product_brand?post=6955"},{"taxonomy":"product_cat","embeddable":true,"href":"https:\/\/tuftingeurope.com\/es\/wp-json\/wp\/v2\/product_cat?post=6955"},{"taxonomy":"product_tag","embeddable":true,"href":"https:\/\/tuftingeurope.com\/es\/wp-json\/wp\/v2\/product_tag?post=6955"}],"curies":[{"name":"wp","href":"https:\/\/api.w.org\/{rel}","templated":true}]}}