{"id":69834,"date":"2025-09-11T13:53:36","date_gmt":"2025-09-11T11:53:36","guid":{"rendered":"https:\/\/tuftingeurope.com\/product\/learn-tufting-online\/"},"modified":"2025-09-11T13:53:36","modified_gmt":"2025-09-11T11:53:36","slug":"learn-tufting-online","status":"publish","type":"product","link":"https:\/\/tuftingeurope.com\/es\/producto\/learn-tufting-online\/","title":{"rendered":"Aprenda tufting: curso completo en l\u00ednea"},"content":{"rendered":"<h2>Est\u00e1 a punto de convertirse en un artista del tufting.<\/h2>\n<p>Esto no es solo otro tutorial, es un viaje completo. Nuestro curso en l\u00ednea le proporciona las habilidades, los consejos y la confianza necesarios para crear alfombras de las que se sentir\u00e1 orgulloso. <\/p>\n<ul>\n<li>Divertido y f\u00e1cil de seguir: cada m\u00f3dulo es claro, apto para principiantes y est\u00e1 repleto de demostraciones.<\/li>\n<li>Acelere sus habilidades: evite el ensayo y error. Con nuestra gu\u00eda, aprender\u00e1 m\u00e1s r\u00e1pido y mejor. <\/li>\n<li>Todos los secretos revelados: desde bordes limpios hasta curvas suaves, le mostraremos t\u00e9cnicas que no encontrar\u00e1 en YouTube.<\/li>\n<li>Entrenamiento incluido: comparta fotos de su progreso y obtenga comentarios personalizados de expertos en tufting.<\/li>\n<\/ul>\n<h2>Qu\u00e9 aprender\u00e1<\/h2>\n<ul>\n<li>Prepare su marco y tela con la tensi\u00f3n perfecta<\/li>\n<li>Enhebre, alimente y controle su pistola para tufting como un profesional<\/li>\n<li>Cree l\u00edneas, curvas y rellenos de tufting, y cambie de color suavemente<\/li>\n<li>Domine el acabado: encolado, respaldo, recorte, tallado, afeitado<\/li>\n<li>Solucione y corrija errores comunes<\/li>\n<\/ul>\n<h2>\u00bfPor qu\u00e9 este curso?<\/h2>\n<p>Porque hemos estado donde usted est\u00e1. El tufting puede ser confuso cuando empieza, con hilo desperdiciado, alfombras desordenadas y tutoriales poco claros. Hemos condensado a\u00f1os de experiencia en un curso sencillo que le hace m\u00e1s r\u00e1pido, m\u00e1s seguro y m\u00e1s creativo.  <\/p>\n","protected":false},"excerpt":{"rendered":"<p>Convierta sus ideas en alfombras reales. Con este curso en l\u00ednea divertido y f\u00e1cil de seguir, se convertir\u00e1 en un artista experto en tufting en poco tiempo. Le daremos el impulso de tiempo que necesita, compartiremos todos los secretos que hemos aprendido a lo largo de a\u00f1os de tufting y le guiaremos paso a paso.  <\/p>\n<p><strong>\u00danase a la lista de espera hoy mismo y obtenga acceso anticipado, adem\u00e1s de un descuento especial de lanzamiento.<\/strong><\/p>\n","protected":false},"featured_media":69836,"template":"","meta":[],"product_brand":[],"product_cat":[546],"product_tag":[],"class_list":{"0":"post-69834","1":"product","2":"type-product","3":"status-publish","4":"has-post-thumbnail","6":"product_cat-starter-kits-es","8":"first","9":"outofstock","10":"virtual","11":"taxable","12":"purchasable","13":"product-type-simple"},"_links":{"self":[{"href":"https:\/\/tuftingeurope.com\/es\/wp-json\/wp\/v2\/product\/69834","targetHints":{"allow":["GET"]}}],"collection":[{"href":"https:\/\/tuftingeurope.com\/es\/wp-json\/wp\/v2\/product"}],"about":[{"href":"https:\/\/tuftingeurope.com\/es\/wp-json\/wp\/v2\/types\/product"}],"wp:featuredmedia":[{"embeddable":true,"href":"https:\/\/tuftingeurope.com\/es\/wp-json\/wp\/v2\/media\/69836"}],"wp:attachment":[{"href":"https:\/\/tuftingeurope.com\/es\/wp-json\/wp\/v2\/media?parent=69834"}],"wp:term":[{"taxonomy":"product_brand","embeddable":true,"href":"https:\/\/tuftingeurope.com\/es\/wp-json\/wp\/v2\/product_brand?post=69834"},{"taxonomy":"product_cat","embeddable":true,"href":"https:\/\/tuftingeurope.com\/es\/wp-json\/wp\/v2\/product_cat?post=69834"},{"taxonomy":"product_tag","embeddable":true,"href":"https:\/\/tuftingeurope.com\/es\/wp-json\/wp\/v2\/product_tag?post=69834"}],"curies":[{"name":"wp","href":"https:\/\/api.w.org\/{rel}","templated":true}]}}