{"id":2122,"date":"2020-12-04T18:41:29","date_gmt":"2020-12-04T17:41:29","guid":{"rendered":"https:\/\/tuftingeurope.com\/questions-frequemment-posees\/"},"modified":"2024-07-27T19:31:27","modified_gmt":"2024-07-27T17:31:27","slug":"questions-frequemment-posees","status":"publish","type":"page","link":"https:\/\/tuftingeurope.com\/fr\/questions-frequemment-posees\/","title":{"rendered":"Questions fr\u00e9quemment pos\u00e9es"},"content":{"rendered":"\n<div class=\"accordion\">\n\n\t<div id=\"accordion-3956527867\" class=\"accordion-item\">\n\t\t<a id=\"accordion-3956527867-label\" class=\"accordion-title plain\" href=\"#accordion-item-o\u00f9-se-trouve-ton-magasin-?\" aria-expanded=\"false\" aria-controls=\"accordion-3956527867-content\">\n\t\t\t<button class=\"toggle\" aria-label=\"Basculer\"><i class=\"icon-angle-down\" aria-hidden=\"true\"><\/i><\/button>\n\t\t\t<span>O\u00f9 se trouve ton magasin ?<\/span>\n\t\t<\/a>\n\t\t<div id=\"accordion-3956527867-content\" class=\"accordion-inner\" aria-labelledby=\"accordion-3956527867-label\">\n\t\t\t\n\n<p>Tufting Europe n&#8217;a pas de magasin physique que tu puisses visiter.\nNous avons cependant un entrep\u00f4t \u00e0 Amsterdam.\nToutes les commandes sont exp\u00e9di\u00e9es \u00e0 partir de l\u00e0.  <\/p>\n<p>L&#8217;adresse est la suivante :<br> Johan Van Hasseltweg 12B<br> 1022WW Amsterdam<br> Pays-Bas<\/p>\n\n\n\t\t<\/div>\n\t<\/div>\n\t\n\t<div id=\"accordion-2023358131\" class=\"accordion-item\">\n\t\t<a id=\"accordion-2023358131-label\" class=\"accordion-title plain\" href=\"#accordion-item-quand-ma-commande-sera-t-elle-exp\u00e9di\u00e9e-?\" aria-expanded=\"false\" aria-controls=\"accordion-2023358131-content\">\n\t\t\t<button class=\"toggle\" aria-label=\"Basculer\"><i class=\"icon-angle-down\" aria-hidden=\"true\"><\/i><\/button>\n\t\t\t<span>Quand ma commande sera-t-elle exp\u00e9di\u00e9e ?<\/span>\n\t\t<\/a>\n\t\t<div id=\"accordion-2023358131-content\" class=\"accordion-inner\" aria-labelledby=\"accordion-2023358131-label\">\n\t\t\t\n\n<p>Du lundi au vendredi, les commandes pass\u00e9es avant 12h00 sont emball\u00e9es et exp\u00e9di\u00e9es le jour m\u00eame.\nSinon, elles sont exp\u00e9di\u00e9es le jour ouvrable suivant.\nLes commandes du week-end sont exp\u00e9di\u00e9es le lundi suivant.  <\/p>\n\n\n\t\t<\/div>\n\t<\/div>\n\t\n\t<div id=\"accordion-2015770925\" class=\"accordion-item\">\n\t\t<a id=\"accordion-2015770925-label\" class=\"accordion-title plain\" href=\"#accordion-item-comment-fonctionnent-les-retours-?\" aria-expanded=\"false\" aria-controls=\"accordion-2015770925-content\">\n\t\t\t<button class=\"toggle\" aria-label=\"Basculer\"><i class=\"icon-angle-down\" aria-hidden=\"true\"><\/i><\/button>\n\t\t\t<span>Comment fonctionnent les retours ?<\/span>\n\t\t<\/a>\n\t\t<div id=\"accordion-2015770925-content\" class=\"accordion-inner\" aria-labelledby=\"accordion-2015770925-label\">\n\t\t\t\n\n<p>Les retours demand\u00e9s dans les 14 jours suivant la livraison peuvent utiliser notre portail de retour pour imprimer une \u00e9tiquette de retour gratuite.<\/p>\n<p>Apr\u00e8s 14 jours, les retours ne sont accept\u00e9s que pour les cas de garantie ou les r\u00e9parations.\nDans ce cas, tu devras payer toi-m\u00eame l&#8217;\u00e9tiquette de retour. <\/p>\n\n\n\t\t<\/div>\n\t<\/div>\n\t\n\n<\/div>\n<div class=\"row\"  id=\"row-1461120861\">\n\n\n\t<div id=\"col-2021120871\" class=\"col small-12 large-12\"  >\n\t\t\t\t<div class=\"col-inner text-center\"  >\n\t\t\t\n\t\t\t\n\n\t<div id=\"text-151279821\" class=\"text\">\n\t\t\n\n<h2>Tu as encore des questions ?<\/h2>\n\t\t\n<style>\n#text-151279821 {\n  text-align: center;\n}\n<\/style>\n\t<\/div>\n\t\n<a href=\"https:\/\/tuftingeurope.com\/fr\/contactez\/\" class=\"button success\" style=\"border-radius:99px;\">\n\t\t<span>Contact<\/span>\n\t<\/a>\n\n\n\n\t\t<\/div>\n\t\t\t\t\t<\/div>\n\n\t\n\n<\/div>\n\n","protected":false},"excerpt":{"rendered":"","protected":false},"author":1,"featured_media":0,"parent":0,"menu_order":0,"comment_status":"closed","ping_status":"closed","template":"","meta":{"footnotes":""},"class_list":["post-2122","page","type-page","status-publish","hentry"],"_links":{"self":[{"href":"https:\/\/tuftingeurope.com\/fr\/wp-json\/wp\/v2\/pages\/2122","targetHints":{"allow":["GET"]}}],"collection":[{"href":"https:\/\/tuftingeurope.com\/fr\/wp-json\/wp\/v2\/pages"}],"about":[{"href":"https:\/\/tuftingeurope.com\/fr\/wp-json\/wp\/v2\/types\/page"}],"author":[{"embeddable":true,"href":"https:\/\/tuftingeurope.com\/fr\/wp-json\/wp\/v2\/users\/1"}],"replies":[{"embeddable":true,"href":"https:\/\/tuftingeurope.com\/fr\/wp-json\/wp\/v2\/comments?post=2122"}],"version-history":[{"count":0,"href":"https:\/\/tuftingeurope.com\/fr\/wp-json\/wp\/v2\/pages\/2122\/revisions"}],"wp:attachment":[{"href":"https:\/\/tuftingeurope.com\/fr\/wp-json\/wp\/v2\/media?parent=2122"}],"curies":[{"name":"wp","href":"https:\/\/api.w.org\/{rel}","templated":true}]}}