{"id":2129,"date":"2020-12-03T00:08:48","date_gmt":"2020-12-02T23:08:48","guid":{"rendered":"https:\/\/tuftingeurope.com\/a-propos-de-nous\/"},"modified":"2025-01-15T15:47:11","modified_gmt":"2025-01-15T14:47:11","slug":"a-propos-de-nous","status":"publish","type":"page","link":"https:\/\/tuftingeurope.com\/fr\/a-propos-de-nous\/","title":{"rendered":"A propos de nous"},"content":{"rendered":"\n\t<div class=\"img has-hover x md-x lg-x y md-y lg-y\" id=\"image_1172657505\">\n\t\t\t\t\t\t\t\t<div class=\"img-inner dark\" >\n\t\t\t<img fetchpriority=\"high\" decoding=\"async\" width=\"1020\" height=\"680\" src=\"https:\/\/tuftingeurope.com\/wp-content\/uploads\/2025\/01\/Nelson_Tufting-7-1024x683.jpg\" class=\"attachment-large size-large\" alt=\"\" srcset=\"https:\/\/tuftingeurope.com\/wp-content\/uploads\/2025\/01\/Nelson_Tufting-7-1024x683.jpg 1024w, https:\/\/tuftingeurope.com\/wp-content\/uploads\/2025\/01\/Nelson_Tufting-7-300x200.jpg 300w, https:\/\/tuftingeurope.com\/wp-content\/uploads\/2025\/01\/Nelson_Tufting-7-768x512.jpg 768w, https:\/\/tuftingeurope.com\/wp-content\/uploads\/2025\/01\/Nelson_Tufting-7-1536x1024.jpg 1536w, https:\/\/tuftingeurope.com\/wp-content\/uploads\/2025\/01\/Nelson_Tufting-7-2048x1365.jpg 2048w, https:\/\/tuftingeurope.com\/wp-content\/uploads\/2025\/01\/Nelson_Tufting-7-360x240.jpg 360w, https:\/\/tuftingeurope.com\/wp-content\/uploads\/2025\/01\/Nelson_Tufting-7-1000x667.jpg 1000w, https:\/\/tuftingeurope.com\/wp-content\/uploads\/2025\/01\/Nelson_Tufting-7-80x53.jpg 80w\" sizes=\"(max-width: 1020px) 100vw, 1020px\" title=\"\">\t\t\t\t\t\t\n\t\t\t\t\t<\/div>\n\t\t\t\t\t\t\t\t\n<style>\n#image_1172657505 {\n  width: 100%;\n}\n<\/style>\n\t<\/div>\n\t\n\n\n\t<section class=\"section\" id=\"section_582509162\">\n\t\t<div class=\"section-bg fill\" >\n\t\t\t\t\t\t\t\t\t\n\t\t\t\n\n\t\t<\/div>\n\n\t\t\n\n\t\t<div class=\"section-content relative\">\n\t\t\t\n\n\t<div id=\"gap-153374019\" class=\"gap-element clearfix\" style=\"display:block; height:auto;\">\n\t\t\n<style>\n#gap-153374019 {\n  padding-top: 30px;\n}\n<\/style>\n\t<\/div>\n\t\n\n<div class=\"row row-large align-middle align-center\" style=\"max-width:1300px\" id=\"row-787900577\">\n\n\n\t<div id=\"col-582170960\" class=\"col medium-12 small-12 large-6\"  >\n\t\t\t\t<div class=\"col-inner\"  >\n\t\t\t\n\t\t\t\n\n<h2>Tufting Who ?<\/h2>\n<p>Chez Tufting Europe, notre mission est simple : rendre les \u00e9quipements et les fournitures de tufting accessibles \u00e0 tous. Que vous soyez d\u00e9butant ou artiste chevronn\u00e9 en tufting, nous disposons de tout ce dont vous avez besoin pour vos projets \u2014 fils, supports de tapis, cadres, d\u00e9vidoirs de laine, aiguilles de tufting, pistolets de tufting, et plus encore \u2014 le tout en un seul endroit. <\/p>\n<p>Comme de nombreux enthousiastes du tufting, nous avons rencontr\u00e9 des difficult\u00e9s \u00e0 nos d\u00e9buts : des d\u00e9lais de livraison prolong\u00e9s, des boutiques d&#8217;outre-mer peu fiables, et une absence de soutien en cas de probl\u00e8me. Nous d\u00e9sirions simplement cr\u00e9er des tapis exceptionnels. C&#8217;est pour cette raison que nous avons fond\u00e9 Tufting Europe.  <\/p>\n<p>Nous sommes bien plus qu&#8217;une simple boutique en ligne ; nous sommes un centre de connaissances et de soutien pour le tufting. Nos produits sont stock\u00e9s dans notre propre entrep\u00f4t et exp\u00e9di\u00e9s rapidement et de mani\u00e8re fiable. <\/p>\n<p>Avez-vous des questions ou besoin de conseils dans votre parcours de tufting ? Nous sommes l\u00e0 pour vous aider \u00e0 chaque \u00e9tape. <\/p>\n<p>Nous sommes impatients de voir les magnifiques tapis que vous allez cr\u00e9er \u2014 partagez vos \u0153uvres avec nous et rejoignez la communaut\u00e9 grandissante du tufting !<\/p>\n\t<div id=\"gap-752326058\" class=\"gap-element clearfix\" style=\"display:block; height:auto;\">\n\t\t\n<style>\n#gap-752326058 {\n  padding-top: 75px;\n}\n@media (min-width:850px) {\n  #gap-752326058 {\n    padding-top: 34px;\n  }\n}\n<\/style>\n\t<\/div>\n\t\n\n\n\t\t<\/div>\n\t\t\t\t\n<style>\n#col-582170960 > .col-inner {\n  padding: 0px 20px 0px 20px;\n  margin: 0px 0px -17px 0px;\n}\n@media (min-width:850px) {\n  #col-582170960 > .col-inner {\n    padding: 0px 40px 0px 0px;\n  }\n}\n<\/style>\n\t<\/div>\n\n\t\n\n\t<div id=\"col-1404666418\" class=\"col medium-12 small-12 large-6 medium-col-first\"  >\n\t\t\t\t<div class=\"col-inner\"  >\n\t\t\t\n\t\t\t\n\n\n  <div class=\"banner has-hover\" id=\"banner-19229178\">\n          <div class=\"banner-inner fill\">\n        <div class=\"banner-bg fill\" >\n            <img decoding=\"async\" width=\"2560\" height=\"1707\" src=\"https:\/\/tuftingeurope.com\/wp-content\/uploads\/2025\/01\/Nelson_Tufting-14-scaled.jpg\" class=\"bg attachment-original size-original\" alt=\"\" title=\"\">                                    \n                    <\/div>\n\t\t\n        <div class=\"banner-layers container\">\n            <div class=\"fill banner-link\"><\/div>            \n\n\n        <\/div>\n      <\/div>\n\n            \n<style>\n#banner-19229178 {\n  padding-top: 300px;\n  background-color: rgb(255, 239, 234);\n}\n#banner-19229178 .banner-bg img {\n  object-position: 67% 51%;\n}\n@media (min-width:550px) {\n  #banner-19229178 {\n    padding-top: 450px;\n  }\n}\n@media (min-width:850px) {\n  #banner-19229178 {\n    padding-top: 650px;\n  }\n}\n<\/style>\n  <\/div>\n\n\n\n\t\t<\/div>\n\t\t\t\t\n<style>\n#col-1404666418 > .col-inner {\n  padding: 0px 20px 0px 20px;\n}\n<\/style>\n\t<\/div>\n\n\t\n\n<\/div>\n\n\t\t<\/div>\n\n\t\t\n<style>\n#section_582509162 {\n  padding-top: 60px;\n  padding-bottom: 60px;\n}\n<\/style>\n\t<\/section>\n\t\n\n\t<section class=\"section\" id=\"section_63206851\">\n\t\t<div class=\"section-bg fill\" >\n\t\t\t\t\t\t\t\t\t\n\t\t\t\n\n\t\t<\/div>\n\n\t\t\n\n\t\t<div class=\"section-content relative\">\n\t\t\t\n\n<div class=\"row\"  id=\"row-1445278291\">\n\n\n\t<div id=\"col-54475843\" class=\"col small-12 large-12\"  >\n\t\t\t\t<div class=\"col-inner text-center\"  >\n\t\t\t\n\t\t\t\n\n<h2>&#8220;TU N&#8217;AS PAS BESOIN DE BLUFFER,<br> TOUT CE QUE TU AS BESOIN DE FAIRE.&#8221;  <\/h2>\n\n\t\t<\/div>\n\t\t\t\t\t<\/div>\n\n\t\n\n<\/div>\n\n\t\t<\/div>\n\n\t\t\n<style>\n#section_63206851 {\n  padding-top: 50px;\n  padding-bottom: 50px;\n  min-height: 300px;\n}\n<\/style>\n\t<\/section>\n\t\n\n","protected":false},"excerpt":{"rendered":"","protected":false},"author":1,"featured_media":0,"parent":0,"menu_order":0,"comment_status":"closed","ping_status":"closed","template":"","meta":{"footnotes":""},"class_list":["post-2129","page","type-page","status-publish","hentry"],"_links":{"self":[{"href":"https:\/\/tuftingeurope.com\/fr\/wp-json\/wp\/v2\/pages\/2129","targetHints":{"allow":["GET"]}}],"collection":[{"href":"https:\/\/tuftingeurope.com\/fr\/wp-json\/wp\/v2\/pages"}],"about":[{"href":"https:\/\/tuftingeurope.com\/fr\/wp-json\/wp\/v2\/types\/page"}],"author":[{"embeddable":true,"href":"https:\/\/tuftingeurope.com\/fr\/wp-json\/wp\/v2\/users\/1"}],"replies":[{"embeddable":true,"href":"https:\/\/tuftingeurope.com\/fr\/wp-json\/wp\/v2\/comments?post=2129"}],"version-history":[{"count":0,"href":"https:\/\/tuftingeurope.com\/fr\/wp-json\/wp\/v2\/pages\/2129\/revisions"}],"wp:attachment":[{"href":"https:\/\/tuftingeurope.com\/fr\/wp-json\/wp\/v2\/media?parent=2129"}],"curies":[{"name":"wp","href":"https:\/\/api.w.org\/{rel}","templated":true}]}}