{"id":2179,"date":"2021-01-28T23:09:30","date_gmt":"2021-01-28T21:09:30","guid":{"rendered":"https:\/\/tuftingeurope.com\/politique-de-confidentialite\/"},"modified":"2025-01-20T12:53:16","modified_gmt":"2025-01-20T11:53:16","slug":"politique-de-confidentialite","status":"publish","type":"page","link":"https:\/\/tuftingeurope.com\/fr\/politique-de-confidentialite\/","title":{"rendered":"Politique de confidentialit\u00e9 de Tufting Europe"},"content":{"rendered":"\n<h2 class=\"wp-block-heading\"><\/h2>\n\n<p>Tufting Europe exploite le site web https:\/\/tuftingeurope.com\/, qui fournit le SERVICE.<\/p>\n\n<p>Cette page est utilis\u00e9e pour informer les visiteurs du site web concernant nos politiques de collecte, d&#8217;utilisation et de divulgation des informations personnelles si quiconque d\u00e9cide d&#8217;utiliser notre Service, le site web de Tufting Europe.<\/p>\n\n<p>Si vous choisissez d&#8217;utiliser notre Service, vous consentez alors \u00e0 la collecte et \u00e0 l&#8217;utilisation d&#8217;informations en relation avec cette politique.\nLes informations personnelles que nous recueillons sont utilis\u00e9es pour fournir et am\u00e9liorer le Service.\nNous n&#8217;utiliserons ni ne partagerons vos informations avec quiconque, sauf tel que d\u00e9crit dans la pr\u00e9sente Politique de confidentialit\u00e9.   <\/p>\n\n<p>Si vous payez avec Klarna, veuillez <strong><a href=\"https:\/\/www.klarna.com\/international\/privacy-policy\/\" class=\"rank-math-link\" target=\"_blank\" rel=\"noopener\">lire leur politique de confidentialit\u00e9 ici<\/a><\/strong>.<\/p>\n\n<h2 class=\"wp-block-heading\">Collecte et utilisation des informations<\/h2>\n\n<p>Pour une meilleure exp\u00e9rience lors de l&#8217;utilisation de notre Service, nous pouvons vous demander de nous fournir certaines informations personnellement identifiables, y compris, mais sans s&#8217;y limiter, votre nom, votre num\u00e9ro de t\u00e9l\u00e9phone et votre adresse postale.\nLes informations que nous recueillons seront utilis\u00e9es pour vous contacter ou vous identifier. <\/p>\n\n<h2 class=\"wp-block-heading\">Donn\u00e9es de journal<\/h2>\n\n<p>Nous souhaitons vous informer que chaque fois que vous visitez notre Service, nous collectons des informations que votre navigateur nous envoie et qui sont appel\u00e9es donn\u00e9es de journal.\nCes donn\u00e9es de journal peuvent inclure des informations telles que l&#8217;adresse de protocole Internet (&#8220;IP&#8221;) de votre ordinateur, la version du navigateur, les pages de notre Service que vous visitez, l&#8217;heure et la date de votre visite, le temps pass\u00e9 sur ces pages et d&#8217;autres statistiques. <\/p>\n\n<h2 class=\"wp-block-heading\">Cookies<\/h2>\n\n<p>Les cookies sont des fichiers contenant une petite quantit\u00e9 de donn\u00e9es qui sont couramment utilis\u00e9s comme identifiant unique anonyme.\nIls sont envoy\u00e9s \u00e0 votre navigateur par le site web que vous visitez et sont stock\u00e9s sur le disque dur de votre ordinateur. <\/p>\n\n<p>Notre site web utilise ces &#8220;cookies&#8221; pour collecter des informations et am\u00e9liorer notre Service.\nVous avez la possibilit\u00e9 d&#8217;accepter ou de refuser ces cookies et de savoir quand un cookie est envoy\u00e9 \u00e0 votre ordinateur.\nSi vous choisissez de refuser nos cookies, il est possible que vous ne puissiez pas utiliser certaines parties de notre Service.  <\/p>\n\n<p>Pour des informations plus g\u00e9n\u00e9rales sur les cookies, veuillez lire <a href=\"https:\/\/www.cookieconsent.com\/what-are-cookies\/\" target=\"_blank\" rel=\"noopener\">&#8220;Que sont les cookies&#8221;<\/a>.<\/p>\n\n<h2 class=\"wp-block-heading\">Prestataires de services<\/h2>\n\n<p>Nous pouvons employer des soci\u00e9t\u00e9s tierces et des individus pour les raisons suivantes :<\/p>\n\n<ul class=\"wp-block-list\"><li>Pour faciliter notre Service ;<\/li><li>Pour fournir le Service en notre nom ;<\/li><li>Pour ex\u00e9cuter des services li\u00e9s au Service ; ou<\/li><li>Pour nous aider \u00e0 analyser l&#8217;utilisation de notre Service.<\/li><\/ul>\n\n<p>Nous tenons \u00e0 informer les utilisateurs de notre Service que ces tiers ont acc\u00e8s \u00e0 vos informations personnelles.\nLa raison est d&#8217;accomplir les t\u00e2ches qui leur sont assign\u00e9es en notre nom.\nToutefois, ils sont tenus de ne pas divulguer ni utiliser ces informations \u00e0 d&#8217;autres fins.  <\/p>\n\n<h2 class=\"wp-block-heading\">S\u00e9curit\u00e9<\/h2>\n\n<p>Nous accordons de l&#8217;importance \u00e0 la confiance que vous nous accordez en nous fournissant vos informations personnelles, c&#8217;est pourquoi nous nous effor\u00e7ons d&#8217;utiliser des moyens commercialement acceptables pour les prot\u00e9ger.\nMais rappelez-vous qu&#8217;aucune m\u00e9thode de transmission sur Internet ou m\u00e9thode de stockage \u00e9lectronique n&#8217;est s\u00fbre et fiable \u00e0 100%, et nous ne pouvons garantir sa s\u00e9curit\u00e9 absolue. <\/p>\n\n<h2 class=\"wp-block-heading\">Liens vers d&#8217;autres sites<\/h2>\n\n<p>Notre Service peut contenir des liens vers d&#8217;autres sites.\nSi vous cliquez sur un lien tiers, vous serez dirig\u00e9 vers ce site.\nNotez que ces sites externes ne sont pas exploit\u00e9s par nous.\nPar cons\u00e9quent, nous vous conseillons vivement de consulter la politique de confidentialit\u00e9 de ces sites web.\nNous n&#8217;avons aucun contr\u00f4le sur, et n&#8217;assumons aucune responsabilit\u00e9 pour le contenu, les politiques de confidentialit\u00e9 ou les pratiques de tout site ou service tiers.    <\/p>\n\n<p>Confidentialit\u00e9 des enfants<\/p>\n\n<p>Nos Services ne s&#8217;adressent \u00e0 personne de moins de 13 ans.\nNous ne collectons pas sciemment d&#8217;informations personnellement identifiables aupr\u00e8s d&#8217;enfants de moins de 13 ans.\nDans le cas o\u00f9 nous d\u00e9couvririons qu&#8217;un enfant de moins de 13 ans nous a fourni des informations personnelles, nous les supprimons imm\u00e9diatement de nos serveurs.\nSi vous \u00eates un parent ou un tuteur et que vous savez que votre enfant nous a fourni des informations personnelles, veuillez nous contacter afin que nous puissions prendre les mesures n\u00e9cessaires.   <\/p>\n\n<h2 class=\"wp-block-heading\">Modifications de cette politique de confidentialit\u00e9<\/h2>\n\n<p>Nous pouvons mettre \u00e0 jour notre politique de confidentialit\u00e9 de temps \u00e0 autre.\nNous vous conseillons donc de consulter cette page p\u00e9riodiquement pour tout changement.\nNous vous informerons de tout changement en publiant la nouvelle politique de confidentialit\u00e9 sur cette page.\nCes changements prennent effet imm\u00e9diatement apr\u00e8s leur publication sur cette page.   <\/p>\n\n<h2 class=\"wp-block-heading\">Contactez-nous<\/h2>\n\n<p>Si vous avez des questions ou des suggestions concernant notre politique de confidentialit\u00e9, n&#8217;h\u00e9sitez pas \u00e0 nous contacter.<\/p>\n","protected":false},"excerpt":{"rendered":"<p>Tufting Europe exploite le site web https:\/\/tuftingeurope.com\/, qui fournit le SERVICE. Cette page est utilis\u00e9e pour informer les visiteurs du site web concernant nos politiques de collecte, d&#8217;utilisation et de divulgation des informations personnelles si quiconque d\u00e9cide d&#8217;utiliser notre Service, le site web de Tufting Europe. Si vous choisissez d&#8217;utiliser notre Service, vous consentez alors<\/p>\n","protected":false},"author":1,"featured_media":0,"parent":0,"menu_order":0,"comment_status":"closed","ping_status":"closed","template":"","meta":{"footnotes":""},"class_list":["post-2179","page","type-page","status-publish","hentry"],"_links":{"self":[{"href":"https:\/\/tuftingeurope.com\/fr\/wp-json\/wp\/v2\/pages\/2179","targetHints":{"allow":["GET"]}}],"collection":[{"href":"https:\/\/tuftingeurope.com\/fr\/wp-json\/wp\/v2\/pages"}],"about":[{"href":"https:\/\/tuftingeurope.com\/fr\/wp-json\/wp\/v2\/types\/page"}],"author":[{"embeddable":true,"href":"https:\/\/tuftingeurope.com\/fr\/wp-json\/wp\/v2\/users\/1"}],"replies":[{"embeddable":true,"href":"https:\/\/tuftingeurope.com\/fr\/wp-json\/wp\/v2\/comments?post=2179"}],"version-history":[{"count":0,"href":"https:\/\/tuftingeurope.com\/fr\/wp-json\/wp\/v2\/pages\/2179\/revisions"}],"wp:attachment":[{"href":"https:\/\/tuftingeurope.com\/fr\/wp-json\/wp\/v2\/media?parent=2179"}],"curies":[{"name":"wp","href":"https:\/\/api.w.org\/{rel}","templated":true}]}}