{"id":2199,"date":"2021-02-27T16:11:19","date_gmt":"2021-02-27T14:11:19","guid":{"rendered":"https:\/\/tuftingeurope.com\/conditions-daffiliation\/"},"modified":"2021-05-08T14:49:25","modified_gmt":"2021-05-08T12:49:25","slug":"conditions-daffiliation","status":"publish","type":"page","link":"https:\/\/tuftingeurope.com\/fr\/conditions-daffiliation\/","title":{"rendered":"Conditions d&#8217;affiliation"},"content":{"rendered":"\n\n<h1>Conditions de service du programme d&#8217;affiliation de Tufting Europe<\/h1>\n<h2>Accord<\/h2>\nEn vous inscrivant pour devenir un affili\u00e9 du programme d&#8217;affiliation de Tufting Europe (&#8220;Programme&#8221;), vous acceptez d&#8217;\u00eatre li\u00e9 par les conditions g\u00e9n\u00e9rales suivantes (&#8220;Conditions de service&#8221;).\n\n<strong>Tufting Europe<\/strong> se r\u00e9serve le droit de mettre \u00e0 jour et de modifier les conditions d&#8217;utilisation de temps \u00e0 autre sans pr\u00e9avis. Toute nouvelle fonctionnalit\u00e9 qui augmente ou am\u00e9liore le programme actuel, y compris la publication de nouveaux outils et ressources, sera soumise aux conditions de service. La poursuite de l&#8217;utilisation du programme apr\u00e8s de telles modifications constitue votre consentement \u00e0 ces modifications.\n\nLa violation de l&#8217;une des conditions ci-dessous entra\u00eenera la r\u00e9siliation de votre compte et la perte de tous les paiements de commissions d&#8217;affiliation en cours gagn\u00e9s pendant la violation. Vous acceptez d&#8217;utiliser le programme d&#8217;affiliation \u00e0 vos propres risques.\n\n<h2>Conditions du compte<\/h2>\n<ul><li>Vous devez \u00eatre \u00e2g\u00e9 de 18 ans ou plus pour participer \u00e0 ce programme.<\/li>\n<li>Vous devez vivre aux \u00c9tats-Unis pour \u00eatre affili\u00e9.<\/li>\n<li>Vous devez \u00eatre un humain. Les comptes enregistr\u00e9s par des &#8220;bots&#8221; ou autres m\u00e9thodes automatis\u00e9es ne sont pas autoris\u00e9s.<\/li>\n<li>Vous devez fournir votre nom complet l\u00e9gal, une adresse \u00e9lectronique valide et toute autre information demand\u00e9e afin de compl\u00e9ter le processus d&#8217;inscription.<\/li>\n<li>Votre login ne peut \u00eatre utilis\u00e9 que par une seule personne &#8211; un login unique partag\u00e9 par plusieurs personnes n&#8217;est pas autoris\u00e9.<\/li>\n<li>Vous \u00eates responsable du maintien de la s\u00e9curit\u00e9 de votre compte et de votre mot de passe. <strong>Tufting Europe<\/strong> ne peut et ne sera pas responsable de toute perte ou dommage r\u00e9sultant de votre manquement \u00e0 cette obligation de s\u00e9curit\u00e9.<\/li>\n<li>Vous \u00eates responsable de tout le contenu publi\u00e9 et de toute l&#8217;activit\u00e9 qui se d\u00e9roule sous votre compte.<\/li>\n<li>Une personne physique ou morale ne peut pas avoir plus d&#8217;un compte.<\/li>\n<li>Vous ne pouvez pas utiliser le programme d&#8217;affiliation \u00e0 des fins ill\u00e9gales ou non autoris\u00e9es. Vous ne devez pas, dans le cadre de l&#8217;utilisation du service, violer les lois de votre juridiction (y compris, mais sans s&#8217;y limiter, les lois sur les droits d&#8217;auteur).<\/li>\n<li>Vous ne pouvez pas utiliser le programme d&#8217;affiliation pour gagner de l&#8217;argent sur vos propres comptes de produits <strong>Tufting Europe<\/strong>.<\/li>\n<\/ul><h2>Liens\/graphiques sur votre site, dans vos courriels ou autres communications<\/h2>\nUne fois que vous vous serez inscrit au programme d&#8217;affiliation, un code d&#8217;affiliation unique vous sera attribu\u00e9. Vous \u00eates autoris\u00e9 \u00e0 placer des liens, des banni\u00e8res ou d&#8217;autres graphiques que nous vous fournissons avec votre code d&#8217;affiliation sur votre site, dans vos courriels ou dans d&#8217;autres communications. Nous vous fournirons des directives, des styles de liens et des illustrations graphiques \u00e0 utiliser pour \u00e9tablir des liens vers <strong>Tufting Europe<\/strong>. Nous pouvons modifier la conception de l&#8217;\u0153uvre \u00e0 tout moment sans pr\u00e9avis, mais nous ne changerons pas les dimensions des images sans pr\u00e9avis.\n\nPour permettre un suivi et un compte rendu pr\u00e9cis, ainsi que la comptabilisation des commissions de r\u00e9f\u00e9rence, nous vous fournirons des formats de liens sp\u00e9ciaux \u00e0 utiliser dans tous les liens entre votre site et <strong>Tufting Europe<\/strong>. Vous devez vous assurer que chacun des liens entre votre site et <strong>Tufting Europe<\/strong> utilise correctement ces formats de liens sp\u00e9ciaux. Les liens vers <strong>Tufting Europe<\/strong> plac\u00e9s sur votre site conform\u00e9ment au pr\u00e9sent accord et qui utilisent correctement ces formats de liens sp\u00e9ciaux sont appel\u00e9s &#8220;liens sp\u00e9ciaux&#8221;. Vous gagnerez des commissions de recommandation uniquement pour les ventes r\u00e9alis\u00e9es sur <strong>Tufting Europe<\/strong>.  produit se produisant directement par l&#8217;interm\u00e9diaire des liens sp\u00e9ciaux ; nous ne serons pas responsables envers vous en cas de manquement de votre part ou de la part d&#8217;une personne que vous recommandez \u00e0 l&#8217;utilisation des liens sp\u00e9ciaux ou \u00e0 la saisie incorrecte de votre code d&#8217;affili\u00e9, y compris dans la mesure o\u00f9 ce manquement peut entra\u00eener une r\u00e9duction des montants qui vous seraient autrement vers\u00e9s en vertu du pr\u00e9sent contrat.\n\nLes liens d&#8217;affiliation doivent pointer vers la page du produit dont on fait la promotion.\n\n<h2>Commissions de r\u00e9f\u00e9rence et paiement<\/h2>\nPour qu&#8217;une vente de produit puisse donner lieu au versement d&#8217;une commission de recommandation, le client doit cliquer sur un lien sp\u00e9cial \u00e0 partir de votre site, d&#8217;un courrier \u00e9lectronique ou d&#8217;autres communications vers <strong>https:\/\/tuftingeurope.com<\/strong> et passer une commande de produit au cours de cette session.\n\nNous ne verserons des commissions que sur les liens qui sont automatiquement suivis et signal\u00e9s par nos syst\u00e8mes. Nous ne verserons pas de commissions si quelqu&#8217;un dit avoir effectu\u00e9 un achat ou si quelqu&#8217;un dit avoir saisi un code de parrainage si celui-ci n&#8217;a pas \u00e9t\u00e9 suivi par notre syst\u00e8me. Nous ne pouvons verser des commissions que sur les affaires g\u00e9n\u00e9r\u00e9es par des liens sp\u00e9ciaux correctement format\u00e9s qui ont \u00e9t\u00e9 automatiquement suivis par nos syst\u00e8mes.\n\nNous nous r\u00e9servons le droit de disqualifier les commissions obtenues par des m\u00e9thodes de vente ou de marketing frauduleuses, ill\u00e9gales, ou trop agressives et douteuses.\n\nLes paiements ne commencent que lorsque vous avez gagn\u00e9 plus de <strong> 20 $<\/strong> en revenus d&#8217;affiliation. Si votre compte d&#8217;affili\u00e9 ne franchit jamais le seuil de <strong> 20 $<\/strong>, vos commissions ne seront pas r\u00e9alis\u00e9es ni pay\u00e9es. Nous sommes uniquement responsables du paiement des comptes qui ont franchi le seuil de <strong> 20 dollars<\/strong>.\n\n<h2>S&#8217;identifier en tant qu&#8217;affili\u00e9 de Tufting Europe<\/h2>\n\nVous ne pouvez pas publier de communiqu\u00e9 de presse concernant le pr\u00e9sent accord ou votre participation au programme ; une telle action peut entra\u00eener votre r\u00e9siliation du programme. En outre, vous ne pouvez en aucune mani\u00e8re d\u00e9former ou embellir la relation entre vous et nous, dire que vous d\u00e9veloppez nos produits, dire que vous faites partie de l&#8217;\u00e9quipe de l  <strong>Tufting Europe<\/strong> ou d&#8217;exprimer ou d&#8217;impliquer toute relation ou affiliation entre nous et vous ou toute autre personne ou entit\u00e9, sauf dans la mesure o\u00f9 cela est express\u00e9ment autoris\u00e9 par le pr\u00e9sent Accord (y compris en exprimant ou en impliquant que nous soutenons, parrainons, approuvons ou contribuons financi\u00e8rement \u00e0 une \u0153uvre de charit\u00e9 ou \u00e0 une autre cause).\n\nVous ne pouvez pas acheter des produits via vos liens d&#8217;affiliation pour votre propre usage. De tels achats peuvent entra\u00eener (\u00e0 notre seule discr\u00e9tion) la retenue des commissions de r\u00e9f\u00e9rence et\/ou la r\u00e9siliation du pr\u00e9sent accord.\n\n<h2>Calendrier de paiement<\/h2>\nTant que vos revenus d&#8217;affiliation actuels sont sup\u00e9rieurs \u00e0 <strong> 20 $<\/strong>, vous serez pay\u00e9 chaque mois. Si vous n&#8217;avez pas gagn\u00e9 <strong> 20 dollars<\/strong> depuis votre dernier paiement, nous vous paierons le mois suivant apr\u00e8s que vous aurez franchi le seuil.\n\n<h2>D\u00e9finition du client<\/h2>\nLes clients qui ach\u00e8tent des produits par le biais de ce programme seront consid\u00e9r\u00e9s comme nos clients. Par cons\u00e9quent, toutes nos r\u00e8gles, politiques et proc\u00e9dures op\u00e9rationnelles concernant les commandes des clients, le service \u00e0 la client\u00e8le et les ventes de produits s&#8217;appliqueront \u00e0 ces clients. Nous pouvons modifier nos politiques et proc\u00e9dures op\u00e9rationnelles \u00e0 tout moment. Par exemple, nous d\u00e9terminerons les prix \u00e0 facturer pour les produits vendus dans le cadre de ce programme conform\u00e9ment \u00e0 nos propres politiques de prix. Les prix et la disponibilit\u00e9 des produits peuvent varier de temps \u00e0 autre. \u00c9tant donn\u00e9 que les changements de prix peuvent affecter les produits que vous avez list\u00e9s sur votre site, vous ne devez pas afficher les prix des produits sur votre site. Nous ferons des efforts commercialement raisonnables pour pr\u00e9senter des informations exactes, mais nous ne pouvons pas garantir la disponibilit\u00e9 ou le prix d&#8217;un produit particulier.\n\n<h2>Vos responsabilit\u00e9s<\/h2>\nVous serez seul responsable du d\u00e9veloppement, de l&#8217;exploitation et de la maintenance de votre site et de tous les \u00e9l\u00e9ments qui y figurent. Par exemple, vous serez seul responsable de :\n\n&#8211; L&#8217;exploitation technique de votre site et de tous les \u00e9quipements connexes\n&#8211; s&#8217;assurer que l&#8217;affichage des liens sp\u00e9ciaux sur votre site ne viole aucun accord entre vous et un tiers (y compris, mais sans s&#8217;y limiter, toute restriction ou exigence impos\u00e9e par un tiers qui h\u00e9berge votre site).\n&#8211; l&#8217;exactitude, la v\u00e9racit\u00e9 et le caract\u00e8re appropri\u00e9 des documents publi\u00e9s sur votre site (y compris, entre autres, tous les documents relatifs aux produits et toute information que vous incluez dans les liens sp\u00e9ciaux ou que vous associez \u00e0 ces derniers).\n&#8211; s&#8217;assurer que les documents publi\u00e9s sur votre site ne violent pas ou n&#8217;enfreignent pas les droits d&#8217;un tiers (y compris, par exemple, les droits d&#8217;auteur, les marques commerciales, la vie priv\u00e9e ou d&#8217;autres droits personnels ou de propri\u00e9t\u00e9)\n&#8211; S&#8217;assurer que les documents publi\u00e9s sur votre site ne sont pas diffamatoires ou autrement ill\u00e9gaux.\n&#8211; Veillez \u00e0 ce que votre site indique de mani\u00e8re pr\u00e9cise et ad\u00e9quate, par le biais d&#8217;une politique de confidentialit\u00e9 ou d&#8217;une autre mani\u00e8re, la mani\u00e8re dont vous recueillez, utilisez, stockez et divulguez les donn\u00e9es collect\u00e9es aupr\u00e8s des visiteurs, y compris, le cas \u00e9ch\u00e9ant, le fait que des tiers (y compris des annonceurs) peuvent diffuser du contenu et\/ou des publicit\u00e9s et recueillir des informations directement aupr\u00e8s des visiteurs et placer ou reconna\u00eetre des cookies sur les navigateurs des visiteurs.\n\n<h2>Respect des lois<\/h2>\nComme condition \u00e0 votre participation au programme, vous acceptez de vous conformer, pendant que vous participez au programme, \u00e0 toutes les lois, ordonnances, r\u00e8gles, r\u00e8glements, ordres, licences, permis, jugements, d\u00e9cisions ou autres exigences de toute autorit\u00e9 gouvernementale ayant juridiction sur vous, que ces lois, etc. soient actuellement en vigueur ou entrent en vigueur ult\u00e9rieurement pendant que vous participez au programme. Sans limiter l&#8217;obligation qui pr\u00e9c\u00e8de, vous acceptez, comme condition de votre participation au programme, de vous conformer \u00e0 toutes les lois applicables (f\u00e9d\u00e9rales, \u00e9tatiques ou autres) qui r\u00e9gissent le marketing par courrier \u00e9lectronique, y compris, sans s&#8217;y limiter, le CAN-SPAM Act de 2003 et toutes les autres lois anti-spam.\n\n<h2>Dur\u00e9e de l&#8217;accord et du programme<\/h2>\nLe pr\u00e9sent accord prend effet d\u00e8s que nous acceptons votre demande de participation au programme et prend fin lorsque l&#8217;une des parties le r\u00e9silie. Vous ou nous pouvons r\u00e9silier le pr\u00e9sent accord \u00e0 tout moment, avec ou sans motif, en adressant \u00e0 l&#8217;autre partie une notification \u00e9crite de r\u00e9siliation. En cas de r\u00e9siliation du pr\u00e9sent accord pour quelque raison que ce soit, vous cesserez imm\u00e9diatement d&#8217;utiliser et retirerez de votre site tous les liens vers les sites suivants  <strong>https:\/\/tuftingeurope.com<\/strong>, et toutes nos marques, habillages commerciaux et logos, ainsi que tous les autres documents fournis par nous ou en notre nom \u00e0 vous en vertu des pr\u00e9sentes ou dans le cadre du programme.  <strong>Tufting Europe<\/strong> se r\u00e9serve le droit de mettre fin au programme \u00e0 tout moment. \u00c0 la fin du programme, <strong>Tufting Europe<\/strong> paiera les gains accumul\u00e9s au-del\u00e0 de <strong> 20 $<\/strong>.\n\n<h2>Terminaison<\/h2>\n<strong>Tufting Europe<\/strong>, \u00e0 sa seule discr\u00e9tion, a le droit de suspendre ou de r\u00e9silier votre compte et de refuser toute utilisation actuelle ou future du Programme, ou de tout autre service de <strong>Tufting Europe<\/strong>, pour toute raison et \u00e0 tout moment. Cette r\u00e9siliation du service entra\u00eenera la d\u00e9sactivation ou la suppression de votre compte ou de votre acc\u00e8s \u00e0 votre compte, ainsi que la confiscation et l&#8217;abandon de toutes les commissions potentielles ou \u00e0 payer sur votre compte si elles ont \u00e9t\u00e9 obtenues par des m\u00e9thodes de vente ou de marketing frauduleuses, ill\u00e9gales, ou trop agressives et douteuses.  <strong>Tufting Europe<\/strong> se r\u00e9serve le droit de refuser de servir quiconque pour quelque raison que ce soit et \u00e0 tout moment.\n\n<h2>Relations entre les parties<\/h2>\n\nVous et nous sommes des entrepreneurs ind\u00e9pendants, et rien dans le pr\u00e9sent accord ne cr\u00e9era un partenariat, une coentreprise, une agence, une franchise, un repr\u00e9sentant commercial ou une relation d&#8217;emploi entre les parties. Vous n&#8217;aurez aucune autorit\u00e9 pour faire ou accepter des offres ou des repr\u00e9sentations en notre nom. Vous ne ferez aucune d\u00e9claration, que ce soit sur votre site ou ailleurs, qui pourrait raisonnablement contredire les dispositions de la pr\u00e9sente section.\n\n<h2>Limitations de la responsabilit\u00e9<\/h2>\n\nNous ne serons pas responsables des dommages indirects, sp\u00e9ciaux ou cons\u00e9cutifs (ou de toute perte de revenus, de profits ou de donn\u00e9es) d\u00e9coulant du pr\u00e9sent accord ou du programme, m\u00eame si nous avons \u00e9t\u00e9 inform\u00e9s de la possibilit\u00e9 de tels dommages. En outre, notre responsabilit\u00e9 globale d\u00e9coulant du pr\u00e9sent accord et du programme ne d\u00e9passera pas le total des commissions de recommandation qui vous sont pay\u00e9es ou payables en vertu du pr\u00e9sent accord.\n\n<h2>Avis de non-responsabilit\u00e9<\/h2>\n\nNous n&#8217;offrons aucune garantie ou repr\u00e9sentation expresse ou implicite concernant le programme ou tout produit vendu par le biais du programme (y compris, sans s&#8217;y limiter, les garanties d&#8217;ad\u00e9quation, de qualit\u00e9 marchande, d&#8217;absence de contrefa\u00e7on ou toute garantie implicite d\u00e9coulant d&#8217;une ex\u00e9cution, d&#8217;une transaction ou d&#8217;un usage commercial). En outre, nous ne garantissons pas que le fonctionnement de <strong>Tufting Europe<\/strong> sera ininterrompu ou exempt d&#8217;erreurs, et nous ne serons pas responsables des cons\u00e9quences de toute interruption ou erreur.\n\n<h2>Enqu\u00eate ind\u00e9pendante<\/h2>\nVOUS RECONNAISSEZ AVOIR LU LE PR\u00c9SENT ACCORD ET EN ACCEPTER TOUS LES TERMES ET CONDITIONS. VOUS COMPRENEZ QUE NOUS POUVONS \u00c0 TOUT MOMENT (DIRECTEMENT OU INDIRECTEMENT) SOLLICITER DES RECOMMANDATIONS DE CLIENTS \u00c0 DES CONDITIONS QUI PEUVENT DIFF\u00c9RER DE CELLES CONTENUES DANS LE PR\u00c9SENT ACCORD OU EXPLOITER DES SITES WEB QUI SONT SIMILAIRES OU CONCURRENTS DE VOTRE SITE WEB. VOUS AVEZ \u00c9VALU\u00c9 DE MANI\u00c8RE IND\u00c9PENDANTE L&#8217;OPPORTUNIT\u00c9 DE PARTICIPER AU PROGRAMME ET NE VOUS FIEZ \u00c0 AUCUNE REPR\u00c9SENTATION, GARANTIE OU D\u00c9CLARATION AUTRE QUE CELLES \u00c9NONC\u00c9ES DANS LE PR\u00c9SENT ACCORD.\n\n<h2>Arbitrage<\/h2>\nTout litige li\u00e9 de quelque mani\u00e8re que ce soit au pr\u00e9sent contrat (y compris toute violation r\u00e9elle ou pr\u00e9sum\u00e9e des pr\u00e9sentes), \u00e0 toute transaction ou activit\u00e9 dans le cadre du pr\u00e9sent contrat ou \u00e0 votre relation avec nous ou l&#8217;une de nos soci\u00e9t\u00e9s affili\u00e9es sera soumis \u00e0 un arbitrage confidentiel, sauf que, dans la mesure o\u00f9 vous avez viol\u00e9 ou menac\u00e9 de violer de quelque mani\u00e8re que ce soit nos droits de propri\u00e9t\u00e9 intellectuelle, nous pouvons demander une injonction ou toute autre mesure appropri\u00e9e aupr\u00e8s d&#8217;un tribunal d&#8217;\u00c9tat ou f\u00e9d\u00e9ral (et vous acceptez la juridiction non exclusive et le lieu de ces tribunaux) ou de tout autre tribunal comp\u00e9tent. L&#8217;arbitrage pr\u00e9vu par le pr\u00e9sent accord sera men\u00e9 selon les r\u00e8gles en vigueur de l&#8217;American Arbitration Association. La sentence de l&#8217;arbitre sera contraignante et pourra \u00eatre inscrite comme un jugement dans tout tribunal comp\u00e9tent. Dans toute la mesure permise par la loi applicable, aucun arbitrage en vertu du pr\u00e9sent accord ne doit \u00eatre joint \u00e0 un arbitrage impliquant toute autre partie soumise au pr\u00e9sent accord, que ce soit par le biais d&#8217;une proc\u00e9dure d&#8217;arbitrage collectif ou autrement.\n\n<h2>Divers<\/h2>\nLe pr\u00e9sent accord est r\u00e9gi par les lois des \u00c9tats-Unis, sans r\u00e9f\u00e9rence aux r\u00e8gles r\u00e9gissant le choix des lois. Vous ne pouvez pas c\u00e9der le pr\u00e9sent accord, par application de la loi ou autrement, sans notre consentement \u00e9crit pr\u00e9alable. Sous r\u00e9serve de cette restriction, le pr\u00e9sent accord lie les parties et leurs successeurs et ayants droit respectifs, leur profite et leur est opposable. Le fait que nous n&#8217;ayons pas exig\u00e9 votre stricte ex\u00e9cution d&#8217;une disposition du pr\u00e9sent accord ne constitue pas une renonciation \u00e0 notre droit d&#8217;appliquer ult\u00e9rieurement cette disposition ou toute autre disposition du pr\u00e9sent accord.\n\nLe fait que <strong>Tufting Europe<\/strong> n&#8217;exerce pas ou n&#8217;applique pas un droit ou une disposition des Conditions d&#8217;utilisation ne constitue pas une renonciation \u00e0 ce droit ou \u00e0 cette disposition. Les Conditions de service constituent l&#8217;int\u00e9gralit\u00e9 de l&#8217;accord entre vous et <strong>Tufting Europe<\/strong> et r\u00e9gissent votre utilisation du Service, rempla\u00e7ant tout accord ant\u00e9rieur entre vous et <strong>Tufting Europe<\/strong> (y compris, mais sans s&#8217;y limiter, toute version ant\u00e9rieure des Conditions de service).\n","protected":false},"excerpt":{"rendered":"<p>Conditions de service du programme d&#8217;affiliation de Tufting Europe Accord En vous inscrivant pour devenir un affili\u00e9 du programme d&#8217;affiliation de Tufting Europe (&#8220;Programme&#8221;), vous acceptez d&#8217;\u00eatre li\u00e9 par les conditions g\u00e9n\u00e9rales suivantes (&#8220;Conditions de service&#8221;). Tufting Europe se r\u00e9serve le droit de mettre \u00e0 jour et de modifier les conditions d&#8217;utilisation de temps \u00e0<\/p>\n","protected":false},"author":1,"featured_media":0,"parent":0,"menu_order":0,"comment_status":"closed","ping_status":"closed","template":"","meta":{"footnotes":""},"class_list":["post-2199","page","type-page","status-publish","hentry"],"_links":{"self":[{"href":"https:\/\/tuftingeurope.com\/fr\/wp-json\/wp\/v2\/pages\/2199","targetHints":{"allow":["GET"]}}],"collection":[{"href":"https:\/\/tuftingeurope.com\/fr\/wp-json\/wp\/v2\/pages"}],"about":[{"href":"https:\/\/tuftingeurope.com\/fr\/wp-json\/wp\/v2\/types\/page"}],"author":[{"embeddable":true,"href":"https:\/\/tuftingeurope.com\/fr\/wp-json\/wp\/v2\/users\/1"}],"replies":[{"embeddable":true,"href":"https:\/\/tuftingeurope.com\/fr\/wp-json\/wp\/v2\/comments?post=2199"}],"version-history":[{"count":0,"href":"https:\/\/tuftingeurope.com\/fr\/wp-json\/wp\/v2\/pages\/2199\/revisions"}],"wp:attachment":[{"href":"https:\/\/tuftingeurope.com\/fr\/wp-json\/wp\/v2\/media?parent=2199"}],"curies":[{"name":"wp","href":"https:\/\/api.w.org\/{rel}","templated":true}]}}