{"id":27793,"date":"2023-01-29T23:03:23","date_gmt":"2023-01-29T22:03:23","guid":{"rendered":"https:\/\/tuftingeurope.com\/collaborer\/"},"modified":"2023-01-29T23:10:45","modified_gmt":"2023-01-29T22:10:45","slug":"collaborer","status":"publish","type":"page","link":"https:\/\/tuftingeurope.com\/fr\/collaborer\/","title":{"rendered":"Collaborer"},"content":{"rendered":"\n<p>H\u00e9, tu es actif sur les m\u00e9dias sociaux et tu penses que nos produits de tufting sont cool ? Nous sommes toujours ouverts \u00e0 des collaborations amusantes ! Remplis le formulaire de contact ci-dessous pour nous joindre. Une fois que tu as postul\u00e9, notre \u00e9quipe te contactera d\u00e8s que possible \ud83d\ude42<\/p>\n\n<p>N&#8217;oublie pas d&#8217;inclure les \u00e9l\u00e9ments suivants dans ton message :<\/p>\n\n<ul class=\"wp-block-list\">\n<li>Nom d&#8217;utilisateur Instagram<\/li>\n\n\n\n<li>Nom d&#8217;utilisateur TikTok<\/li>\n\n\n\n<li>Adresse \u00e9lectronique<\/li>\n\n\n\n<li>Num\u00e9ro de t\u00e9l\u00e9phone<\/li>\n<\/ul>\n\n<p>  Bonne chance !<\/p>\n\n[gravityform id=&#8221;2&#8243; title=&#8221;false&#8221;]\n","protected":false},"excerpt":{"rendered":"<p>H\u00e9, tu es actif sur les m\u00e9dias sociaux et tu penses que nos produits de tufting sont cool ? Nous sommes toujours ouverts \u00e0 des collaborations amusantes ! Remplis le formulaire de contact ci-dessous pour nous joindre. Une fois que tu as postul\u00e9, notre \u00e9quipe te contactera d\u00e8s que possible \ud83d\ude42 N&#8217;oublie pas d&#8217;inclure les<\/p>\n","protected":false},"author":1,"featured_media":0,"parent":0,"menu_order":0,"comment_status":"closed","ping_status":"closed","template":"","meta":{"footnotes":""},"class_list":["post-27793","page","type-page","status-publish","hentry"],"_links":{"self":[{"href":"https:\/\/tuftingeurope.com\/fr\/wp-json\/wp\/v2\/pages\/27793","targetHints":{"allow":["GET"]}}],"collection":[{"href":"https:\/\/tuftingeurope.com\/fr\/wp-json\/wp\/v2\/pages"}],"about":[{"href":"https:\/\/tuftingeurope.com\/fr\/wp-json\/wp\/v2\/types\/page"}],"author":[{"embeddable":true,"href":"https:\/\/tuftingeurope.com\/fr\/wp-json\/wp\/v2\/users\/1"}],"replies":[{"embeddable":true,"href":"https:\/\/tuftingeurope.com\/fr\/wp-json\/wp\/v2\/comments?post=27793"}],"version-history":[{"count":0,"href":"https:\/\/tuftingeurope.com\/fr\/wp-json\/wp\/v2\/pages\/27793\/revisions"}],"wp:attachment":[{"href":"https:\/\/tuftingeurope.com\/fr\/wp-json\/wp\/v2\/media?parent=27793"}],"curies":[{"name":"wp","href":"https:\/\/api.w.org\/{rel}","templated":true}]}}