{"id":33916,"date":"2023-09-22T12:01:26","date_gmt":"2023-09-22T10:01:26","guid":{"rendered":"https:\/\/tuftingeurope.com\/reparations\/"},"modified":"2025-09-23T16:46:01","modified_gmt":"2025-09-23T14:46:01","slug":"repairs","status":"publish","type":"page","link":"https:\/\/tuftingeurope.com\/fr\/repairs\/","title":{"rendered":"Service"},"content":{"rendered":"\n\n\t<section class=\"section\" id=\"section_1680165056\">\n\t\t<div class=\"section-bg fill\" >\n\t\t\t\t\t\t\t\t\t\n\t\t\t\n\n\t\t<\/div>\n\n\t\t\n\n\t\t<div class=\"section-content relative\">\n\t\t\t\n\n<div class=\"row\"  id=\"row-551775595\">\n\n\n\t<div id=\"col-2119692646\" class=\"col small-12 large-12\"  >\n\t\t\t\t<div class=\"col-inner\"  >\n\t\t\t\n\t\t\t\n\n\t<div id=\"text-2944359787\" class=\"text\">\n\t\t\n\n\n\t\t\n<style>\n#text-2944359787 {\n  font-size: 1rem;\n}\n<\/style>\n\t<\/div>\n\t\n<h2><strong>R\u00e9parations de Machines de Tufting<\/strong><\/h2>\n<h3>Nous r\u00e9parons uniquement les machines de tufting achet\u00e9es sur TuftingEurope.com<\/h3>\n<p>Parfois, des impr\u00e9vus surviennent. Et bien s\u00fbr, vous \u00eates en plein milieu d&#8217;une \u00e9ch\u00e9ance pour un client. Heureusement, nous offrons des r\u00e9parations internes. Contactez-nous pour planifier une r\u00e9paration ou demander un devis. Nous sommes l\u00e0 pour que votre machine fonctionne parfaitement !    <\/p>\n<div data-gorgias-contact-form-uid=\"tzik3dgn\"><\/div>\n<p><script defer src=\"https:\/\/contact.gorgias.help\/api\/contact-forms\/loader.js?v=2\" data-gorgias-loader-contact-form=\"\"><\/script><\/p>\n\n\n\t\t<\/div>\n\t\t\t\t\t<\/div>\n\n\t\n\n<\/div>\n<div class=\"text-center\"><div class=\"is-divider divider clearfix\" style=\"max-width:500px;background-color:rgb(0, 0, 0);\"><\/div><\/div>\n\n<div class=\"row\"  id=\"row-577842445\">\n\n\n\t<div id=\"col-1160424333\" class=\"col medium-6 small-12 large-6\"  >\n\t\t\t\t<div class=\"col-inner\"  >\n\t\t\t\n\t\t\t\n\n\t<div id=\"text-3959764586\" class=\"text\">\n\t\t\n\n<h3>Pi\u00e8ces de qualit\u00e9 :  <\/h3>\n<p>\nNous utilisons uniquement des pi\u00e8ces de rechange de premi\u00e8re qualit\u00e9 et neuves pour garantir la long\u00e9vit\u00e9 et les performances optimales de vos machines de tufting.<\/p>\n\t\t\n<style>\n#text-3959764586 {\n  text-align: center;\n  color: rgb(0,0,0);\n}\n#text-3959764586 > * {\n  color: rgb(0,0,0);\n}\n<\/style>\n\t<\/div>\n\t\n\t<div id=\"text-2392052987\" class=\"text\">\n\t\t\n\n<h3>Des prix transparents :<\/h3>\n<p>\nNous croyons en la transparence, c&#8217;est pourquoi nous fournissons des prix clairs et comp\u00e9titifs pour tous nos services de r\u00e9paration. Pas de frais cach\u00e9s ni de surprises &#8211; juste une tarification directe et honn\u00eate.<\/p>\n\t\t\n<style>\n#text-2392052987 {\n  text-align: center;\n  color: rgb(0,0,0);\n}\n#text-2392052987 > * {\n  color: rgb(0,0,0);\n}\n<\/style>\n\t<\/div>\n\t\n\n\t\t<\/div>\n\t\t\t\t\t<\/div>\n\n\t\n\n\t<div id=\"col-15980875\" class=\"col medium-6 small-12 large-6\"  >\n\t\t\t\t<div class=\"col-inner\"  >\n\t\t\t\n\t\t\t\n\n\t<div id=\"text-634517771\" class=\"text\">\n\t\t\n\n<h3>Etiquette de retour et livraison :  <\/h3>\n<p>\nNous fournissons des \u00e9tiquettes d&#8217;exp\u00e9dition sans tracas &#8211; il te suffit d&#8217;emballer ta machine de mani\u00e8re s\u00e9curis\u00e9e et de la d\u00e9poser dans n&#8217;importe quel bureau de poste pris en charge.<\/p>\n\t\t\n<style>\n#text-634517771 {\n  text-align: center;\n  color: rgb(0,0,0);\n}\n#text-634517771 > * {\n  color: rgb(0,0,0);\n}\n<\/style>\n\t<\/div>\n\t\n\t<div id=\"text-476503249\" class=\"text\">\n\t\t\n\n<h3>Nous connaissons nos machines : <\/h3>\n<p>Nos techniciens qualifi\u00e9s savent exactement comment fonctionne une machine de tufting. Avec 5 ans d&#8217;exp\u00e9rience \u00e0 notre actif, tu peux \u00eatre s\u00fbr que ton \u00e9quipement est entre de bonnes mains.<\/p>\n\t\t\n<style>\n#text-476503249 {\n  text-align: center;\n  color: rgb(0,0,0);\n}\n#text-476503249 > * {\n  color: rgb(0,0,0);\n}\n<\/style>\n\t<\/div>\n\t\n\n\t\t<\/div>\n\t\t\t\t\t<\/div>\n\n\t\n\n<\/div>\n\n\t\t<\/div>\n\n\t\t\n<style>\n#section_1680165056 {\n  padding-top: 30px;\n  padding-bottom: 30px;\n}\n<\/style>\n\t<\/section>\n\t\n\n","protected":false},"excerpt":{"rendered":"","protected":false},"author":1,"featured_media":0,"parent":0,"menu_order":0,"comment_status":"closed","ping_status":"closed","template":"page-blank.php","meta":{"footnotes":""},"class_list":["post-33916","page","type-page","status-publish","hentry"],"_links":{"self":[{"href":"https:\/\/tuftingeurope.com\/fr\/wp-json\/wp\/v2\/pages\/33916","targetHints":{"allow":["GET"]}}],"collection":[{"href":"https:\/\/tuftingeurope.com\/fr\/wp-json\/wp\/v2\/pages"}],"about":[{"href":"https:\/\/tuftingeurope.com\/fr\/wp-json\/wp\/v2\/types\/page"}],"author":[{"embeddable":true,"href":"https:\/\/tuftingeurope.com\/fr\/wp-json\/wp\/v2\/users\/1"}],"replies":[{"embeddable":true,"href":"https:\/\/tuftingeurope.com\/fr\/wp-json\/wp\/v2\/comments?post=33916"}],"version-history":[{"count":3,"href":"https:\/\/tuftingeurope.com\/fr\/wp-json\/wp\/v2\/pages\/33916\/revisions"}],"predecessor-version":[{"id":70230,"href":"https:\/\/tuftingeurope.com\/fr\/wp-json\/wp\/v2\/pages\/33916\/revisions\/70230"}],"wp:attachment":[{"href":"https:\/\/tuftingeurope.com\/fr\/wp-json\/wp\/v2\/media?parent=33916"}],"curies":[{"name":"wp","href":"https:\/\/api.w.org\/{rel}","templated":true}]}}