{"id":9244,"date":"2021-10-27T16:58:14","date_gmt":"2021-10-27T14:58:14","guid":{"rendered":"https:\/\/tuftingeurope.com\/retours-et-remboursements\/"},"modified":"2025-06-18T16:37:53","modified_gmt":"2025-06-18T14:37:53","slug":"returns-and-refunds","status":"publish","type":"page","link":"https:\/\/tuftingeurope.com\/fr\/returns-and-refunds\/","title":{"rendered":"Retours et remboursements"},"content":{"rendered":"\n<h3 class=\"wp-block-heading\">Les retours peuvent \u00eatre demand\u00e9s jusqu&#8217;\u00e0 14 jours apr\u00e8s la livraison. Pour initier un retour, veuillez nous contacter \u00e0 <a>support@tuftingeurope.com<\/a> en pr\u00e9cisant votre num\u00e9ro de commande. <\/h3>\n\n<div style=\"height:25px\" aria-hidden=\"true\" class=\"wp-block-spacer\"><\/div>\n\n<p>Vous pouvez retourner un colis \u00e0 vos propres frais en utilisant le transporteur de votre choix, ou demander une \u00e9tiquette pr\u00e9pay\u00e9e aupr\u00e8s de nos services. Le co\u00fbt de nos \u00e9tiquettes est bas\u00e9 sur votre localisation et sera d\u00e9duit du montant total de votre remboursement, veuillez consulter le tableau ci-dessous. <\/p>\n\n<p><strong>Pays hors UE (par exemple, Royaume-Uni, Norv\u00e8ge, Suisse)<\/strong><br\/>Les retours peuvent \u00eatre organis\u00e9s \u00e0 vos frais vers notre entrep\u00f4t. Pour les r\u00e9parations, nous prendrons en charge les frais d&#8217;exp\u00e9dition de retour une fois la r\u00e9paration effectu\u00e9e. <\/p>\n\n<table id=\"tablepress-9\" class=\"tablepress tablepress-id-9\">\n<thead>\n<tr class=\"row-1\">\n\t<th class=\"column-1\">Country<\/th><th class=\"column-2\">Pre-paid label charge<\/th>\n<\/tr>\n<\/thead>\n<tbody class=\"row-striping row-hover\">\n<tr class=\"row-2\">\n\t<td class=\"column-1\">\ud83c\udde6\ud83c\uddf9 Austria<\/td><td class=\"column-2\">\u20ac10<\/td>\n<\/tr>\n<tr class=\"row-3\">\n\t<td class=\"column-1\">\ud83c\udde7\ud83c\uddea Belgium<\/td><td class=\"column-2\">\u20ac6<\/td>\n<\/tr>\n<tr class=\"row-4\">\n\t<td class=\"column-1\">\ud83c\udde7\ud83c\uddec Bulgaria<\/td><td class=\"column-2\">\u20ac10<\/td>\n<\/tr>\n<tr class=\"row-5\">\n\t<td class=\"column-1\">\ud83c\udded\ud83c\uddf7 Croatia<\/td><td class=\"column-2\">\u20ac10<\/td>\n<\/tr>\n<tr class=\"row-6\">\n\t<td class=\"column-1\">\ud83c\udde8\ud83c\uddff Czech Republic<\/td><td class=\"column-2\">\u20ac10<\/td>\n<\/tr>\n<tr class=\"row-7\">\n\t<td class=\"column-1\">\ud83c\udde9\ud83c\uddf0 Denmark<\/td><td class=\"column-2\">\u20ac10<\/td>\n<\/tr>\n<tr class=\"row-8\">\n\t<td class=\"column-1\">\ud83c\udde9\ud83c\uddea Germany<\/td><td class=\"column-2\">\u20ac10<\/td>\n<\/tr>\n<tr class=\"row-9\">\n\t<td class=\"column-1\">\ud83c\uddea\ud83c\uddea Estonia<\/td><td class=\"column-2\">\u20ac10<\/td>\n<\/tr>\n<tr class=\"row-10\">\n\t<td class=\"column-1\">\ud83c\uddeb\ud83c\uddee Finland<\/td><td class=\"column-2\">\u20ac10<\/td>\n<\/tr>\n<tr class=\"row-11\">\n\t<td class=\"column-1\">\ud83c\uddeb\ud83c\uddf7 France<\/td><td class=\"column-2\">\u20ac10<\/td>\n<\/tr>\n<tr class=\"row-12\">\n\t<td class=\"column-1\">\ud83c\uddec\ud83c\uddf7 Greece<\/td><td class=\"column-2\">\u20ac15<\/td>\n<\/tr>\n<tr class=\"row-13\">\n\t<td class=\"column-1\">\ud83c\udded\ud83c\uddfa Hungary<\/td><td class=\"column-2\">\u20ac10<\/td>\n<\/tr>\n<tr class=\"row-14\">\n\t<td class=\"column-1\">\ud83c\uddee\ud83c\uddea Ireland<\/td><td class=\"column-2\">\u20ac10<\/td>\n<\/tr>\n<tr class=\"row-15\">\n\t<td class=\"column-1\">\ud83c\uddee\ud83c\uddf9 Italy<\/td><td class=\"column-2\">\u20ac10<\/td>\n<\/tr>\n<tr class=\"row-16\">\n\t<td class=\"column-1\">\ud83c\uddf1\ud83c\uddfb Latvia<\/td><td class=\"column-2\">\u20ac10<\/td>\n<\/tr>\n<tr class=\"row-17\">\n\t<td class=\"column-1\">\ud83c\uddf1\ud83c\uddf9 Lithuania<\/td><td class=\"column-2\">\u20ac10<\/td>\n<\/tr>\n<tr class=\"row-18\">\n\t<td class=\"column-1\">\ud83c\uddf1\ud83c\uddfa Luxembourg<\/td><td class=\"column-2\">\u20ac10<\/td>\n<\/tr>\n<tr class=\"row-19\">\n\t<td class=\"column-1\">\ud83c\uddf3\ud83c\uddf1 Netherlands<\/td><td class=\"column-2\">\u20ac6<\/td>\n<\/tr>\n<tr class=\"row-20\">\n\t<td class=\"column-1\">\ud83c\uddf5\ud83c\uddf1 Poland<\/td><td class=\"column-2\">\u20ac10<\/td>\n<\/tr>\n<tr class=\"row-21\">\n\t<td class=\"column-1\">\ud83c\uddf5\ud83c\uddf9 Portugal<\/td><td class=\"column-2\">\u20ac10<\/td>\n<\/tr>\n<tr class=\"row-22\">\n\t<td class=\"column-1\">\ud83c\uddf7\ud83c\uddf4 Romania<\/td><td class=\"column-2\">\u20ac10<\/td>\n<\/tr>\n<tr class=\"row-23\">\n\t<td class=\"column-1\">\ud83c\uddf8\ud83c\uddf0 Slovakia<\/td><td class=\"column-2\">\u20ac10<\/td>\n<\/tr>\n<tr class=\"row-24\">\n\t<td class=\"column-1\">\ud83c\uddf8\ud83c\uddee Slovenia<\/td><td class=\"column-2\">\u20ac10<\/td>\n<\/tr>\n<tr class=\"row-25\">\n\t<td class=\"column-1\">\ud83c\uddea\ud83c\uddf8 Spain<\/td><td class=\"column-2\">\u20ac10<\/td>\n<\/tr>\n<tr class=\"row-26\">\n\t<td class=\"column-1\">\ud83c\uddf8\ud83c\uddea Sweden<\/td><td class=\"column-2\">\u20ac10<\/td>\n<\/tr>\n<\/tbody>\n<\/table>\n<!-- #tablepress-9 from cache -->\n<p>Pour \u00eatre \u00e9ligible \u00e0 un retour :<\/p>\n\n<ul class=\"wp-block-list\">\n<li>Veuillez inclure tous les cordons, accessoires et documents.<\/li>\n\n\n\n<li>Assurez-vous que le produit est dans son \u00e9tat d&#8217;origine, inutilis\u00e9.<\/li>\n\n\n\n<li>Emballez soigneusement pour \u00e9viter tout dommage pendant le transport<\/li>\n<\/ul>\n\n<p>Nous nous r\u00e9servons le droit d&#8217;appliquer un remboursement partiel dans les situations suivantes :<\/p>\n\n<ul class=\"wp-block-list\">\n<li>L&#8217;article est utilis\u00e9, n&#8217;est pas dans son \u00e9tat d&#8217;origine, ou des pi\u00e8ces sont manquantes (non d\u00fb \u00e0 une erreur de notre part)<\/li>\n<\/ul>\n\n<p>Si approuv\u00e9, votre remboursement sera effectu\u00e9 sur votre moyen de paiement initial dans un d\u00e9lai de <strong>3 jours ouvrables<\/strong>, d\u00e9duction faite des frais de retour.<\/p>\n\n<div style=\"height:26px\" aria-hidden=\"true\" class=\"wp-block-spacer\"><\/div>\n\n<h3 class=\"wp-block-heading\">\ud83d\udd04 \u00c9changes sous garantie<\/h3>\n\n<p>Si votre article est arriv\u00e9 endommag\u00e9 ou d\u00e9fectueux, veuillez nous envoyer un courriel avec des photos et une description du probl\u00e8me (par exemple, d\u00e9faut de fabrication, dommage lors de l&#8217;exp\u00e9dition). Nous r\u00e9soudrons la situation &#8211; contactez-nous \u00e0 <a>support@tuftingeurope.com<\/a>. <\/p>\n\n<div style=\"height:26px\" aria-hidden=\"true\" class=\"wp-block-spacer\"><\/div>\n\n<h3 class=\"wp-block-heading\">\ud83d\udd16 Prix sold\u00e9s<\/h3>\n\n<p>Tous les articles \u00e0 prix r\u00e9duit ou promotionnels sont <strong>vendus ferme<\/strong> et <strong>non remboursables<\/strong>.<\/p>\n","protected":false},"excerpt":{"rendered":"<p>Les retours peuvent \u00eatre demand\u00e9s jusqu&#8217;\u00e0 14 jours apr\u00e8s la livraison. Pour initier un retour, veuillez nous contacter \u00e0 support@tuftingeurope.com en pr\u00e9cisant votre num\u00e9ro de commande. Vous pouvez retourner un colis \u00e0 vos propres frais en utilisant le transporteur de votre choix, ou demander une \u00e9tiquette pr\u00e9pay\u00e9e aupr\u00e8s de nos services. Le co\u00fbt de nos<\/p>\n","protected":false},"author":1,"featured_media":0,"parent":0,"menu_order":0,"comment_status":"closed","ping_status":"closed","template":"page-right-sidebar.php","meta":{"footnotes":""},"class_list":["post-9244","page","type-page","status-publish","hentry"],"_links":{"self":[{"href":"https:\/\/tuftingeurope.com\/fr\/wp-json\/wp\/v2\/pages\/9244","targetHints":{"allow":["GET"]}}],"collection":[{"href":"https:\/\/tuftingeurope.com\/fr\/wp-json\/wp\/v2\/pages"}],"about":[{"href":"https:\/\/tuftingeurope.com\/fr\/wp-json\/wp\/v2\/types\/page"}],"author":[{"embeddable":true,"href":"https:\/\/tuftingeurope.com\/fr\/wp-json\/wp\/v2\/users\/1"}],"replies":[{"embeddable":true,"href":"https:\/\/tuftingeurope.com\/fr\/wp-json\/wp\/v2\/comments?post=9244"}],"version-history":[{"count":2,"href":"https:\/\/tuftingeurope.com\/fr\/wp-json\/wp\/v2\/pages\/9244\/revisions"}],"predecessor-version":[{"id":56202,"href":"https:\/\/tuftingeurope.com\/fr\/wp-json\/wp\/v2\/pages\/9244\/revisions\/56202"}],"wp:attachment":[{"href":"https:\/\/tuftingeurope.com\/fr\/wp-json\/wp\/v2\/media?parent=9244"}],"curies":[{"name":"wp","href":"https:\/\/api.w.org\/{rel}","templated":true}]}}