{"id":9269,"date":"2022-04-26T10:43:00","date_gmt":"2022-04-26T08:43:00","guid":{"rendered":"https:\/\/tuftingeurope.com\/restons-en-contact\/"},"modified":"2022-04-26T10:43:00","modified_gmt":"2022-04-26T08:43:00","slug":"restons-en-contact","status":"publish","type":"page","link":"https:\/\/tuftingeurope.com\/fr\/restons-en-contact\/","title":{"rendered":"Restons en contact"},"content":{"rendered":"<p>Bonjour  <span id=\"bwfan_contact_name\">John<\/span>\n<p>Aidez-nous \u00e0 am\u00e9liorer votre exp\u00e9rience avec nous par une meilleure communication. Veuillez ajuster vos pr\u00e9f\u00e9rences pour l&#8217;e-mail <span id=\"bwfan_contact_email\">john@example.com<\/span>.<\/p>\n\n","protected":false},"excerpt":{"rendered":"<p>Bonjour Aidez-nous \u00e0 am\u00e9liorer votre exp\u00e9rience avec nous par une meilleure communication. Veuillez ajuster vos pr\u00e9f\u00e9rences pour l&#8217;e-mail .<\/p>\n","protected":false},"author":1,"featured_media":0,"parent":0,"menu_order":0,"comment_status":"closed","ping_status":"closed","template":"","meta":{"footnotes":""},"class_list":["post-9269","page","type-page","status-publish","hentry"],"_links":{"self":[{"href":"https:\/\/tuftingeurope.com\/fr\/wp-json\/wp\/v2\/pages\/9269","targetHints":{"allow":["GET"]}}],"collection":[{"href":"https:\/\/tuftingeurope.com\/fr\/wp-json\/wp\/v2\/pages"}],"about":[{"href":"https:\/\/tuftingeurope.com\/fr\/wp-json\/wp\/v2\/types\/page"}],"author":[{"embeddable":true,"href":"https:\/\/tuftingeurope.com\/fr\/wp-json\/wp\/v2\/users\/1"}],"replies":[{"embeddable":true,"href":"https:\/\/tuftingeurope.com\/fr\/wp-json\/wp\/v2\/comments?post=9269"}],"version-history":[{"count":0,"href":"https:\/\/tuftingeurope.com\/fr\/wp-json\/wp\/v2\/pages\/9269\/revisions"}],"wp:attachment":[{"href":"https:\/\/tuftingeurope.com\/fr\/wp-json\/wp\/v2\/media?parent=9269"}],"curies":[{"name":"wp","href":"https:\/\/api.w.org\/{rel}","templated":true}]}}