{"id":17959,"date":"2022-12-06T16:31:29","date_gmt":"2022-12-06T15:31:29","guid":{"rendered":"https:\/\/tuftingeurope.com\/product\/outil-de-touffetage-artisanal-a-boucles\/"},"modified":"2025-09-30T15:25:56","modified_gmt":"2025-09-30T13:25:56","slug":"manual-tufting-tool-loop-pile-2-8mm","status":"publish","type":"product","link":"https:\/\/tuftingeurope.com\/fr\/produit\/manual-tufting-tool-loop-pile-2-8mm\/","title":{"rendered":"Manual Tufting Tool Loop Pile 2-8mm"},"content":{"rendered":"<p><iframe title=\"Manual Tufting Tool Loop Pile 2-8mm\" width=\"1020\" height=\"574\" src=\"https:\/\/www.youtube.com\/embed\/jtjN5xqUwKs?feature=oembed\" frameborder=\"0\" allow=\"accelerometer; autoplay; clipboard-write; encrypted-media; gyroscope; picture-in-picture; web-share\" referrerpolicy=\"strict-origin-when-cross-origin\" allowfullscreen><\/iframe><\/p>\n<p>Notre outil manuel de tuftage en boucle est un outil rotatif manuel semi-automatique pour le crochetage des tapis. Au fil des ans, on l&#8217;a aussi appel\u00e9e aiguille \u00e0 tapis de type &#8220;batteur \u00e0 \u0153ufs&#8221;, car le mouvement de la main qui tourne le petit manche est semblable \u00e0 celui d&#8217;un batteur \u00e0 \u0153ufs. Il s&#8217;agit de l&#8217;outil manuel tufting le plus rapide disponible et il offre de nombreux avantages par rapport au pistolet \u00e9lectrique tufting.  <\/p>\n<p>Il fonctionne comme une machine \u00e0 coudre portative : Une main guide l&#8217;outil sur le tissu, tandis que l&#8217;autre main tourne la petite poign\u00e9e.<br \/>\nAvec la rotation, le m\u00e9canisme fait monter et descendre deux aiguilles. L&#8217;aiguille ext\u00e9rieure ouvre le tissu, et l&#8217;aiguille int\u00e9rieure pousse une boucle de fil \u00e0 travers l&#8217;ouverture. Produisant un beau et volumineux tapis \u00e0 l&#8217;arri\u00e8re.  <\/p>\n<p>Il est con\u00e7u pour travailler avec un seul fil de laine d&#8217;environ 3 \u00e0 4 brins et de pr\u00e9f\u00e9rence 100 % laine, mais par exemple, l&#8217;acrylique peut \u00e9galement \u00eatre utilis\u00e9 \u00e0 condition qu&#8217;il soit l\u00e9g\u00e8rement plus fin.<\/p>\n<p>Cet outil manuel tufting est unique \u00e0 bien des \u00e9gards. Il produit environ 200 boucles par minute, ce qui le rend plus de dix fois plus rapide que l&#8217;aiguille \u00e0 poin\u00e7onner traditionnelle. L&#8217;outil peut se d\u00e9placer vers l&#8217;avant et l&#8217;arri\u00e8re, ce qui facilite la cr\u00e9ation de vos dessins en toute libert\u00e9. C&#8217;est comme peindre avec du fil, sans aucune limite.   <\/p>\n<div style=\"width: 720px;\" class=\"wp-video\"><video class=\"wp-video-shortcode\" id=\"video-17959-1\" width=\"720\" height=\"720\" autoplay preload=\"metadata\" controls=\"controls\"><source type=\"video\/mp4\" src=\"https:\/\/tuftingeurope.com\/wp-content\/uploads\/2022\/12\/Danella-tool-in-action.mp4?_=1\" \/><a href=\"https:\/\/tuftingeurope.com\/wp-content\/uploads\/2022\/12\/Danella-tool-in-action.mp4\">https:\/\/tuftingeurope.com\/wp-content\/uploads\/2022\/12\/Danella-tool-in-action.mp4<\/a><\/video><\/div>\n","protected":false},"excerpt":{"rendered":"<p>Notre outil manuel tufting \u00e0 boucles fonctionne comme une aiguille \u00e0 poin\u00e7onner et perce des boucles \u00e0 travers tout tissu tiss\u00e9 relativement l\u00e2che. C&#8217;est comme peindre avec du fil. Cr\u00e9ez facilement des tapis ou d&#8217;autres projets mignons comme des coussins.  <\/p>\n<ul>\n<li>Dix fois plus rapide que l&#8217;aiguille de perforation traditionnelle<\/li>\n<li>Peut \u00eatre r\u00e9gl\u00e9 \u00e0 2mm ou 8mm.<\/li>\n<\/ul>\n","protected":false},"featured_media":46218,"template":"","meta":[],"product_brand":[],"product_cat":[122],"product_tag":[],"class_list":{"0":"post-17959","1":"product","2":"type-product","3":"status-publish","4":"has-post-thumbnail","6":"product_cat-aiguilles-a-poinconner","8":"first","9":"instock","10":"sale","11":"taxable","12":"shipping-taxable","13":"purchasable","14":"product-type-simple"},"_links":{"self":[{"href":"https:\/\/tuftingeurope.com\/fr\/wp-json\/wp\/v2\/product\/17959","targetHints":{"allow":["GET"]}}],"collection":[{"href":"https:\/\/tuftingeurope.com\/fr\/wp-json\/wp\/v2\/product"}],"about":[{"href":"https:\/\/tuftingeurope.com\/fr\/wp-json\/wp\/v2\/types\/product"}],"wp:featuredmedia":[{"embeddable":true,"href":"https:\/\/tuftingeurope.com\/fr\/wp-json\/wp\/v2\/media\/46218"}],"wp:attachment":[{"href":"https:\/\/tuftingeurope.com\/fr\/wp-json\/wp\/v2\/media?parent=17959"}],"wp:term":[{"taxonomy":"product_brand","embeddable":true,"href":"https:\/\/tuftingeurope.com\/fr\/wp-json\/wp\/v2\/product_brand?post=17959"},{"taxonomy":"product_cat","embeddable":true,"href":"https:\/\/tuftingeurope.com\/fr\/wp-json\/wp\/v2\/product_cat?post=17959"},{"taxonomy":"product_tag","embeddable":true,"href":"https:\/\/tuftingeurope.com\/fr\/wp-json\/wp\/v2\/product_tag?post=17959"}],"curies":[{"name":"wp","href":"https:\/\/api.w.org\/{rel}","templated":true}]}}