{"id":2139,"date":"2021-03-20T09:50:59","date_gmt":"2021-03-20T08:50:59","guid":{"rendered":"https:\/\/tuftingeurope.com\/product\/support-de-tapis-200x200cm\/"},"modified":"2026-03-30T12:38:25","modified_gmt":"2026-03-30T10:38:25","slug":"primary-tufting-cloth-200x200cm","status":"publish","type":"product","link":"https:\/\/tuftingeurope.com\/fr\/produit\/primary-tufting-cloth-200x200cm\/","title":{"rendered":"Tissu \u00e0 touffeter primaire 200x200cm"},"content":{"rendered":"<p>En somme, le tissu tufting primaire est un composant essentiel dans le processus de tufting, car il fournit une couche de base solide et stable qui contribue \u00e0 pr\u00e9venir les d\u00e9chirures et \u00e0 produire des projets touffet\u00e9s de haute qualit\u00e9. Con\u00e7u pour \u00eatre robuste et durable, ce qui le rend moins susceptible de se d\u00e9chirer pendant le processus de tufting.  Le tissu est fabriqu\u00e9 \u00e0 partir d&#8217;un m\u00e9lange de polyester et de polypropyl\u00e8ne, deux fibres synth\u00e9tiques qui ont une excellente r\u00e9sistance \u00e0 la traction et \u00e0 la d\u00e9chirure.<\/p>\n<h2>Emp\u00eache les d\u00e9chirures et les accrochages.<\/h2>\n<p>Lors du tufting, le fil tufting est pouss\u00e9 \u00e0 travers la toile primaire tufting \u00e0 l&#8217;aide d&#8217;un pistolet tufting ou d&#8217;une aiguille. En raison de sa composition en fibres synth\u00e9tiques robustes, la toile primaire tufting est capable de r\u00e9sister \u00e0 la force de l&#8217;aiguille ou du pistolet tufting sans se d\u00e9chirer ni s&#8217;accrocher. <\/p>\n<p>De plus, la toile primaire tufting est tiss\u00e9e avec une trame serr\u00e9e, ce qui contribue davantage \u00e0 pr\u00e9venir les d\u00e9chirures. Cette trame serr\u00e9e cr\u00e9e une surface lisse et stable sur laquelle le fil tufting peut \u00eatre fix\u00e9 avec aisance, r\u00e9duisant ainsi le risque que le fil ne s&#8217;accroche ou ne s&#8217;emm\u00eale durant le processus de tufting. <\/p>\n<p>Lis nos conseils pour <a href=\"https:\/\/tuftingeurope.com\/fr\/guides-fr\/pourquoi-ma-toile-de-fond-se-dechire-t-elle\/\"><br \/>\n  <strong>\u00e9viter de d\u00e9chirer ou d&#8217;ab\u00eemer ton tissu<\/strong><br \/>\n<\/a>.<\/p>\n<h2>Lignes directrices pour la notation et la r\u00e9f\u00e9rence.<\/h2>\n<p>Des lignes directrices jaunes sont tiss\u00e9es tous les 5 cm, ce qui facilite le marquage et le tuftage de tes motifs. Les lignes directrices pour le touffetage sont particuli\u00e8rement utiles lors de la r\u00e9alisation de motifs tufting de grande taille ou complexes, car elles peuvent contribuer \u00e0 garantir que le motif soit correctement align\u00e9 et visuellement attrayant. En suivant les directives, tu \u00e9vites de cr\u00e9er des lignes tordues ou in\u00e9gales dans le motif touffet\u00e9, ce qui peut nuire \u00e0 la qualit\u00e9 g\u00e9n\u00e9rale du tapis fini.  <\/p>\n","protected":false},"excerpt":{"rendered":"<p>Le tissu que tout tuteur devrait utiliser. Le tissu tufting primaire fournit une couche de base solide sur laquelle le fil de tufting peut \u00eatre fix\u00e9 ais\u00e9ment, et il est plus indulgent face aux erreurs qui provoquent des d\u00e9chirures. Il rend le processus de tufting plus amusant, efficace et produit de meilleurs r\u00e9sultats. Un tissu tufting de haute qualit\u00e9 o\u00f9 tous vos projets de tapis prennent vie.  <\/p>\n<p><img decoding=\"async\" class=\"alignnone wp-image-32153\" src=\"https:\/\/tuftingeurope.com\/wp-content\/uploads\/2021\/03\/large-300x300.png\" alt=\"\" width=\"18\" height=\"18\" srcset=\"https:\/\/tuftingeurope.com\/wp-content\/uploads\/2021\/03\/large-300x300.png 300w, https:\/\/tuftingeurope.com\/wp-content\/uploads\/2021\/03\/large-100x100.png 100w, https:\/\/tuftingeurope.com\/wp-content\/uploads\/2021\/03\/large-150x150.png 150w, https:\/\/tuftingeurope.com\/wp-content\/uploads\/2021\/03\/large.png 512w\" sizes=\"(max-width: 18px) 100vw, 18px\" \/> 200 x 200 cm &#8211; 4 m\u00e8tres carr\u00e9s<br \/>\n<img decoding=\"async\" class=\"alignnone wp-image-32167\" src=\"https:\/\/tuftingeurope.com\/wp-content\/uploads\/2021\/03\/rug-2-300x300.png\" alt=\"\" width=\"18\" height=\"18\" srcset=\"https:\/\/tuftingeurope.com\/wp-content\/uploads\/2021\/03\/rug-2-300x300.png 300w, https:\/\/tuftingeurope.com\/wp-content\/uploads\/2021\/03\/rug-2-100x100.png 100w, https:\/\/tuftingeurope.com\/wp-content\/uploads\/2021\/03\/rug-2-150x150.png 150w, https:\/\/tuftingeurope.com\/wp-content\/uploads\/2021\/03\/rug-2.png 512w\" sizes=\"(max-width: 18px) 100vw, 18px\" \/> Suffisant pour 4 \u00e0 7 tapis de taille moyenne<\/p>\n","protected":false},"featured_media":37804,"template":"","meta":[],"product_brand":[],"product_cat":[121],"product_tag":[],"class_list":{"0":"post-2139","1":"product","2":"type-product","3":"status-publish","4":"has-post-thumbnail","6":"product_cat-tissus-de-tufting","8":"first","9":"instock","10":"taxable","11":"shipping-taxable","12":"purchasable","13":"product-type-simple"},"_links":{"self":[{"href":"https:\/\/tuftingeurope.com\/fr\/wp-json\/wp\/v2\/product\/2139","targetHints":{"allow":["GET"]}}],"collection":[{"href":"https:\/\/tuftingeurope.com\/fr\/wp-json\/wp\/v2\/product"}],"about":[{"href":"https:\/\/tuftingeurope.com\/fr\/wp-json\/wp\/v2\/types\/product"}],"wp:featuredmedia":[{"embeddable":true,"href":"https:\/\/tuftingeurope.com\/fr\/wp-json\/wp\/v2\/media\/37804"}],"wp:attachment":[{"href":"https:\/\/tuftingeurope.com\/fr\/wp-json\/wp\/v2\/media?parent=2139"}],"wp:term":[{"taxonomy":"product_brand","embeddable":true,"href":"https:\/\/tuftingeurope.com\/fr\/wp-json\/wp\/v2\/product_brand?post=2139"},{"taxonomy":"product_cat","embeddable":true,"href":"https:\/\/tuftingeurope.com\/fr\/wp-json\/wp\/v2\/product_cat?post=2139"},{"taxonomy":"product_tag","embeddable":true,"href":"https:\/\/tuftingeurope.com\/fr\/wp-json\/wp\/v2\/product_tag?post=2139"}],"curies":[{"name":"wp","href":"https:\/\/api.w.org\/{rel}","templated":true}]}}