{"id":2158,"date":"2021-04-28T11:12:23","date_gmt":"2021-04-28T09:12:23","guid":{"rendered":"https:\/\/tuftingeurope.com\/product\/grippeur-de-tapis-frame-750cm\/"},"modified":"2026-03-13T15:18:25","modified_gmt":"2026-03-13T14:18:25","slug":"cadre-grippeur-de-draps-750cm","status":"publish","type":"product","link":"https:\/\/tuftingeurope.com\/fr\/produit\/cadre-grippeur-de-draps-750cm\/","title":{"rendered":"Griffes en tissu pour cadres de tufting | 750cm"},"content":{"rendered":"<p>Ces pinces de haute qualit\u00e9 sont essentielles pour quiconque construit son propre cadre tufting, garantissant une prise ferme sur votre tissu afin que vous puissiez vous concentrer sur la cr\u00e9ation de votre design sans interruptions.<\/p>\n<p>Avec une longueur totale de 7,5 m\u00e8tres r\u00e9partis sur 25 bandes (chacune de 30 cm), vous aurez suffisamment de grippers pour couvrir un cadre d&#8217;une taille allant jusqu&#8217;\u00e0 1,90 m\u00e8tres carr\u00e9s.<\/p>\n<h3>L&#8217;installation est simple<\/h3>\n<p>Chaque bande peut \u00eatre facilement fix\u00e9e \u00e0 votre cadre \u00e0 l&#8217;aide de vis ou de clous (non inclus). Nous ne recommandons pas de les coller. Positionnez les bandes le long des bords de votre cadre. Vous construisez un tr\u00e8s grand cadre ? Nous recommandons alors deux rang\u00e9es de pinces \u00e0 tissu.    <\/p>\n<p>Ces pinces \u00e0 tissu doivent \u00eatre fix\u00e9es avec les aiguilles pointant vers l&#8217;ext\u00e9rieur. Si elles sont point\u00e9es vers l&#8217;int\u00e9rieur, cela ne fonctionnera pas. <\/p>\n<p><img fetchpriority=\"high\" decoding=\"async\" class=\"alignnone size-full wp-image-6537\" src=\"https:\/\/tuftingeurope.com\/wp-content\/uploads\/2021\/10\/frame-grippers.png\" alt=\"\" width=\"1280\" height=\"720\" title=\"\" srcset=\"https:\/\/tuftingeurope.com\/wp-content\/uploads\/2021\/10\/frame-grippers.png 1280w, https:\/\/tuftingeurope.com\/wp-content\/uploads\/2021\/10\/frame-grippers-1000x563.png 1000w, https:\/\/tuftingeurope.com\/wp-content\/uploads\/2021\/10\/frame-grippers-300x169.png 300w, https:\/\/tuftingeurope.com\/wp-content\/uploads\/2021\/10\/frame-grippers-1024x576.png 1024w, https:\/\/tuftingeurope.com\/wp-content\/uploads\/2021\/10\/frame-grippers-768x432.png 768w, https:\/\/tuftingeurope.com\/wp-content\/uploads\/2021\/10\/frame-grippers-575x323.png 575w\" sizes=\"(max-width: 1280px) 100vw, 1280px\" \/><\/p>\n<p><img decoding=\"async\" class=\"alignnone wp-image-6623 size-full\" src=\"https:\/\/tuftingeurope.com\/wp-content\/uploads\/2021\/10\/backing-cloth-on-frame-grips-edited.jpeg\" alt=\"\" width=\"1520\" height=\"855\" title=\"\" srcset=\"https:\/\/tuftingeurope.com\/wp-content\/uploads\/2021\/10\/backing-cloth-on-frame-grips-edited.jpeg 1520w, https:\/\/tuftingeurope.com\/wp-content\/uploads\/2021\/10\/backing-cloth-on-frame-grips-edited-1000x563.jpeg 1000w, https:\/\/tuftingeurope.com\/wp-content\/uploads\/2021\/10\/backing-cloth-on-frame-grips-edited-300x169.jpeg 300w, https:\/\/tuftingeurope.com\/wp-content\/uploads\/2021\/10\/backing-cloth-on-frame-grips-edited-1024x576.jpeg 1024w, https:\/\/tuftingeurope.com\/wp-content\/uploads\/2021\/10\/backing-cloth-on-frame-grips-edited-768x432.jpeg 768w, https:\/\/tuftingeurope.com\/wp-content\/uploads\/2021\/10\/backing-cloth-on-frame-grips-edited-1320x743.jpeg 1320w, https:\/\/tuftingeurope.com\/wp-content\/uploads\/2021\/10\/backing-cloth-on-frame-grips-edited-575x323.jpeg 575w\" sizes=\"(max-width: 1520px) 100vw, 1520px\" \/><\/p>\n","protected":false},"excerpt":{"rendered":"<p>Ces pinces \u00e0 tissu sont essentielles pour maintenir votre tissu tufting principal dans un cadre. Ce pack se compose de 25 lattes, chacune d&#8217;une longueur de 30 cm, avec des clous ac\u00e9r\u00e9s pour maintenir fermement le tissu. Il suffit de les fixer autour des bords de votre cadre tufting pour cr\u00e9er une installation robuste et professionnelle.  <\/p>\n<p>Supposons que vous vouliez un cadre carr\u00e9, divisez alors 750 cm par 4. Cela fait 187,5 cm par c\u00f4t\u00e9. Parfait pour un grand cadre d&#8217;environ 1,90 x 1,90 m &#8211; se combine parfaitement avec notre toile de tufting de 200&#215;200 cm.  <\/p>\n","protected":false},"featured_media":38088,"template":"","meta":[],"product_brand":[],"product_cat":[126],"product_tag":[],"class_list":{"0":"post-2158","1":"product","2":"type-product","3":"status-publish","4":"has-post-thumbnail","6":"product_cat-poignees-du-cadre","8":"first","9":"instock","10":"taxable","11":"shipping-taxable","12":"purchasable","13":"product-type-simple"},"_links":{"self":[{"href":"https:\/\/tuftingeurope.com\/fr\/wp-json\/wp\/v2\/product\/2158","targetHints":{"allow":["GET"]}}],"collection":[{"href":"https:\/\/tuftingeurope.com\/fr\/wp-json\/wp\/v2\/product"}],"about":[{"href":"https:\/\/tuftingeurope.com\/fr\/wp-json\/wp\/v2\/types\/product"}],"wp:featuredmedia":[{"embeddable":true,"href":"https:\/\/tuftingeurope.com\/fr\/wp-json\/wp\/v2\/media\/38088"}],"wp:attachment":[{"href":"https:\/\/tuftingeurope.com\/fr\/wp-json\/wp\/v2\/media?parent=2158"}],"wp:term":[{"taxonomy":"product_brand","embeddable":true,"href":"https:\/\/tuftingeurope.com\/fr\/wp-json\/wp\/v2\/product_brand?post=2158"},{"taxonomy":"product_cat","embeddable":true,"href":"https:\/\/tuftingeurope.com\/fr\/wp-json\/wp\/v2\/product_cat?post=2158"},{"taxonomy":"product_tag","embeddable":true,"href":"https:\/\/tuftingeurope.com\/fr\/wp-json\/wp\/v2\/product_tag?post=2158"}],"curies":[{"name":"wp","href":"https:\/\/api.w.org\/{rel}","templated":true}]}}