{"id":2160,"date":"2021-03-28T16:40:53","date_gmt":"2021-03-28T14:40:53","guid":{"rendered":"https:\/\/tuftingeurope.com\/product\/enfileur-de-boucles\/"},"modified":"2026-04-14T08:17:24","modified_gmt":"2026-04-14T06:17:24","slug":"lecteur-de-boucles","status":"publish","type":"product","link":"https:\/\/tuftingeurope.com\/fr\/produit\/lecteur-de-boucles\/","title":{"rendered":"Enfile-aiguilles pour fil (lot de 10) pour tufting"},"content":{"rendered":"","protected":false},"excerpt":{"rendered":"<p>Fini la gal\u00e8re du \u00ab&nbsp;chercher une aiguille dans une botte de foin&nbsp;\u00bb \u00e0 chaque r\u00e9-enfilage. Si vous avez d\u00e9j\u00e0 t\u00e2tonn\u00e9 avec le minuscule trou de votre pistolets \u00e0 tufter, vous savez qu\u2019un enfile-fil en boucle n\u2019est pas qu\u2019un accessoire&nbsp;: c\u2019est un vrai sauveur de nerfs. <\/p>\n<p>D\u00e9sormais disponible en lot de 10, vous aurez de quoi en garder en r\u00e9serve pour votre atelier, vos amis ou ces moments in\u00e9vitables o\u00f9 l\u2019un d\u2019eux dispara\u00eet dans le \u00ab&nbsp;n\u00e9ant du tufting&nbsp;\u00bb.<\/p>\n","protected":false},"featured_media":72974,"template":"","meta":[],"product_brand":[],"product_cat":[135],"product_tag":[],"class_list":{"0":"post-2160","1":"product","2":"type-product","3":"status-publish","4":"has-post-thumbnail","6":"product_cat-accessoires","8":"first","9":"instock","10":"taxable","11":"shipping-taxable","12":"purchasable","13":"product-type-simple"},"_links":{"self":[{"href":"https:\/\/tuftingeurope.com\/fr\/wp-json\/wp\/v2\/product\/2160","targetHints":{"allow":["GET"]}}],"collection":[{"href":"https:\/\/tuftingeurope.com\/fr\/wp-json\/wp\/v2\/product"}],"about":[{"href":"https:\/\/tuftingeurope.com\/fr\/wp-json\/wp\/v2\/types\/product"}],"wp:featuredmedia":[{"embeddable":true,"href":"https:\/\/tuftingeurope.com\/fr\/wp-json\/wp\/v2\/media\/72974"}],"wp:attachment":[{"href":"https:\/\/tuftingeurope.com\/fr\/wp-json\/wp\/v2\/media?parent=2160"}],"wp:term":[{"taxonomy":"product_brand","embeddable":true,"href":"https:\/\/tuftingeurope.com\/fr\/wp-json\/wp\/v2\/product_brand?post=2160"},{"taxonomy":"product_cat","embeddable":true,"href":"https:\/\/tuftingeurope.com\/fr\/wp-json\/wp\/v2\/product_cat?post=2160"},{"taxonomy":"product_tag","embeddable":true,"href":"https:\/\/tuftingeurope.com\/fr\/wp-json\/wp\/v2\/product_tag?post=2160"}],"curies":[{"name":"wp","href":"https:\/\/api.w.org\/{rel}","templated":true}]}}