{"id":24620,"date":"2022-12-23T10:19:28","date_gmt":"2022-12-23T09:19:28","guid":{"rendered":"https:\/\/tuftingeurope.com\/?post_type=product&#038;p=24620"},"modified":"2026-03-13T15:17:20","modified_gmt":"2026-03-13T14:17:20","slug":"ak-1n-pink-cut-loop-tufting-gun","status":"publish","type":"product","link":"https:\/\/tuftingeurope.com\/fr\/produit\/ak-1n-pink-cut-loop-tufting-gun\/","title":{"rendered":"AK-1N Duo Cut &amp; Loop Tufting Gun (Pistolet \u00e0 touffeter)"},"content":{"rendered":"<h2>Le Pistolet \u00e0 Touffeter Ultime Tout-en-Un<\/h2>\n<p>La derni\u00e8re version du mod\u00e8le AK-1N pr\u00e9sente plusieurs nouvelles am\u00e9liorations :<\/p>\n<ul>\n<li><strong>M\u00e9canique repens\u00e9e<\/strong> pour un fonctionnement plus silencieux<\/li>\n<li><strong>Anneau de protection de la roue<\/strong> pour une durabilit\u00e9 accrue<\/li>\n<li><strong>C\u00e2ble d&#8217;alimentation am\u00e9lior\u00e9<\/strong> pour pr\u00e9venir les ruptures<\/li>\n<li><strong>R\u00e9glage de la hauteur des poils<\/strong> (8-16 mm) \u2013 <strong><a href=\"https:\/\/tuftingeurope.com\/fr\/docs\/pile-height-settings-for-the-ak-1n-duo\/\">voir le guide.<\/a><\/strong><\/li>\n<li><strong>Commutation sans heurt<\/strong> entre les poils coup\u00e9s et boucl\u00e9s \u2013<strong> <a href=\"https:\/\/tuftingeurope.com\/fr\/docs\/passe-de-la-pile-coupee-a-la-pile-bouclee\/\">voir la vid\u00e9o<\/a><\/strong>.<\/li>\n<li><strong>\u00c9lectronique am\u00e9lior\u00e9e<\/strong> pour des performances fiables<\/li>\n<\/ul>\n\n\t<section class=\"section\" id=\"section_487834221\">\n\t\t<div class=\"section-bg fill\" >\n\t\t\t\t\t\t\t<div class=\"video-overlay no-click fill visible\"><\/div>\n\t<video class=\"video-bg fill visible\" preload playsinline autoplay muted loop>\n\t\t<source src=\"https:\/\/tuftingeurope.com\/wp-content\/uploads\/2024\/08\/ak-1n-duo-2.mp4\" type=\"video\/mp4\">\t<\/video>\n\t\t\t\n\t\t\t\n\n\t\t<\/div>\n\n\t\t\n\n\t\t<div class=\"section-content relative\">\n\t\t\t\n\n\n\t\t<\/div>\n\n\t\t\n<style>\n#section_487834221 {\n  padding-top: 30px;\n  padding-bottom: 30px;\n  min-height: 400px;\n}\n@media (min-width:550px) {\n  #section_487834221 {\n    min-height: 500px;\n  }\n}\n<\/style>\n\t<\/section>\n\t\n\t<div id=\"gap-414082571\" class=\"gap-element clearfix\" style=\"display:block; height:auto;\">\n\t\t\n<style>\n#gap-414082571 {\n  padding-top: 30px;\n}\n<\/style>\n\t<\/div>\n\t\n<h2>Parfait pour les D\u00e9butants et les Professionnels<\/h2>\n<p>Que vous d\u00e9butiez votre parcours dans le domaine du tufting ou que vous soyez un professionnel chevronn\u00e9, l&#8217;AK-1N est con\u00e7u pour g\u00e9rer n&#8217;importe quel projet. Gr\u00e2ce \u00e0 ses commandes intuitives et sa conception conviviale, la cr\u00e9ation de tapis magnifiques d&#8217;aspect professionnel n&#8217;a jamais \u00e9t\u00e9 aussi ais\u00e9e. <\/p>\n<p>Vous n&#8217;avez pas d&#8217;exp\u00e9rience ? Ce n&#8217;est nullement un probl\u00e8me. Nos machines sont accompagn\u00e9es d&#8217;instructions en ligne faciles \u00e0 suivre, vous aidant \u00e0 concr\u00e9tiser vos id\u00e9es cr\u00e9atives sans effort.  <\/p>\n\n  \n    <div class=\"row large-columns-3 medium-columns- small-columns-2 row-small slider row-slider slider-nav-reveal slider-nav-push\"  data-flickity-options='{&quot;imagesLoaded&quot;: true, &quot;groupCells&quot;: &quot;100%&quot;, &quot;dragThreshold&quot; : 5, &quot;cellAlign&quot;: &quot;left&quot;,&quot;wrapAround&quot;: true,&quot;prevNextButtons&quot;: true,&quot;percentPosition&quot;: true,&quot;pageDots&quot;: true, &quot;rightToLeft&quot;: false, &quot;autoPlay&quot; : 2000}' >\n\n  <div class=\"gallery-col col\" >\n          <div class=\"col-inner\">\n                        <div class=\"box has-hover gallery-box box-normal\">\n              <div class=\"box-image\" >\n                <img fetchpriority=\"high\" decoding=\"async\" width=\"300\" height=\"300\" src=\"https:\/\/tuftingeurope.com\/wp-content\/uploads\/2023\/05\/2-300x300.png\" class=\"attachment-medium size-medium\" alt=\"By @tuftlab.ams\" ids=\"31260,31246,31237\" style=\"normal\" lightbox=\"false\" type=\"slider\" col_spacing=\"small\" columns=\"3\" columns__sm=\"2\" slider_bullets=\"true\" auto_slide=\"2000\" text_align=\"center\" srcset=\"https:\/\/tuftingeurope.com\/wp-content\/uploads\/2023\/05\/2-300x300.png 300w, https:\/\/tuftingeurope.com\/wp-content\/uploads\/2023\/05\/2-1000x1000.png 1000w, https:\/\/tuftingeurope.com\/wp-content\/uploads\/2023\/05\/2-100x100.png 100w, https:\/\/tuftingeurope.com\/wp-content\/uploads\/2023\/05\/2-1024x1024.png 1024w, https:\/\/tuftingeurope.com\/wp-content\/uploads\/2023\/05\/2-150x150.png 150w, https:\/\/tuftingeurope.com\/wp-content\/uploads\/2023\/05\/2-768x768.png 768w, https:\/\/tuftingeurope.com\/wp-content\/uploads\/2023\/05\/2-1320x1320.png 1320w, https:\/\/tuftingeurope.com\/wp-content\/uploads\/2023\/05\/2.png 1500w\" sizes=\"(max-width: 300px) 100vw, 300px\" title=\"\">                                                              <\/div>\n              <div class=\"box-text text-center\" >\n                 <p>By @tuftlab.ams<\/p>\n              <\/div>\n            <\/div>\n                      <\/div>\n         <\/div><div class=\"gallery-col col\" >\n          <div class=\"col-inner\">\n                        <div class=\"box has-hover gallery-box box-normal\">\n              <div class=\"box-image\" >\n                <img decoding=\"async\" width=\"300\" height=\"300\" src=\"https:\/\/tuftingeurope.com\/wp-content\/uploads\/2023\/05\/4-300x300.png\" class=\"attachment-medium size-medium\" alt=\"By @enji\" ids=\"31260,31246,31237\" style=\"normal\" lightbox=\"false\" type=\"slider\" col_spacing=\"small\" columns=\"3\" columns__sm=\"2\" slider_bullets=\"true\" auto_slide=\"2000\" text_align=\"center\" srcset=\"https:\/\/tuftingeurope.com\/wp-content\/uploads\/2023\/05\/4-300x300.png 300w, https:\/\/tuftingeurope.com\/wp-content\/uploads\/2023\/05\/4-1000x1000.png 1000w, https:\/\/tuftingeurope.com\/wp-content\/uploads\/2023\/05\/4-100x100.png 100w, https:\/\/tuftingeurope.com\/wp-content\/uploads\/2023\/05\/4-1024x1024.png 1024w, https:\/\/tuftingeurope.com\/wp-content\/uploads\/2023\/05\/4-150x150.png 150w, https:\/\/tuftingeurope.com\/wp-content\/uploads\/2023\/05\/4-768x768.png 768w, https:\/\/tuftingeurope.com\/wp-content\/uploads\/2023\/05\/4-1320x1320.png 1320w, https:\/\/tuftingeurope.com\/wp-content\/uploads\/2023\/05\/4.png 1500w\" sizes=\"(max-width: 300px) 100vw, 300px\" title=\"\">                                                              <\/div>\n              <div class=\"box-text text-center\" >\n                 <p>By @enji<\/p>\n              <\/div>\n            <\/div>\n                      <\/div>\n         <\/div><div class=\"gallery-col col\" >\n          <div class=\"col-inner\">\n                        <div class=\"box has-hover gallery-box box-normal\">\n              <div class=\"box-image\" >\n                <img decoding=\"async\" width=\"300\" height=\"300\" src=\"https:\/\/tuftingeurope.com\/wp-content\/uploads\/2022\/12\/charizard-rug-by-zetarugs-300x300.png\" class=\"attachment-medium size-medium\" alt=\"By Zetarugs\" ids=\"31260,31246,31237\" style=\"normal\" lightbox=\"false\" type=\"slider\" col_spacing=\"small\" columns=\"3\" columns__sm=\"2\" slider_bullets=\"true\" auto_slide=\"2000\" text_align=\"center\" srcset=\"https:\/\/tuftingeurope.com\/wp-content\/uploads\/2022\/12\/charizard-rug-by-zetarugs-300x300.png 300w, https:\/\/tuftingeurope.com\/wp-content\/uploads\/2022\/12\/charizard-rug-by-zetarugs-1000x1000.png 1000w, https:\/\/tuftingeurope.com\/wp-content\/uploads\/2022\/12\/charizard-rug-by-zetarugs-100x100.png 100w, https:\/\/tuftingeurope.com\/wp-content\/uploads\/2022\/12\/charizard-rug-by-zetarugs-1024x1024.png 1024w, https:\/\/tuftingeurope.com\/wp-content\/uploads\/2022\/12\/charizard-rug-by-zetarugs-150x150.png 150w, https:\/\/tuftingeurope.com\/wp-content\/uploads\/2022\/12\/charizard-rug-by-zetarugs-768x768.png 768w, https:\/\/tuftingeurope.com\/wp-content\/uploads\/2022\/12\/charizard-rug-by-zetarugs-1320x1320.png 1320w, https:\/\/tuftingeurope.com\/wp-content\/uploads\/2022\/12\/charizard-rug-by-zetarugs.png 1500w\" sizes=\"(max-width: 300px) 100vw, 300px\" title=\"\">                                                              <\/div>\n              <div class=\"box-text text-center\" >\n                 <p>By Zetarugs<\/p>\n              <\/div>\n            <\/div>\n                      <\/div>\n         <\/div><\/div>\n<h2>Caract\u00e9ristiques Principales<\/h2>\n<h4><strong>Poils Coup\u00e9s  Boucl\u00e9s en Toute Simplicit\u00e9<\/strong><\/h4>\n<p>Le passage entre les poils coup\u00e9s et boucl\u00e9s est d\u00e9sormais plus rapide que jamais. Il suffit de retirer une vis pour changer l&#8217;\u00e9l\u00e9ment\u2014aucun d\u00e9montage complexe n&#8217;est requis. \u00c0 la sortie de la bo\u00eete, il est r\u00e9gl\u00e9 sur les poils coup\u00e9s avec une hauteur de 15 mm, ajustable entre 8 et 16 mm. L&#8217;entretien est simple : brossez la poussi\u00e8re et huilez r\u00e9guli\u00e8rement les pi\u00e8ces mobiles.   <\/p>\n<h4><strong>Contr\u00f4le de Vitesse Variable<\/strong><\/h4>\n<p>Ajustez avec pr\u00e9cision la vitesse de votre tufting gr\u00e2ce au cadran situ\u00e9 sur la poign\u00e9e. Id\u00e9al pour ajouter des d\u00e9tails minutieux \u00e0 votre tapis ou pour travailler \u00e0 pleine vitesse sur de plus grandes surfaces. <\/p>\n<h4><strong>Conception L\u00e9g\u00e8re et Ergonomique<\/strong><\/h4>\n<p>Avec un poids de seulement 1,4 kg, l&#8217;AK-1N est le pistolet de tufting le plus l\u00e9ger disponible. Son design rose vif apporte une touche moderne tout en garantissant un confort optimal lors de longues sessions de tufting.<br \/>\n<img loading=\"lazy\" decoding=\"async\" class=\"alignnone size-large wp-image-30396\" src=\"https:\/\/tuftingeurope.com\/wp-content\/uploads\/2022\/12\/tufting-machine-from-tuftingeurope-side-1024x576.jpg\" alt=\"\" width=\"1020\" height=\"574\" title=\"\" srcset=\"https:\/\/tuftingeurope.com\/wp-content\/uploads\/2022\/12\/tufting-machine-from-tuftingeurope-side-1024x576.jpg 1024w, https:\/\/tuftingeurope.com\/wp-content\/uploads\/2022\/12\/tufting-machine-from-tuftingeurope-side-1000x563.jpg 1000w, https:\/\/tuftingeurope.com\/wp-content\/uploads\/2022\/12\/tufting-machine-from-tuftingeurope-side-300x169.jpg 300w, https:\/\/tuftingeurope.com\/wp-content\/uploads\/2022\/12\/tufting-machine-from-tuftingeurope-side-768x432.jpg 768w, https:\/\/tuftingeurope.com\/wp-content\/uploads\/2022\/12\/tufting-machine-from-tuftingeurope-side-1536x864.jpg 1536w, https:\/\/tuftingeurope.com\/wp-content\/uploads\/2022\/12\/tufting-machine-from-tuftingeurope-side-1320x743.jpg 1320w, https:\/\/tuftingeurope.com\/wp-content\/uploads\/2022\/12\/tufting-machine-from-tuftingeurope-side.jpg 1920w\" sizes=\"(max-width: 1020px) 100vw, 1020px\" \/><\/p>\n<h3>Que contient la bo\u00eete ?<\/h3>\n<ul>\n<li>Pistolet \u00e0 Touffeter AK-1N \u00c9dition Rose<\/li>\n<li>Prise EU avec bloc d&#8217;alimentation<\/li>\n<li>\u00c9l\u00e9ments pour poils coup\u00e9s et boucl\u00e9s<\/li>\n<li>Pi\u00e8ces de rechange<\/li>\n<\/ul>\n<div class=\"alert-tu\">Remarque : Le r\u00e9glage de la hauteur des poils n\u00e9cessite de la pr\u00e9cision. Nous vous recommandons de vous familiariser avec la machine avant d&#8217;effectuer des ajustements, car des modifications incorrectes peuvent affecter la fonctionnalit\u00e9 et annuler la garantie. <span style=\"color: #ffffff;\"><a style=\"color: #ffffff;\" href=\"https:\/\/tuftingeurope.com\/fr\/docs\/pile-height-settings-for-the-ak-1n-duo\/\"><span style=\"text-decoration: underline;\">Consultez le guide ici<\/span><\/a>.<\/span> <\/div>\n<h3>Pourquoi choisir Tufting Europe ?<\/h3>\n<h4><strong>Machines Authentiques avec Garantie<\/strong><\/h4>\n<p>\u00c9vitez les risques li\u00e9s aux machines de tufting contrefaites, qui manquent souvent de durabilit\u00e9 et de s\u00e9curit\u00e9. Toutes nos machines sont assorties d&#8217;une garantie de 2 ans, de retours gratuits et d&#8217;un service client de premi\u00e8re qualit\u00e9. <\/p>\n<h4><strong>La s\u00e9curit\u00e9 avant tout<\/strong><\/h4>\n<p>Veillez \u00e0 toujours d\u00e9brancher votre machine de tufting avant d&#8217;effectuer des ajustements. Maintenez-la hors de port\u00e9e des enfants, car elle fonctionne avec des ciseaux et des aiguilles \u00e0 haute vitesse. <\/p>\n","protected":false},"excerpt":{"rendered":"<p>L&#8217;AK-1N est notre pistolet de tufting tout-en-un qui combine les meilleures caract\u00e9ristiques des mod\u00e8les pr\u00e9c\u00e9dents en un seul appareil. L\u00e9ger, il prend en charge les styles de poils coup\u00e9s et boucl\u00e9s \u00e0 des hauteurs variables. La seule machine de tufting pour tapis dont vous aurez jamais besoin.<\/p>\n","protected":false},"featured_media":37712,"template":"","meta":[],"product_brand":[],"product_cat":[130],"product_tag":[],"class_list":{"0":"post-24620","1":"product","2":"type-product","3":"status-publish","4":"has-post-thumbnail","6":"product_cat-pistolets-a-touffeter","8":"first","9":"instock","10":"taxable","11":"shipping-taxable","12":"purchasable","13":"product-type-simple"},"_links":{"self":[{"href":"https:\/\/tuftingeurope.com\/fr\/wp-json\/wp\/v2\/product\/24620","targetHints":{"allow":["GET"]}}],"collection":[{"href":"https:\/\/tuftingeurope.com\/fr\/wp-json\/wp\/v2\/product"}],"about":[{"href":"https:\/\/tuftingeurope.com\/fr\/wp-json\/wp\/v2\/types\/product"}],"wp:featuredmedia":[{"embeddable":true,"href":"https:\/\/tuftingeurope.com\/fr\/wp-json\/wp\/v2\/media\/37712"}],"wp:attachment":[{"href":"https:\/\/tuftingeurope.com\/fr\/wp-json\/wp\/v2\/media?parent=24620"}],"wp:term":[{"taxonomy":"product_brand","embeddable":true,"href":"https:\/\/tuftingeurope.com\/fr\/wp-json\/wp\/v2\/product_brand?post=24620"},{"taxonomy":"product_cat","embeddable":true,"href":"https:\/\/tuftingeurope.com\/fr\/wp-json\/wp\/v2\/product_cat?post=24620"},{"taxonomy":"product_tag","embeddable":true,"href":"https:\/\/tuftingeurope.com\/fr\/wp-json\/wp\/v2\/product_tag?post=24620"}],"curies":[{"name":"wp","href":"https:\/\/api.w.org\/{rel}","templated":true}]}}