{"id":27657,"date":"2023-01-17T22:09:18","date_gmt":"2023-01-17T21:09:18","guid":{"rendered":"https:\/\/tuftingeurope.com\/product\/lames-de-rechange-pour-les-pinces-a-sculpter-les-tapis-en-bois-de-rose\/"},"modified":"2026-03-28T10:34:59","modified_gmt":"2026-03-28T09:34:59","slug":"lames-de-remplacement-pour-les-pinces-a-sculpter-le-bois-de-rose","status":"publish","type":"product","link":"https:\/\/tuftingeurope.com\/fr\/produit\/lames-de-remplacement-pour-les-pinces-a-sculpter-le-bois-de-rose\/","title":{"rendered":"Lames de remplacement pour les pinces \u00e0 sculpter les tapis en bois de rose."},"content":{"rendered":"","protected":false},"excerpt":{"rendered":"<p>Une lame de remplacement pour la pince \u00e0 sculpter les tapis en bois de rose. Tu as touffet\u00e9 et ras\u00e9 plus de tapis que ta lame ne peut en supporter ? Remplace facilement les lames \u00e9mouss\u00e9es et garde ton outil de sculpture de tapis comme neuf.<\/p>\n<p>Prolonge la dur\u00e9e de vie de tes lames en les entretenant r\u00e9guli\u00e8rement, en les huilant et en nettoyant la poussi\u00e8re apr\u00e8s chaque s\u00e9ance de sculpture sur tapis.<\/p>\n","protected":false},"featured_media":44598,"template":"","meta":[],"product_brand":[],"product_cat":[135],"product_tag":[],"class_list":{"0":"post-27657","1":"product","2":"type-product","3":"status-publish","4":"has-post-thumbnail","6":"product_cat-accessoires","8":"first","9":"instock","10":"taxable","11":"shipping-taxable","12":"purchasable","13":"product-type-simple"},"_links":{"self":[{"href":"https:\/\/tuftingeurope.com\/fr\/wp-json\/wp\/v2\/product\/27657","targetHints":{"allow":["GET"]}}],"collection":[{"href":"https:\/\/tuftingeurope.com\/fr\/wp-json\/wp\/v2\/product"}],"about":[{"href":"https:\/\/tuftingeurope.com\/fr\/wp-json\/wp\/v2\/types\/product"}],"wp:featuredmedia":[{"embeddable":true,"href":"https:\/\/tuftingeurope.com\/fr\/wp-json\/wp\/v2\/media\/44598"}],"wp:attachment":[{"href":"https:\/\/tuftingeurope.com\/fr\/wp-json\/wp\/v2\/media?parent=27657"}],"wp:term":[{"taxonomy":"product_brand","embeddable":true,"href":"https:\/\/tuftingeurope.com\/fr\/wp-json\/wp\/v2\/product_brand?post=27657"},{"taxonomy":"product_cat","embeddable":true,"href":"https:\/\/tuftingeurope.com\/fr\/wp-json\/wp\/v2\/product_cat?post=27657"},{"taxonomy":"product_tag","embeddable":true,"href":"https:\/\/tuftingeurope.com\/fr\/wp-json\/wp\/v2\/product_tag?post=27657"}],"curies":[{"name":"wp","href":"https:\/\/api.w.org\/{rel}","templated":true}]}}