{"id":28458,"date":"2023-02-13T22:07:21","date_gmt":"2023-02-13T21:07:21","guid":{"rendered":"https:\/\/tuftingeurope.com\/product\/bobineuse-de-fil\/"},"modified":"2026-03-13T15:16:14","modified_gmt":"2026-03-13T14:16:14","slug":"enrouleur-de-fil","status":"publish","type":"product","link":"https:\/\/tuftingeurope.com\/fr\/produit\/enrouleur-de-fil\/","title":{"rendered":"Bobineuse de fil"},"content":{"rendered":"<p>Les machines \u00e0 touffeter utilisent g\u00e9n\u00e9ralement de grands c\u00f4nes de fil, et un enrouleur de fil peut \u00eatre utilis\u00e9 pour enrouler le fil du c\u00f4ne en une boule plus petite, plus facile \u00e0 manipuler. Cela peut rendre le chargement du fil dans la machine tufting plus ais\u00e9 et peut \u00e9galement pr\u00e9venir les emm\u00ealements et les n\u0153uds susceptibles de ralentir le processus de tufting.<\/p>\n<p>En disposant du fil sous forme d&#8217;une pelote soign\u00e9e et compacte, vous pouvez garantir un processus de tufting plus fluide et plus efficient.<br \/>\nDe surcro\u00eet, l&#8217;enroulement du fil en pelote facilite son stockage et son organisation, maintenant ainsi votre espace de travail tufting ordonn\u00e9 et d\u00e9pourvu d&#8217;encombrement.<\/p>\n<h2><span class=\"a-text-bold\">Comment utiliser le bobineur de pelote de fil<\/span><\/h2>\n<p>1. Tire l&#8217;extr\u00e9mit\u00e9 du fil et passe-le dans le guide-fil .<\/p>\n<p>2. Ins\u00e8re l&#8217;extr\u00e9mit\u00e9 du fil dans la rainure du c\u00f4ne.<\/p>\n<p>3. Tourne la poign\u00e9e vers le c\u00f4t\u00e9 droit. Le fil va commencer \u00e0 s&#8217;enrouler autour du c\u00f4ne.<\/p>\n<p>4. Garde un rythme r\u00e9gulier lorsque tu tournes la poign\u00e9e, ne le fais pas trop vite pour \u00e9viter les enchev\u00eatrements de fils.<\/p>\n<p>5. Une fois que tu as termin\u00e9, retire le fil du c\u00f4ne.<\/p>\n<p><iframe title=\"How to Use a YARN BALL WINDER [Step-By-Step Instructions and My Favorite Tips]\" width=\"1020\" height=\"574\" src=\"https:\/\/www.youtube.com\/embed\/l_iHozDmyXQ?feature=oembed\" frameborder=\"0\" allow=\"accelerometer; autoplay; clipboard-write; encrypted-media; gyroscope; picture-in-picture; web-share\" allowfullscreen><\/iframe><\/p>\n","protected":false},"excerpt":{"rendered":"<p>Dis adieu au d\u00e9sordre emm\u00eal\u00e9 avec un enrouleur de fil. Lors du tufting, il est pr\u00e9f\u00e9rable d&#8217;utiliser un c\u00f4ne o\u00f9 l&#8217;on tire le fil depuis l&#8217;int\u00e9rieur. Cela facilite le chargement du fil dans votre pistolet tufting.  Se monte facilement sur une table.<\/p>\n","protected":false},"featured_media":37996,"template":"","meta":[],"product_brand":[],"product_cat":[135],"product_tag":[],"class_list":{"0":"post-28458","1":"product","2":"type-product","3":"status-publish","4":"has-post-thumbnail","6":"product_cat-accessoires","7":"product_shipping_class-klein-pakket-fr","9":"first","10":"instock","11":"taxable","12":"shipping-taxable","13":"purchasable","14":"product-type-simple"},"_links":{"self":[{"href":"https:\/\/tuftingeurope.com\/fr\/wp-json\/wp\/v2\/product\/28458","targetHints":{"allow":["GET"]}}],"collection":[{"href":"https:\/\/tuftingeurope.com\/fr\/wp-json\/wp\/v2\/product"}],"about":[{"href":"https:\/\/tuftingeurope.com\/fr\/wp-json\/wp\/v2\/types\/product"}],"wp:featuredmedia":[{"embeddable":true,"href":"https:\/\/tuftingeurope.com\/fr\/wp-json\/wp\/v2\/media\/37996"}],"wp:attachment":[{"href":"https:\/\/tuftingeurope.com\/fr\/wp-json\/wp\/v2\/media?parent=28458"}],"wp:term":[{"taxonomy":"product_brand","embeddable":true,"href":"https:\/\/tuftingeurope.com\/fr\/wp-json\/wp\/v2\/product_brand?post=28458"},{"taxonomy":"product_cat","embeddable":true,"href":"https:\/\/tuftingeurope.com\/fr\/wp-json\/wp\/v2\/product_cat?post=28458"},{"taxonomy":"product_tag","embeddable":true,"href":"https:\/\/tuftingeurope.com\/fr\/wp-json\/wp\/v2\/product_tag?post=28458"}],"curies":[{"name":"wp","href":"https:\/\/api.w.org\/{rel}","templated":true}]}}