{"id":30432,"date":"2023-05-04T23:04:40","date_gmt":"2023-05-04T21:04:40","guid":{"rendered":"https:\/\/tuftingeurope.com\/product\/spatule-flexible-en-latex\/"},"modified":"2026-03-28T10:35:01","modified_gmt":"2026-03-28T09:35:01","slug":"spatule-flexible-latex","status":"publish","type":"product","link":"https:\/\/tuftingeurope.com\/fr\/produit\/spatule-flexible-latex\/","title":{"rendered":"Spatule flexible en latex"},"content":{"rendered":"\n\t<section class=\"section\" id=\"section_1422274358\">\n\t\t<div class=\"section-bg fill\" >\n\t\t\t\t\t\t\t<div class=\"video-overlay no-click fill visible\"><\/div>\n\t<video class=\"video-bg fill visible\" preload playsinline autoplay muted loop>\n\t\t<source src=\"https:\/\/tuftingeurope.com\/wp-content\/uploads\/2024\/08\/tufting-spatula.mp4\" type=\"video\/mp4\">\t<\/video>\n\t\t\t\n\t\t\t\n\n\t\t<\/div>\n\n\t\t\n\n\t\t<div class=\"section-content relative\">\n\t\t\t\n\n\t\t<\/div>\n\n\t\t\n<style>\n#section_1422274358 {\n  padding-top: 30px;\n  padding-bottom: 30px;\n  min-height: 400px;\n}\n@media (min-width:550px) {\n  #section_1422274358 {\n    min-height: 500px;\n  }\n}\n<\/style>\n\t<\/section>\n\t\n","protected":false},"excerpt":{"rendered":"<p>Une spatule flexible peut aider \u00e0 minimiser le risque de d\u00e9chirer ou d&#8217;endommager ton tapis fra\u00eechement tuft\u00e9 pendant le processus d&#8217;application du latex. La flexibilit\u00e9 de la spatule lui permet de glisser en douceur sur la surface de ton chiffon. Facilement nettoyable \u00e0 l&#8217;eau chaude apr\u00e8s utilisation.<\/p>\n","protected":false},"featured_media":37989,"template":"","meta":[],"product_brand":[],"product_cat":[135],"product_tag":[],"class_list":{"0":"post-30432","1":"product","2":"type-product","3":"status-publish","4":"has-post-thumbnail","6":"product_cat-accessoires","8":"first","9":"instock","10":"taxable","11":"shipping-taxable","12":"purchasable","13":"product-type-simple"},"_links":{"self":[{"href":"https:\/\/tuftingeurope.com\/fr\/wp-json\/wp\/v2\/product\/30432","targetHints":{"allow":["GET"]}}],"collection":[{"href":"https:\/\/tuftingeurope.com\/fr\/wp-json\/wp\/v2\/product"}],"about":[{"href":"https:\/\/tuftingeurope.com\/fr\/wp-json\/wp\/v2\/types\/product"}],"wp:featuredmedia":[{"embeddable":true,"href":"https:\/\/tuftingeurope.com\/fr\/wp-json\/wp\/v2\/media\/37989"}],"wp:attachment":[{"href":"https:\/\/tuftingeurope.com\/fr\/wp-json\/wp\/v2\/media?parent=30432"}],"wp:term":[{"taxonomy":"product_brand","embeddable":true,"href":"https:\/\/tuftingeurope.com\/fr\/wp-json\/wp\/v2\/product_brand?post=30432"},{"taxonomy":"product_cat","embeddable":true,"href":"https:\/\/tuftingeurope.com\/fr\/wp-json\/wp\/v2\/product_cat?post=30432"},{"taxonomy":"product_tag","embeddable":true,"href":"https:\/\/tuftingeurope.com\/fr\/wp-json\/wp\/v2\/product_tag?post=30432"}],"curies":[{"name":"wp","href":"https:\/\/api.w.org\/{rel}","templated":true}]}}