{"id":31984,"date":"2023-06-07T13:38:31","date_gmt":"2023-06-07T11:38:31","guid":{"rendered":"https:\/\/tuftingeurope.com\/?post_type=product&#038;p=31984"},"modified":"2026-01-23T17:13:35","modified_gmt":"2026-01-23T16:13:35","slug":"beginners-tufting-starter-kit-tufting-machine-cloth-more","status":"publish","type":"product","link":"https:\/\/tuftingeurope.com\/fr\/produit\/beginners-tufting-starter-kit-tufting-machine-cloth-more\/","title":{"rendered":"Kit de d\u00e9marrage tufting basique"},"content":{"rendered":"<p>Voici notre kit de d\u00e9marrage pour le touffetage de base. Il contient tous les \u00e9l\u00e9ments essentiels pour vous aider \u00e0 d\u00e9buter votre aventure tufting et donner vie \u00e0 vos id\u00e9es cr\u00e9atives.<\/p>\n<p>Les seules choses dont tu auras besoin sont un cadre, les couleurs de ton fil pr\u00e9f\u00e9r\u00e9 et un seau de colle \u00e0 moquette au latex que tu trouveras dans ta quincaillerie locale.<\/p>\n<h2>Machine \u00e0 touffeter<\/h2>\n<p>Le kit comprend notre toute derni\u00e8re machine de tufting, l&#8217;AK-V. C&#8217;est l&#8217;outil id\u00e9al pour les d\u00e9butants comme pour les tufters exp\u00e9riment\u00e9s, offrant un tufting lisse et pr\u00e9cis. L\u00e9g\u00e8re et facile \u00e0 manipuler avec seulement 1,4 kg, elle prend en charge les styles de velours coup\u00e9 et boucl\u00e9, ce qui en fait la seule machine de tufting dont vous aurez besoin.  <\/p>\n<h2>Tissu de touffetage primaire<\/h2>\n<p>Inclus : une grande pi\u00e8ce de tissu de tufting primaire de haute qualit\u00e9. Avec 200&#215;200 m, vous aurez assez de mati\u00e8re pour confectionner quatre \u00e0 huit tapis de taille moyenne, de quoi vous entra\u00eener et perfectionner votre art.<\/p>\n<h2>Accessoires<\/h2>\n<p>Nous y ajoutons \u00e9galement des accessoires incroyablement utiles pour faciliter votre tufting. Il y a de l&#8217;huile pour machine \u00e0 coudre pour maintenir votre machine en parfait \u00e9tat, des ciseaux \u00e0 bec de canard indispensables pour le tufting et un enfile-boucle. Ces outils sont con\u00e7us pour t&#8217;aider \u00e0 obtenir facilement des r\u00e9sultats de qualit\u00e9 professionnelle.<\/p>\n","protected":false},"excerpt":{"rendered":"<p>Notre Kit Basique contient les \u00e9l\u00e9ments fondamentaux dont vous avez besoin pour commencer tufting. C&#8217;est un kit id\u00e9al pour ceux qui pr\u00e9voient de construire leur propre cadre, ou qui ne souhaitent pas d\u00e9penser trop d&#8217;argent pour d\u00e9buter tufting. <\/p>\n","protected":false},"featured_media":71995,"template":"","meta":[],"product_brand":[],"product_cat":[542],"product_tag":[],"class_list":{"0":"post-31984","1":"product","2":"type-product","3":"status-publish","4":"has-post-thumbnail","6":"product_cat-starter-kits-fr","8":"first","9":"instock","10":"sale","11":"virtual","12":"taxable","13":"purchasable","14":"product-type-yith_bundle"},"_links":{"self":[{"href":"https:\/\/tuftingeurope.com\/fr\/wp-json\/wp\/v2\/product\/31984","targetHints":{"allow":["GET"]}}],"collection":[{"href":"https:\/\/tuftingeurope.com\/fr\/wp-json\/wp\/v2\/product"}],"about":[{"href":"https:\/\/tuftingeurope.com\/fr\/wp-json\/wp\/v2\/types\/product"}],"wp:featuredmedia":[{"embeddable":true,"href":"https:\/\/tuftingeurope.com\/fr\/wp-json\/wp\/v2\/media\/71995"}],"wp:attachment":[{"href":"https:\/\/tuftingeurope.com\/fr\/wp-json\/wp\/v2\/media?parent=31984"}],"wp:term":[{"taxonomy":"product_brand","embeddable":true,"href":"https:\/\/tuftingeurope.com\/fr\/wp-json\/wp\/v2\/product_brand?post=31984"},{"taxonomy":"product_cat","embeddable":true,"href":"https:\/\/tuftingeurope.com\/fr\/wp-json\/wp\/v2\/product_cat?post=31984"},{"taxonomy":"product_tag","embeddable":true,"href":"https:\/\/tuftingeurope.com\/fr\/wp-json\/wp\/v2\/product_tag?post=31984"}],"curies":[{"name":"wp","href":"https:\/\/api.w.org\/{rel}","templated":true}]}}