{"id":33109,"date":"2024-02-10T01:21:36","date_gmt":"2024-02-10T00:21:36","guid":{"rendered":"https:\/\/tuftingeurope.com\/product\/machine-a-touffeter-45-mm-a-coupe-allongee\/"},"modified":"2026-03-19T14:00:18","modified_gmt":"2026-03-19T13:00:18","slug":"extended-duo-tufting-machine","status":"publish","type":"product","link":"https:\/\/tuftingeurope.com\/fr\/produit\/extended-duo-tufting-machine\/","title":{"rendered":"AK-1H Pistolet d&#8217;abattage de 40 mm \u00e0 pile longue"},"content":{"rendered":"<h2>Exp\u00e9rimente et d\u00e9couvre de nouveaux mod\u00e8les de tapis innovants avec notre machine \u00e0 touffeter Duo 40 mm \u00e0 poils longs.<\/h2>\n<ul>\n<li>Nouveau : des r\u00e9sultats extr\u00eamement longs sans avoir besoin d&#8217;un compresseur d&#8217;air.<\/li>\n<li>Nouveau : anneau de protection des roues.<\/li>\n<li>Nouveau : M\u00e9canique redessin\u00e9e pour r\u00e9duire le bruit.<\/li>\n<li>Passe facilement d&#8217;un style \u00e0 l&#8217;autre &#8211; <strong><a href=\"https:\/\/tuftingeurope.com\/fr\/docs\/passe-de-la-pile-coupee-a-la-pile-bouclee\/\">voir la vid\u00e9o<\/a><\/strong>.<\/li>\n<\/ul>\n<p>Alors que notre AK-1N produit des touffes de 8 \u00e0 16 millim\u00e8tres, cette \u00e9dition Long Pile donne des r\u00e9sultats \u00e9tonnants de 40 millim\u00e8tres. L&#8217;entretien est simple, brosse la poussi\u00e8re et garde les pi\u00e8ces mobiles correctement lubrifi\u00e9es avec notre huile de couture.<\/p>\n<p><img fetchpriority=\"high\" decoding=\"async\" class=\"alignnone size-full wp-image-37380\" src=\"https:\/\/tuftingeurope.com\/wp-content\/uploads\/2024\/02\/starter-kit-2.jpg\" alt=\"\" width=\"1920\" height=\"1080\" title=\"\" srcset=\"https:\/\/tuftingeurope.com\/wp-content\/uploads\/2024\/02\/starter-kit-2.jpg 1920w, https:\/\/tuftingeurope.com\/wp-content\/uploads\/2024\/02\/starter-kit-2-1000x563.jpg 1000w, https:\/\/tuftingeurope.com\/wp-content\/uploads\/2024\/02\/starter-kit-2-300x169.jpg 300w, https:\/\/tuftingeurope.com\/wp-content\/uploads\/2024\/02\/starter-kit-2-1024x576.jpg 1024w, https:\/\/tuftingeurope.com\/wp-content\/uploads\/2024\/02\/starter-kit-2-768x432.jpg 768w, https:\/\/tuftingeurope.com\/wp-content\/uploads\/2024\/02\/starter-kit-2-1536x864.jpg 1536w, https:\/\/tuftingeurope.com\/wp-content\/uploads\/2024\/02\/starter-kit-2-360x203.jpg 360w, https:\/\/tuftingeurope.com\/wp-content\/uploads\/2024\/02\/starter-kit-2-80x45.jpg 80w\" sizes=\"(max-width: 1920px) 100vw, 1920px\" \/><\/p>\n<h2>Pour les tuteurs exp\u00e9riment\u00e9s pr\u00eats \u00e0 passer \u00e0 l&#8217;\u00e9tape suivante.<\/h2>\n<p>Nous recommandons l&#8217;\u00e9dition Duo \u00c9tendue pour ceux qui poss\u00e8dent une exp\u00e9rience pr\u00e9alable avec une machine tufting. Si tu commences \u00e0 peine, ce n&#8217;est pas la machine qu&#8217;il te faut. <span style=\"text-decoration: underline;\"><br \/>\n  <strong><br \/>\n    <a href=\"https:\/\/tuftingeurope.com\/fr\/produit\/ak-1n-pink-cut-loop-tufting-gun\/\">AK-1N ici<\/a><br \/>\n  <\/strong><br \/>\n<\/span>.<\/p>\n<h2>Pile coup\u00e9e et pile boucl\u00e9e<\/h2>\n<p>L&#8217;AK-1H Long Pile sort de la bo\u00eete pr\u00eat \u00e0 tufter en pile coup\u00e9e \u00e0 40 millim\u00e8tres, et peut \u00eatre transform\u00e9 en pile boucl\u00e9e.<\/p>\n<p><img decoding=\"async\" class=\"alignnone size-full wp-image-37372\" src=\"https:\/\/tuftingeurope.com\/wp-content\/uploads\/2024\/02\/starter-kit.jpg\" alt=\"\" width=\"1920\" height=\"1080\" title=\"\" srcset=\"https:\/\/tuftingeurope.com\/wp-content\/uploads\/2024\/02\/starter-kit.jpg 1920w, https:\/\/tuftingeurope.com\/wp-content\/uploads\/2024\/02\/starter-kit-1000x563.jpg 1000w, https:\/\/tuftingeurope.com\/wp-content\/uploads\/2024\/02\/starter-kit-300x169.jpg 300w, https:\/\/tuftingeurope.com\/wp-content\/uploads\/2024\/02\/starter-kit-1024x576.jpg 1024w, https:\/\/tuftingeurope.com\/wp-content\/uploads\/2024\/02\/starter-kit-768x432.jpg 768w, https:\/\/tuftingeurope.com\/wp-content\/uploads\/2024\/02\/starter-kit-1536x864.jpg 1536w, https:\/\/tuftingeurope.com\/wp-content\/uploads\/2024\/02\/starter-kit-360x203.jpg 360w, https:\/\/tuftingeurope.com\/wp-content\/uploads\/2024\/02\/starter-kit-80x45.jpg 80w\" sizes=\"(max-width: 1920px) 100vw, 1920px\" \/><\/p>\n<h2>Vitesse variable<\/h2>\n<p>Les canons \u00e0 touffes vont vite, mais parfois tu veux ralentir pour te concentrer sur les petits d\u00e9tails de ton tapis. L&#8217;AK-1H est dot\u00e9 d&#8217;un cadran situ\u00e9 au bas de la poign\u00e9e, permettant ainsi de modifier ais\u00e9ment la vitesse du tufting.<\/p>\n<h2>Qu&#8217;y a-t-il dans la bo\u00eete ?<\/h2>\n<p>Ta commande est accompagn\u00e9e des \u00e9l\u00e9ments suivants :<\/p>\n<ul>\n<li>Machine tufting \u00e9dition Duo \u00e0 poils longs<\/li>\n<li>Prise et adaptateur \u00e9lectrique de l&#8217;UE<\/li>\n<li>Pi\u00e8ces de rechange<\/li>\n<\/ul>\n<h2>Sp\u00e9cifications<\/h2>\n<p>Style de poils : poils coup\u00e9s et poils boucl\u00e9s.<br \/>\nHauteur des poils : 40 mm, r\u00e9glable<br \/>\nVitesse : Cadran r\u00e9glable<br \/>\nAlimentation : prise europ\u00e9enne (100-240V)<br \/>\nPoids : 2 kg<\/p>\n<h2>Machines tufting authentiques avec garantie<\/h2>\n<p>Les machines tufting contrefaites pr\u00e9sentent un risque consid\u00e9rable pour les acheteurs, car elles sont fr\u00e9quemment fabriqu\u00e9es avec des mat\u00e9riaux de qualit\u00e9 inf\u00e9rieure et une main-d&#8217;\u0153uvre m\u00e9diocre. Ces machines peuvent se casser facilement, ne pas fonctionner correctement et m\u00eame pr\u00e9senter un risque pour la s\u00e9curit\u00e9. En outre, les machines contrefaites ne b\u00e9n\u00e9ficient pas des garanties et du service apr\u00e8s-vente qui accompagnent les machines tufting authentiques. Tufting Europe est fi\u00e8re d&#8217;offrir une garantie sur toutes ses machines, des retours gratuits et nous sommes \u00e0 un clic de toi si tu as des questions.<\/p>\n<h2>La s\u00e9curit\u00e9 avant tout<\/h2>\n<p>Les machines \u00e0 touffeter sont des outils \u00e9lectriques professionnels, avec une aiguille et des ciseaux qui se d\u00e9placent \u00e0 grande vitesse. Veuillez utiliser votre pistolet tufting de mani\u00e8re responsable et le tenir hors de port\u00e9e des enfants. \u00c9teins \u00e9galement l&#8217;appareil lorsque tu y fais des r\u00e9glages.<\/p>\n<p><iframe title=\"Showing the Extended Cut Pile 45mm Tufting Machine in action\" width=\"1020\" height=\"574\" src=\"https:\/\/www.youtube.com\/embed\/Euy8mLYW8EU?feature=oembed\" frameborder=\"0\" allow=\"accelerometer; autoplay; clipboard-write; encrypted-media; gyroscope; picture-in-picture; web-share\" allowfullscreen><\/iframe><\/p>\n","protected":false},"excerpt":{"rendered":"<p>L&#8217;AK-1H Long Pile Duo est sp\u00e9cialement con\u00e7u pour ceux qui ont besoin de tapis tr\u00e8s moelleux. Un compl\u00e9ment id\u00e9al pour les fabricants de tapis ayant d\u00e9j\u00e0 acquis de l&#8217;exp\u00e9rience avec notre machine tufting AK-1N standard. Obtiens des r\u00e9sultats sur les piles longues sans avoir besoin d&#8217;un compresseur d&#8217;air.<\/p>\n","protected":false},"featured_media":37762,"template":"","meta":[],"product_brand":[],"product_cat":[130],"product_tag":[],"class_list":{"0":"post-33109","1":"product","2":"type-product","3":"status-publish","4":"has-post-thumbnail","6":"product_cat-pistolets-a-touffeter","8":"first","9":"instock","10":"taxable","11":"shipping-taxable","12":"purchasable","13":"product-type-simple"},"_links":{"self":[{"href":"https:\/\/tuftingeurope.com\/fr\/wp-json\/wp\/v2\/product\/33109","targetHints":{"allow":["GET"]}}],"collection":[{"href":"https:\/\/tuftingeurope.com\/fr\/wp-json\/wp\/v2\/product"}],"about":[{"href":"https:\/\/tuftingeurope.com\/fr\/wp-json\/wp\/v2\/types\/product"}],"wp:featuredmedia":[{"embeddable":true,"href":"https:\/\/tuftingeurope.com\/fr\/wp-json\/wp\/v2\/media\/37762"}],"wp:attachment":[{"href":"https:\/\/tuftingeurope.com\/fr\/wp-json\/wp\/v2\/media?parent=33109"}],"wp:term":[{"taxonomy":"product_brand","embeddable":true,"href":"https:\/\/tuftingeurope.com\/fr\/wp-json\/wp\/v2\/product_brand?post=33109"},{"taxonomy":"product_cat","embeddable":true,"href":"https:\/\/tuftingeurope.com\/fr\/wp-json\/wp\/v2\/product_cat?post=33109"},{"taxonomy":"product_tag","embeddable":true,"href":"https:\/\/tuftingeurope.com\/fr\/wp-json\/wp\/v2\/product_tag?post=33109"}],"curies":[{"name":"wp","href":"https:\/\/api.w.org\/{rel}","templated":true}]}}