{"id":34174,"date":"2023-11-01T23:40:01","date_gmt":"2023-11-01T22:40:01","guid":{"rendered":"https:\/\/tuftingeurope.com\/product\/ruban-adhesif-en-coton-pour-tapis\/"},"modified":"2026-03-13T13:45:24","modified_gmt":"2026-03-13T12:45:24","slug":"ruban-adhesif-pour-moquette","status":"publish","type":"product","link":"https:\/\/tuftingeurope.com\/fr\/produit\/ruban-adhesif-pour-moquette\/","title":{"rendered":"Ruban auto-adh\u00e9sif pour bords de tapis 50 m\u00e8tres"},"content":{"rendered":"<div>\n\t<section class=\"section\" id=\"section_532863166\">\n\t\t<div class=\"section-bg fill\" >\n\t\t\t\t\t\t\t<div class=\"video-overlay no-click fill visible\"><\/div>\n\t<video class=\"video-bg fill visible\" preload playsinline autoplay muted loop>\n\t\t<source src=\"https:\/\/tuftingeurope.com\/wp-content\/uploads\/2025\/01\/twill-tape-for-tufting.mp4\" type=\"video\/mp4\">\t<\/video>\n\t\t\t\n\t\t\t\n\n\t\t<\/div>\n\n\t\t\n\n\t\t<div class=\"section-content relative\">\n\t\t\t<\/div>\n<div><\/div>\n<div>\t\t<\/div>\n\n\t\t\n<style>\n#section_532863166 {\n  padding-top: 30px;\n  padding-bottom: 30px;\n  min-height: 400px;\n}\n@media (min-width:550px) {\n  #section_532863166 {\n    min-height: 500px;\n  }\n}\n<\/style>\n\t<\/section>\n\t<\/div>\n<p>Le ruban serg\u00e9 est utilis\u00e9 pour emp\u00eacher les bords des tapis et des moquettes de s&#8217;effilocher. C&#8217;est un v\u00e9ritable champion lorsqu&#8217;il s&#8217;agit de cr\u00e9er des bords professionnels au dos de tes tapis et de leur donner un aspect absolument magnifique. Il te suffit de l&#8217;enrouler autour des bords du tissu et d&#8217;exercer une pression. Gr\u00e2ce \u00e0 la forte auto-adh\u00e9rence, tu n&#8217;as besoin que d&#8217;une paire de ciseaux pour l&#8217;appliquer.   <\/p>\n<ul>\n<li>Grande solidit\u00e9 des couleurs<\/li>\n<li>Colle textile sp\u00e9ciale adapt\u00e9e \u00e0 tous les tapis.<\/li>\n<li>Haute qualit\u00e9 et finition professionnelle<\/li>\n<\/ul>\n","protected":false},"excerpt":{"rendered":"<p>Plus besoin de s&#8217;amuser avec un pistolet \u00e0 colle. Notre Ruban Adh\u00e9sif en Polyester pour Moquette est la touche finale pour cr\u00e9er un dos propre \u00e0 vos tapis. Comme il cache tes asp\u00e9rit\u00e9s et qu&#8217;il est facile \u00e0 travailler. Il suffit d&#8217;utiliser un ciseau pour couper la longueur n\u00e9cessaire et l&#8217;appliquer directement.   <\/p>\n<p>Couleur : Noir ou Gris<br \/>\nMat\u00e9riau : Polyester<br \/>\nAuto-adh\u00e9sif : Colle textile sp\u00e9ciale pour moquettes<br \/>\nRouleau de 50 m\u00e8tres, 38mm de large<\/p>\n","protected":false},"featured_media":37868,"template":"","meta":[],"product_brand":[],"product_cat":[135],"product_tag":[],"class_list":{"0":"post-34174","1":"product","2":"type-product","3":"status-publish","4":"has-post-thumbnail","6":"product_cat-accessoires","8":"first","9":"instock","10":"taxable","11":"shipping-taxable","12":"purchasable","13":"product-type-variable","14":"has-default-attributes"},"_links":{"self":[{"href":"https:\/\/tuftingeurope.com\/fr\/wp-json\/wp\/v2\/product\/34174","targetHints":{"allow":["GET"]}}],"collection":[{"href":"https:\/\/tuftingeurope.com\/fr\/wp-json\/wp\/v2\/product"}],"about":[{"href":"https:\/\/tuftingeurope.com\/fr\/wp-json\/wp\/v2\/types\/product"}],"wp:featuredmedia":[{"embeddable":true,"href":"https:\/\/tuftingeurope.com\/fr\/wp-json\/wp\/v2\/media\/37868"}],"wp:attachment":[{"href":"https:\/\/tuftingeurope.com\/fr\/wp-json\/wp\/v2\/media?parent=34174"}],"wp:term":[{"taxonomy":"product_brand","embeddable":true,"href":"https:\/\/tuftingeurope.com\/fr\/wp-json\/wp\/v2\/product_brand?post=34174"},{"taxonomy":"product_cat","embeddable":true,"href":"https:\/\/tuftingeurope.com\/fr\/wp-json\/wp\/v2\/product_cat?post=34174"},{"taxonomy":"product_tag","embeddable":true,"href":"https:\/\/tuftingeurope.com\/fr\/wp-json\/wp\/v2\/product_tag?post=34174"}],"curies":[{"name":"wp","href":"https:\/\/api.w.org\/{rel}","templated":true}]}}