{"id":34198,"date":"2023-11-01T23:51:53","date_gmt":"2023-11-01T22:51:53","guid":{"rendered":"https:\/\/tuftingeurope.com\/?post_type=product&#038;p=34198"},"modified":"2026-04-14T13:30:57","modified_gmt":"2026-04-14T11:30:57","slug":"nappe-de-soutien-secondaire-non-derapante-200x200cm","status":"publish","type":"product","link":"https:\/\/tuftingeurope.com\/fr\/produit\/nappe-de-soutien-secondaire-non-derapante-200x200cm\/","title":{"rendered":"Support antid\u00e9rapant pour tufting | 200x200cm"},"content":{"rendered":"","protected":false},"excerpt":{"rendered":"<p>Ce rev\u00eatement antid\u00e9rapant s&#8217;applique apr\u00e8s tufting, offrant une gamme d&#8217;avantages au revers de votre tapis. Il emp\u00eache de glisser et sert de couche de protection suppl\u00e9mentaire entre ta colle en latex et le sol, ce qui pr\u00e9serve ton sol de tout dommage potentiel.<\/p>\n<p>Retourne ton tapis, place le tissu de support et coupe-le sur le bord de ton tissu primaire, puis applique de la colle en spray ou applique-la sur le latex s&#8217;il est encore collant.<\/p>\n","protected":false},"featured_media":37853,"template":"","meta":[],"product_brand":[],"product_cat":[121],"product_tag":[],"class_list":{"0":"post-34198","1":"product","2":"type-product","3":"status-publish","4":"has-post-thumbnail","6":"product_cat-tissus-de-tufting","8":"first","9":"instock","10":"taxable","11":"shipping-taxable","12":"purchasable","13":"product-type-simple"},"_links":{"self":[{"href":"https:\/\/tuftingeurope.com\/fr\/wp-json\/wp\/v2\/product\/34198","targetHints":{"allow":["GET"]}}],"collection":[{"href":"https:\/\/tuftingeurope.com\/fr\/wp-json\/wp\/v2\/product"}],"about":[{"href":"https:\/\/tuftingeurope.com\/fr\/wp-json\/wp\/v2\/types\/product"}],"wp:featuredmedia":[{"embeddable":true,"href":"https:\/\/tuftingeurope.com\/fr\/wp-json\/wp\/v2\/media\/37853"}],"wp:attachment":[{"href":"https:\/\/tuftingeurope.com\/fr\/wp-json\/wp\/v2\/media?parent=34198"}],"wp:term":[{"taxonomy":"product_brand","embeddable":true,"href":"https:\/\/tuftingeurope.com\/fr\/wp-json\/wp\/v2\/product_brand?post=34198"},{"taxonomy":"product_cat","embeddable":true,"href":"https:\/\/tuftingeurope.com\/fr\/wp-json\/wp\/v2\/product_cat?post=34198"},{"taxonomy":"product_tag","embeddable":true,"href":"https:\/\/tuftingeurope.com\/fr\/wp-json\/wp\/v2\/product_tag?post=34198"}],"curies":[{"name":"wp","href":"https:\/\/api.w.org\/{rel}","templated":true}]}}