{"id":34569,"date":"2024-01-02T18:33:30","date_gmt":"2024-01-02T17:33:30","guid":{"rendered":"https:\/\/tuftingeurope.com\/product\/mini-guide-de-coupe-pour-les-tondeuses-a-tapis\/"},"modified":"2026-03-24T08:14:37","modified_gmt":"2026-03-24T07:14:37","slug":"mini-trimming-guide-for-rug-carving-clippers","status":"publish","type":"product","link":"https:\/\/tuftingeurope.com\/fr\/produit\/mini-trimming-guide-for-rug-carving-clippers\/","title":{"rendered":"Guide de rasage \u00e0 hauteur r\u00e9glable"},"content":{"rendered":"\n\t<section class=\"section\" id=\"section_65148422\">\n\t\t<div class=\"section-bg fill\" >\n\t\t\t\t\t\t\t<div class=\"video-overlay no-click fill visible\"><\/div>\n\t<video class=\"video-bg fill visible\" preload playsinline autoplay muted loop>\n\t\t<source src=\"https:\/\/tuftingeurope.com\/wp-content\/uploads\/2024\/08\/scheerapparaat.mp4\" type=\"video\/mp4\">\t<\/video>\n\t\t\t\n\t\t\t\n\n\t\t<\/div>\n\n\t\t\n\n\t\t<div class=\"section-content relative\">\n\t\t\t\n\n\t\t<\/div>\n\n\t\t\n<style>\n#section_65148422 {\n  padding-top: 30px;\n  padding-bottom: 30px;\n  min-height: 400px;\n}\n@media (min-width:550px) {\n  #section_65148422 {\n    min-height: 500px;\n  }\n}\n<\/style>\n\t<\/section>\n\t\n<strong>Installation facile :<\/strong> Pas besoin d&#8217;outils sp\u00e9cialis\u00e9s ou d&#8217;heures de bricolage &#8211; tu seras op\u00e9rationnel en un rien de temps, pr\u00eat \u00e0 cr\u00e9er des tapis magnifiquement taill\u00e9s en toute simplicit\u00e9. En quelques \u00e9tapes simples, tu peux l&#8217;attacher sans effort \u00e0 ta tondeuse \u00e0 sculpter les tapis ou en r\u00e9gler la hauteur.<\/p>\n<p><strong>Plus petit, c&#8217;est plus facile :<\/strong> Plus grand n&#8217;est pas toujours mieux avec les guides de coupe. Son petit profil permet d&#8217;effectuer des travaux de parage complexes et d\u00e9taill\u00e9s, m\u00eame dans les coins \u00e9troits et les motifs qui d\u00e9passent de ton tapis comme des oreilles de chat. Tu seras \u00e9tonn\u00e9 de voir comment cette mini merveille peut manipuler sans effort n&#8217;importe quel tapis tuft\u00e9, du plus petit paillasson au plus grand centre de table.<\/p>\n<p><strong>Pour une finition bien taill\u00e9e :<\/strong> Obtenir une finition polie et professionnelle n&#8217;est plus une t\u00e2che d\u00e9courageante. La pr\u00e9cision de ce guide garantit que tes lignes de coupe sont droites et nettes, ne laissant aucune place aux imperfections. Dis adieu aux bords irr\u00e9guliers, \u00e0 l&#8217;effilochage ou \u00e0 la surcoupe &#8211; notre guide de coupe garantit un r\u00e9sultat magnifique \u00e0 chaque fois.<\/p>\n<p><img fetchpriority=\"high\" decoding=\"async\" class=\"alignnone size-full wp-image-29585\" src=\"https:\/\/tuftingeurope.com\/wp-content\/uploads\/2021\/10\/carved-rug.gif\" alt=\"\" width=\"1280\" height=\"720\" title=\"\"><\/p>\n","protected":false},"excerpt":{"rendered":"<p>Nous vous pr\u00e9sentons le guide de rasage pour tondeuses \u00e0 sculpter les tapis &#8211; un outil essentiel pour obtenir une finition parfaitement taill\u00e9e dans l&#8217;art du tufting de tapis ! Que tu utilises de la laine ou du fil acrylique, ce guide de parage t&#8217;aidera \u00e0 fa\u00e7onner et \u00e0 affiner tes tapis tuft\u00e9s. R\u00e9glable pour les rognures courtes de 1 millim\u00e8tre ou les plus grandes longueurs.<\/p>\n<p>Tondeuse non incluse, ceci est uniquement l&#8217;accessoire. <\/p>\n","protected":false},"featured_media":38045,"template":"","meta":[],"product_brand":[],"product_cat":[135],"product_tag":[],"class_list":{"0":"post-34569","1":"product","2":"type-product","3":"status-publish","4":"has-post-thumbnail","6":"product_cat-accessoires","8":"first","9":"instock","10":"taxable","11":"shipping-taxable","12":"purchasable","13":"product-type-simple"},"_links":{"self":[{"href":"https:\/\/tuftingeurope.com\/fr\/wp-json\/wp\/v2\/product\/34569","targetHints":{"allow":["GET"]}}],"collection":[{"href":"https:\/\/tuftingeurope.com\/fr\/wp-json\/wp\/v2\/product"}],"about":[{"href":"https:\/\/tuftingeurope.com\/fr\/wp-json\/wp\/v2\/types\/product"}],"wp:featuredmedia":[{"embeddable":true,"href":"https:\/\/tuftingeurope.com\/fr\/wp-json\/wp\/v2\/media\/38045"}],"wp:attachment":[{"href":"https:\/\/tuftingeurope.com\/fr\/wp-json\/wp\/v2\/media?parent=34569"}],"wp:term":[{"taxonomy":"product_brand","embeddable":true,"href":"https:\/\/tuftingeurope.com\/fr\/wp-json\/wp\/v2\/product_brand?post=34569"},{"taxonomy":"product_cat","embeddable":true,"href":"https:\/\/tuftingeurope.com\/fr\/wp-json\/wp\/v2\/product_cat?post=34569"},{"taxonomy":"product_tag","embeddable":true,"href":"https:\/\/tuftingeurope.com\/fr\/wp-json\/wp\/v2\/product_tag?post=34569"}],"curies":[{"name":"wp","href":"https:\/\/api.w.org\/{rel}","templated":true}]}}