{"id":41748,"date":"2024-04-10T22:14:11","date_gmt":"2024-04-10T20:14:11","guid":{"rendered":"https:\/\/tuftingeurope.com\/?post_type=product&#038;p=41748"},"modified":"2026-03-13T13:45:36","modified_gmt":"2026-03-13T12:45:36","slug":"click-on-mini-shearing-guide","status":"publish","type":"product","link":"https:\/\/tuftingeurope.com\/fr\/produit\/click-on-mini-shearing-guide\/","title":{"rendered":"Guide de rasage pour tapis Click-On"},"content":{"rendered":"<p>Notre nouveau mini guide de tonte Click-On tond ton tapis \u00e0 un millim\u00e8tre fixe, sans risque ni possibilit\u00e9 d&#8217;ajustement. Si tu souhaites pouvoir r\u00e9gler la hauteur, <a href=\"https:\/\/tuftingeurope.com\/product\/mini-trimming-guide-for-rug-carving-clippers\/\"><br \/>\n  <span style=\"text-decoration: underline;\">vois notre autre guide de rasage.<\/span><br \/>\n<\/a><\/p>\n<p><strong>Installation facile :<\/strong> Pas besoin d&#8217;outils sp\u00e9cialis\u00e9s ou d&#8217;heures de bricolage &#8211; tu seras op\u00e9rationnel en un rien de temps, pr\u00eat \u00e0 cr\u00e9er des tapis magnifiquement taill\u00e9s en toute simplicit\u00e9. En quelques \u00e9tapes simples, tu peux l&#8217;attacher sans effort \u00e0 ta tondeuse \u00e0 sculpter les tapis.<\/p>\n<p><strong>Panneau plus petit :<\/strong> Son petit profil permet d&#8217;effectuer des travaux de parage complexes et d\u00e9taill\u00e9s, m\u00eame dans les coins \u00e9troits et les motifs qui d\u00e9passent de ton tapis comme des oreilles de chat. Tu seras \u00e9tonn\u00e9 de voir comment cette mini merveille peut manipuler sans effort n&#8217;importe quel tapis tuft\u00e9, du plus petit paillasson au plus grand centre de table.<\/p>\n<p><strong>Pour une finition bien taill\u00e9e :<\/strong> Obtenir une finition polie et professionnelle n&#8217;est plus une t\u00e2che d\u00e9courageante. La pr\u00e9cision de ce guide garantit que tes lignes de coupe sont droites et nettes, ne laissant aucune place aux imperfections. Dis adieu aux bords irr\u00e9guliers, \u00e0 l&#8217;effilochage ou \u00e0 la surcoupe &#8211; notre guide de coupe garantit un r\u00e9sultat magnifique \u00e0 chaque fois.<\/p>\n<p><img fetchpriority=\"high\" decoding=\"async\" class=\"alignnone size-full wp-image-29585\" src=\"https:\/\/tuftingeurope.com\/wp-content\/uploads\/2021\/10\/carved-rug.gif\" alt=\"\" width=\"1280\" height=\"720\" title=\"\"><\/p>\n","protected":false},"excerpt":{"rendered":"<p>Le guide de tonte miniature Click-On est un guide de tonte facile \u00e0 utiliser. Il suffit de glisser ta tondeuse dans le guide pour obtenir une coupe fixe de 1 millim\u00e8tre. Aucun risque de tondre plus que n\u00e9cessaire.<\/p>\n","protected":false},"featured_media":41769,"template":"","meta":[],"product_brand":[],"product_cat":[135],"product_tag":[],"class_list":{"0":"post-41748","1":"product","2":"type-product","3":"status-publish","4":"has-post-thumbnail","6":"product_cat-accessoires","8":"first","9":"instock","10":"taxable","11":"shipping-taxable","12":"purchasable","13":"product-type-simple"},"_links":{"self":[{"href":"https:\/\/tuftingeurope.com\/fr\/wp-json\/wp\/v2\/product\/41748","targetHints":{"allow":["GET"]}}],"collection":[{"href":"https:\/\/tuftingeurope.com\/fr\/wp-json\/wp\/v2\/product"}],"about":[{"href":"https:\/\/tuftingeurope.com\/fr\/wp-json\/wp\/v2\/types\/product"}],"wp:featuredmedia":[{"embeddable":true,"href":"https:\/\/tuftingeurope.com\/fr\/wp-json\/wp\/v2\/media\/41769"}],"wp:attachment":[{"href":"https:\/\/tuftingeurope.com\/fr\/wp-json\/wp\/v2\/media?parent=41748"}],"wp:term":[{"taxonomy":"product_brand","embeddable":true,"href":"https:\/\/tuftingeurope.com\/fr\/wp-json\/wp\/v2\/product_brand?post=41748"},{"taxonomy":"product_cat","embeddable":true,"href":"https:\/\/tuftingeurope.com\/fr\/wp-json\/wp\/v2\/product_cat?post=41748"},{"taxonomy":"product_tag","embeddable":true,"href":"https:\/\/tuftingeurope.com\/fr\/wp-json\/wp\/v2\/product_tag?post=41748"}],"curies":[{"name":"wp","href":"https:\/\/api.w.org\/{rel}","templated":true}]}}