{"id":44531,"date":"2024-08-08T11:26:56","date_gmt":"2024-08-08T09:26:56","guid":{"rendered":"https:\/\/tuftingeurope.com\/product\/ciseaux-electriques-pour-la-sculpture-de-tapis\/"},"modified":"2025-11-27T16:15:23","modified_gmt":"2025-11-27T15:15:23","slug":"electric-scissors-for-rug-carving","status":"publish","type":"product","link":"https:\/\/tuftingeurope.com\/fr\/produit\/electric-scissors-for-rug-carving\/","title":{"rendered":"Ciseaux \u00c9lectriques pour la Sculpture de Tapis"},"content":{"rendered":"<p><iframe title=\"Electric tufting scissors! #tufting #carpet #tuftingprocess #shorts\" width=\"563\" height=\"1000\" src=\"https:\/\/www.youtube.com\/embed\/MtdH6x3N0VY?feature=oembed\" frameborder=\"0\" allow=\"accelerometer; autoplay; clipboard-write; encrypted-media; gyroscope; picture-in-picture; web-share\" referrerpolicy=\"strict-origin-when-cross-origin\" allowfullscreen><\/iframe><\/p>\n<h2>Pr\u00e9cision pour Votre Artisanat<\/h2>\n<p>Pr\u00e9sentation de nos Nouveaux Ciseaux de Sculpture de Tapis, sp\u00e9cialement con\u00e7us pour les artisans de tapis tuft\u00e9s exp\u00e9riment\u00e9s. Ces ciseaux \u00e9lectriques permettent une coupe pr\u00e9cise des bords et des motifs des tapis, donnant \u00e0 vos tapis un aspect net et d\u00e9taill\u00e9. <\/p>\n<h2>L\u00e9gers et Confortables<\/h2>\n<p>Vous permet de tailler les tapis sous n&#8217;importe quel angle sans fatiguer vos mains, m\u00eame pendant de longues sessions. Profitez d&#8217;une exp\u00e9rience de coupe confortable \u00e0 chaque fois. <\/p>\n<h2>Vitesse R\u00e9glable pour l&#8217;Efficacit\u00e9<\/h2>\n<p>Avec un bouton de r\u00e9glage de la vitesse sur l&#8217;adaptateur, ces ciseaux rendent la coupe plus efficace par rapport aux ciseaux traditionnels sculpt\u00e9s \u00e0 la main. Ajustez la vitesse selon vos besoins et travaillez facilement sur n&#8217;importe quel tapis. <\/p>\n<h2>Comprend des Remplacements Essentiels<\/h2>\n<p>Le paquet de la Machine de Toilettage de Tapis comprend une lame de rechange (1 paire) et deux balais de carbone, vous assurant d&#8217;avoir les pi\u00e8ces n\u00e9cessaires pour une utilisation \u00e0 long terme. Si vous remarquez une baisse de la vitesse de coupe ou de la puissance du moteur, remplacez simplement les pi\u00e8ces us\u00e9es. <\/p>\n","protected":false},"excerpt":{"rendered":"<p>Apportez plus de d\u00e9tails \u00e0 votre travail ! Adapt\u00e9 aux artistes de tufting exp\u00e9riment\u00e9s. L\u00e9g\u00e8res, r\u00e9glables et polyvalentes, ces ciseaux \u00e9lectriques \u00e0 haute vitesse facilitent la cr\u00e9ation de tapis d\u00e9taill\u00e9s.  <\/p>\n","protected":false},"featured_media":44514,"template":"","meta":[],"product_brand":[],"product_cat":[135],"product_tag":[],"class_list":{"0":"post-44531","1":"product","2":"type-product","3":"status-publish","4":"has-post-thumbnail","6":"product_cat-accessoires","8":"first","9":"outofstock","10":"taxable","11":"shipping-taxable","12":"purchasable","13":"product-type-simple"},"_links":{"self":[{"href":"https:\/\/tuftingeurope.com\/fr\/wp-json\/wp\/v2\/product\/44531","targetHints":{"allow":["GET"]}}],"collection":[{"href":"https:\/\/tuftingeurope.com\/fr\/wp-json\/wp\/v2\/product"}],"about":[{"href":"https:\/\/tuftingeurope.com\/fr\/wp-json\/wp\/v2\/types\/product"}],"wp:featuredmedia":[{"embeddable":true,"href":"https:\/\/tuftingeurope.com\/fr\/wp-json\/wp\/v2\/media\/44514"}],"wp:attachment":[{"href":"https:\/\/tuftingeurope.com\/fr\/wp-json\/wp\/v2\/media?parent=44531"}],"wp:term":[{"taxonomy":"product_brand","embeddable":true,"href":"https:\/\/tuftingeurope.com\/fr\/wp-json\/wp\/v2\/product_brand?post=44531"},{"taxonomy":"product_cat","embeddable":true,"href":"https:\/\/tuftingeurope.com\/fr\/wp-json\/wp\/v2\/product_cat?post=44531"},{"taxonomy":"product_tag","embeddable":true,"href":"https:\/\/tuftingeurope.com\/fr\/wp-json\/wp\/v2\/product_tag?post=44531"}],"curies":[{"name":"wp","href":"https:\/\/api.w.org\/{rel}","templated":true}]}}