{"id":45444,"date":"2024-09-04T09:51:41","date_gmt":"2024-09-04T07:51:41","guid":{"rendered":"https:\/\/tuftingeurope.com\/product\/jibbitz-pour-pistolet-a-tufting\/"},"modified":"2025-09-23T16:25:52","modified_gmt":"2025-09-23T14:25:52","slug":"tufty-tufting-jibbitz","status":"publish","type":"product","link":"https:\/\/tuftingeurope.com\/fr\/produit\/tufty-tufting-jibbitz\/","title":{"rendered":"Tufty Tufting Jibbitz"},"content":{"rendered":"","protected":false},"excerpt":{"rendered":"<p>Nous avons con\u00e7u ce petit ornement car, apr\u00e8s tout, pourquoi pas ?<\/p>\n<p>Dites bonjour \u00e0 Tufty, notre ambassadeur du tufting. La fa\u00e7on parfaite d&#8217;afficher votre amour pour le tufting o\u00f9 que vous alliez, un pas \u00e0 la fois ! Gratuit pour les commandes de plus de 100 \u20ac &#8211; s\u00e9lectionnez-le lors du paiement.  <\/p>\n","protected":false},"featured_media":46261,"template":"","meta":[],"product_brand":[],"product_cat":[135],"product_tag":[],"class_list":{"0":"post-45444","1":"product","2":"type-product","3":"status-publish","4":"has-post-thumbnail","6":"product_cat-accessoires","8":"first","9":"outofstock","10":"taxable","11":"shipping-taxable","12":"purchasable","13":"product-type-simple"},"_links":{"self":[{"href":"https:\/\/tuftingeurope.com\/fr\/wp-json\/wp\/v2\/product\/45444","targetHints":{"allow":["GET"]}}],"collection":[{"href":"https:\/\/tuftingeurope.com\/fr\/wp-json\/wp\/v2\/product"}],"about":[{"href":"https:\/\/tuftingeurope.com\/fr\/wp-json\/wp\/v2\/types\/product"}],"wp:featuredmedia":[{"embeddable":true,"href":"https:\/\/tuftingeurope.com\/fr\/wp-json\/wp\/v2\/media\/46261"}],"wp:attachment":[{"href":"https:\/\/tuftingeurope.com\/fr\/wp-json\/wp\/v2\/media?parent=45444"}],"wp:term":[{"taxonomy":"product_brand","embeddable":true,"href":"https:\/\/tuftingeurope.com\/fr\/wp-json\/wp\/v2\/product_brand?post=45444"},{"taxonomy":"product_cat","embeddable":true,"href":"https:\/\/tuftingeurope.com\/fr\/wp-json\/wp\/v2\/product_cat?post=45444"},{"taxonomy":"product_tag","embeddable":true,"href":"https:\/\/tuftingeurope.com\/fr\/wp-json\/wp\/v2\/product_tag?post=45444"}],"curies":[{"name":"wp","href":"https:\/\/api.w.org\/{rel}","templated":true}]}}