{"id":46287,"date":"2024-10-22T17:39:34","date_gmt":"2024-10-22T15:39:34","guid":{"rendered":"https:\/\/tuftingeurope.com\/product\/outil-de-tuftage-manuel-cut-pile-30-40-50mm\/"},"modified":"2026-03-28T10:35:08","modified_gmt":"2026-03-28T09:35:08","slug":"manual-tufting-tool-cut-pile-30-40-50mm","status":"publish","type":"product","link":"https:\/\/tuftingeurope.com\/fr\/produit\/manual-tufting-tool-cut-pile-30-40-50mm\/","title":{"rendered":"Outil de Tuftage Manuel Cut Pile 30-40-50mm"},"content":{"rendered":"<p><iframe title=\"Manual Tufting Tool Cut Pile 30-40-50mm\" width=\"1020\" height=\"574\" src=\"https:\/\/www.youtube.com\/embed\/jMV_F9pqU58?feature=oembed\" frameborder=\"0\" allow=\"accelerometer; autoplay; clipboard-write; encrypted-media; gyroscope; picture-in-picture; web-share\" referrerpolicy=\"strict-origin-when-cross-origin\" allowfullscreen><\/iframe><\/p>\n<h3>Caract\u00e9ristiques Principales :<\/h3>\n<p><strong>Poils coup\u00e9s longs :<\/strong><br \/>\nCet outil vous permet de cr\u00e9er des textures \u00e0 poils coup\u00e9s longs pour vos \u0153uvres d&#8217;art. Il est facile \u00e0 utiliser, comme le montre notre vid\u00e9o ci-dessous. Aucune source d&#8217;alimentation n&#8217;est n\u00e9cessaire \u2013 concentrez-vous simplement sur votre technique et profitez de l&#8217;exp\u00e9rience tactile du tufting \u00e0 la main.  <\/p>\n<h3>Pourquoi Choisir un Outil de Tuftage Manuel ?<\/h3>\n<ul>\n<li><strong>Contr\u00f4le Total :<\/strong> R\u00e9alisez des coupes pr\u00e9cises et des r\u00e9sultats de haute qualit\u00e9 avec une approche pratique.<\/li>\n<li><strong>Flexibilit\u00e9 Cr\u00e9ative :<\/strong> D\u00e9placez-vous librement entre les designs, les hauteurs de pile et les formes sans aucune restriction.<\/li>\n<li><strong>Abordable et accessible :<\/strong> D\u00e9butez dans le tufting avec une option abordable qui ne compromet pas la qualit\u00e9.<\/li>\n<\/ul>\n<p>Que vous soyez novice en tufting ou un artiste exp\u00e9riment\u00e9, l&#8217;outil de touffetage manuel pour poils coup\u00e9s vous aidera \u00e0 lib\u00e9rer tout votre potentiel cr\u00e9atif. Sa simplicit\u00e9, sa fiabilit\u00e9 et sa polyvalence en font un ajout essentiel \u00e0 tout ensemble d&#8217;outils de tufting. <\/p>\n<p><em>Pr\u00eat \u00e0 commencer votre prochain projet ? Commandez votre Outil de Tuftage Manuel aujourd&#8217;hui et donnez vie \u00e0 vos id\u00e9es de design ! <\/em><\/p>\n","protected":false},"excerpt":{"rendered":"<p>L&#8217;outil de touffetage manuel pour poils coup\u00e9s est l&#8217;instrument id\u00e9al pour les artistes, les d\u00e9butants et les passionn\u00e9s de fabrication de tapis qui souhaitent un contr\u00f4le total sur leurs cr\u00e9ations. Avec cet outil, vous pouvez confectionner de magnifiques tapis \u00e0 poils coup\u00e9s et des tapisseries murales, offrant des possibilit\u00e9s cr\u00e9atives infinies avec seulement vos mains et un peu d&#8217;imagination. <\/p>\n<p>Disponible en variantes de 30, 40 et 50 mm.<\/p>\n","protected":false},"featured_media":46232,"template":"","meta":[],"product_brand":[],"product_cat":[122],"product_tag":[],"class_list":{"0":"post-46287","1":"product","2":"type-product","3":"status-publish","4":"has-post-thumbnail","6":"product_cat-aiguilles-a-poinconner","8":"first","9":"instock","10":"sale","11":"taxable","12":"shipping-taxable","13":"purchasable","14":"product-type-variable"},"_links":{"self":[{"href":"https:\/\/tuftingeurope.com\/fr\/wp-json\/wp\/v2\/product\/46287","targetHints":{"allow":["GET"]}}],"collection":[{"href":"https:\/\/tuftingeurope.com\/fr\/wp-json\/wp\/v2\/product"}],"about":[{"href":"https:\/\/tuftingeurope.com\/fr\/wp-json\/wp\/v2\/types\/product"}],"wp:featuredmedia":[{"embeddable":true,"href":"https:\/\/tuftingeurope.com\/fr\/wp-json\/wp\/v2\/media\/46232"}],"wp:attachment":[{"href":"https:\/\/tuftingeurope.com\/fr\/wp-json\/wp\/v2\/media?parent=46287"}],"wp:term":[{"taxonomy":"product_brand","embeddable":true,"href":"https:\/\/tuftingeurope.com\/fr\/wp-json\/wp\/v2\/product_brand?post=46287"},{"taxonomy":"product_cat","embeddable":true,"href":"https:\/\/tuftingeurope.com\/fr\/wp-json\/wp\/v2\/product_cat?post=46287"},{"taxonomy":"product_tag","embeddable":true,"href":"https:\/\/tuftingeurope.com\/fr\/wp-json\/wp\/v2\/product_tag?post=46287"}],"curies":[{"name":"wp","href":"https:\/\/api.w.org\/{rel}","templated":true}]}}