{"id":47792,"date":"2024-10-24T11:15:30","date_gmt":"2024-10-24T09:15:30","guid":{"rendered":"https:\/\/tuftingeurope.com\/product\/yarn-sample-book-a-venir-bientot\/"},"modified":"2026-03-13T13:45:28","modified_gmt":"2026-03-13T12:45:28","slug":"yarn-sample-card","status":"publish","type":"product","link":"https:\/\/tuftingeurope.com\/fr\/produit\/yarn-sample-card\/","title":{"rendered":"Livre d&#8217;\u00e9chantillons de Fil \u00e0 touffeter en laine"},"content":{"rendered":"<p>Des couleurs vives aux neutres d\u00e9licats, ce livret vous permet d&#8217;exp\u00e9rimenter la riche texture et les teintes fid\u00e8les \u00e0 la r\u00e9alit\u00e9. Id\u00e9al pour tester des combinaisons, planifier des designs ou simplement susciter de nouvelles inspirations \u2014 car chaque chef-d&#8217;\u0153uvre commence par les bonnes couleurs. <\/p>\n<h2>Guide de r\u00e9f\u00e9rence des couleurs<\/h2>\n\n<table id=\"tablepress-5\" class=\"tablepress tablepress-id-5\">\n<thead>\n<tr class=\"row-1\">\n\t<th class=\"column-1\">Number<\/th><th class=\"column-2\">Color<\/th>\n<\/tr>\n<\/thead>\n<tbody class=\"row-striping row-hover\">\n<tr class=\"row-2\">\n\t<td class=\"column-1\">1<\/td><td class=\"column-2\"><a href=\"https:\/\/tuftingeurope.com\/product\/black-tufting-yarn-500g-wool\/\">Black<\/a><\/td>\n<\/tr>\n<tr class=\"row-3\">\n\t<td class=\"column-1\">2<\/td><td class=\"column-2\"><a href=\"https:\/\/tuftingeurope.com\/product\/dark-grey-tufting-yarn-500g-wool\/\">Dark Grey<\/a><\/td>\n<\/tr>\n<tr class=\"row-4\">\n\t<td class=\"column-1\">3<\/td><td class=\"column-2\"><a href=\"https:\/\/tuftingeurope.com\/product\/graphite-grey-tufting-yarn-500g-wool\/\">Graphite Grey<\/a><\/td>\n<\/tr>\n<tr class=\"row-5\">\n\t<td class=\"column-1\">4<\/td><td class=\"column-2\"><a href=\"https:\/\/tuftingeurope.com\/product\/light-grey-tufting-yarn-500g-wool\/\">Light Grey<\/a><\/td>\n<\/tr>\n<tr class=\"row-6\">\n\t<td class=\"column-1\">5<\/td><td class=\"column-2\"><a href=\"https:\/\/tuftingeurope.com\/product\/white-tufting-yarn-500g-wool\/\">White<\/a><\/td>\n<\/tr>\n<tr class=\"row-7\">\n\t<td class=\"column-1\">6<\/td><td class=\"column-2\"><a href=\"https:\/\/tuftingeurope.com\/product\/peachy-beige-tufting-yarn-500g-wool\/\">Peachy Beige<\/a><\/td>\n<\/tr>\n<tr class=\"row-8\">\n\t<td class=\"column-1\">7<\/td><td class=\"column-2\"><a href=\"https:\/\/tuftingeurope.com\/product\/light-beige-tufting-yarn-500g-wool\/\">Light Beige<\/a><\/td>\n<\/tr>\n<tr class=\"row-9\">\n\t<td class=\"column-1\">8<\/td><td class=\"column-2\"><a href=\"https:\/\/tuftingeurope.com\/product\/beige-tufting-yarn-500g-wool\/\">Honey Beige<\/a><\/td>\n<\/tr>\n<tr class=\"row-10\">\n\t<td class=\"column-1\">9<\/td><td class=\"column-2\"><a href=\"https:\/\/tuftingeurope.com\/product\/teddy-brown-tufting-yarn-500g-wool\/\">Maple Brown<\/a><\/td>\n<\/tr>\n<tr class=\"row-11\">\n\t<td class=\"column-1\">10<\/td><td class=\"column-2\"><a href=\"https:\/\/tuftingeurope.com\/product\/light-brown-tufting-yarn-500g-wool\/\">Light Brown<\/a><\/td>\n<\/tr>\n<tr class=\"row-12\">\n\t<td class=\"column-1\">11<\/td><td class=\"column-2\"><a href=\"https:\/\/tuftingeurope.com\/product\/auberginepurple-tufting-yarn-500g-wool\/\">Aubergine Purple<\/a><\/td>\n<\/tr>\n<tr class=\"row-13\">\n\t<td class=\"column-1\">12<\/td><td class=\"column-2\"><a href=\"https:\/\/tuftingeurope.com\/product\/deep-pink-tufting-yarn-500g-wool\/\">Deep Pink<\/a><\/td>\n<\/tr>\n<tr class=\"row-14\">\n\t<td class=\"column-1\">13<\/td><td class=\"column-2\"><a href=\"https:\/\/tuftingeurope.com\/product\/fuchsia-pink-tufting-yarn-500g-wool\/\">Fuchsia Pink<\/a><\/td>\n<\/tr>\n<tr class=\"row-15\">\n\t<td class=\"column-1\">14<\/td><td class=\"column-2\"><a href=\"https:\/\/tuftingeurope.com\/product\/super-pink-tufting-yarn-500g-wool\/\">Super Pink<\/a><\/td>\n<\/tr>\n<tr class=\"row-16\">\n\t<td class=\"column-1\">15<\/td><td class=\"column-2\"><a href=\"https:\/\/tuftingeurope.com\/product\/light-pink-tufting-yarn-500g-wool\/\">Light Pink<\/a><\/td>\n<\/tr>\n<tr class=\"row-17\">\n\t<td class=\"column-1\">16<\/td><td class=\"column-2\"><a href=\"https:\/\/tuftingeurope.com\/product\/khaki-tufting-yarn-500g-wool\/\">Khaki<\/a><\/td>\n<\/tr>\n<tr class=\"row-18\">\n\t<td class=\"column-1\">17<\/td><td class=\"column-2\"><a href=\"https:\/\/tuftingeurope.com\/product\/salmon-tufting-yarn-500g-wool\/\">Salmon<\/a><\/td>\n<\/tr>\n<tr class=\"row-19\">\n\t<td class=\"column-1\">18<\/td><td class=\"column-2\"><a href=\"https:\/\/tuftingeurope.com\/product\/ginger-orange-tufting-yarn-500g-wool\/\">Ginger Orange<\/a><\/td>\n<\/tr>\n<tr class=\"row-20\">\n\t<td class=\"column-1\">19<\/td><td class=\"column-2\"><a href=\"https:\/\/tuftingeurope.com\/product\/warm-brown-tufting-yarn-500g-wool\/\">Warm Brown<\/a><\/td>\n<\/tr>\n<tr class=\"row-21\">\n\t<td class=\"column-1\">20<\/td><td class=\"column-2\"><a href=\"https:\/\/tuftingeurope.com\/product\/dark-brown-tufting-yarn-500g-wool\/\">Dark Brown<\/a><\/td>\n<\/tr>\n<tr class=\"row-22\">\n\t<td class=\"column-1\">21<\/td><td class=\"column-2\"><a href=\"https:\/\/tuftingeurope.com\/product\/bordeaux-tufting-yarn-500g-wool\/\">Bordeaux Red<\/a><\/td>\n<\/tr>\n<tr class=\"row-23\">\n\t<td class=\"column-1\">22<\/td><td class=\"column-2\"><a href=\"https:\/\/tuftingeurope.com\/product\/cherry-red-tufting-yarn-500g-wool\/\">Cherry Red<\/a><\/td>\n<\/tr>\n<tr class=\"row-24\">\n\t<td class=\"column-1\">23<\/td><td class=\"column-2\"><a href=\"https:\/\/tuftingeurope.com\/product\/red-tufting-yarn-500g-wool\/\">Red<\/a><\/td>\n<\/tr>\n<tr class=\"row-25\">\n\t<td class=\"column-1\">24<\/td><td class=\"column-2\"><a href=\"https:\/\/tuftingeurope.com\/product\/fluor-red-tufting-yarn-500g-wool\/\">Fluor Red<\/a><\/td>\n<\/tr>\n<tr class=\"row-26\">\n\t<td class=\"column-1\">25<\/td><td class=\"column-2\"><a href=\"https:\/\/tuftingeurope.com\/product\/orange-blast-tufting-yarn-500g-wool\/\">Orange Blast<\/a><\/td>\n<\/tr>\n<tr class=\"row-27\">\n\t<td class=\"column-1\">26<\/td><td class=\"column-2\"><a href=\"https:\/\/tuftingeurope.com\/product\/orange-tufting-yarn-500g-wool\/\">Orange<\/a><\/td>\n<\/tr>\n<tr class=\"row-28\">\n\t<td class=\"column-1\">27<\/td><td class=\"column-2\"><a href=\"https:\/\/tuftingeurope.com\/product\/ochre-yellow-tufting-yarn-500g-wool\/\">Ochre Yellow<\/a><\/td>\n<\/tr>\n<tr class=\"row-29\">\n\t<td class=\"column-1\">28<\/td><td class=\"column-2\"><a href=\"https:\/\/tuftingeurope.com\/product\/mustard-yellow-tufting-yarn-500g-wool\/\">Musterd Yellow<\/a><\/td>\n<\/tr>\n<tr class=\"row-30\">\n\t<td class=\"column-1\">29<\/td><td class=\"column-2\"><a href=\"https:\/\/tuftingeurope.com\/product\/light-orange-tufting-yarn-500g-wool\/\">Light Orange<\/a><\/td>\n<\/tr>\n<tr class=\"row-31\">\n\t<td class=\"column-1\">30<\/td><td class=\"column-2\"><a href=\"https:\/\/tuftingeurope.com\/product\/yellow-tufting-yarn-500g-wool\/\">Yellow<\/a><\/td>\n<\/tr>\n<tr class=\"row-32\">\n\t<td class=\"column-1\">31<\/td><td class=\"column-2\"><a href=\"https:\/\/tuftingeurope.com\/product\/forest-green-tufting-yarn-500g-wool\/\">Forest Green<\/a><\/td>\n<\/tr>\n<tr class=\"row-33\">\n\t<td class=\"column-1\">32<\/td><td class=\"column-2\"><a href=\"https:\/\/tuftingeurope.com\/product\/pine-green-tufting-yarn-500g-wool\/\">Pine Green<\/a><\/td>\n<\/tr>\n<tr class=\"row-34\">\n\t<td class=\"column-1\">33<\/td><td class=\"column-2\"><a href=\"https:\/\/tuftingeurope.com\/product\/moss-green-tufting-yarn-500g-wool\/\">Moss Green<\/a><\/td>\n<\/tr>\n<tr class=\"row-35\">\n\t<td class=\"column-1\">34<\/td><td class=\"column-2\"><a href=\"https:\/\/tuftingeurope.com\/product\/dark-green-tufting-yarn-500g-wool\/\">Dark Green<\/a><\/td>\n<\/tr>\n<tr class=\"row-36\">\n\t<td class=\"column-1\">35<\/td><td class=\"column-2\"><a href=\"https:\/\/tuftingeurope.com\/product\/regular-green-tufting-yarn-500g-wool\/\">Regular Green<\/a><\/td>\n<\/tr>\n<tr class=\"row-37\">\n\t<td class=\"column-1\">36<\/td><td class=\"column-2\"><a href=\"https:\/\/tuftingeurope.com\/product\/olive-green-tufting-yarn-500g-wool\/\">Olive Green<\/a><\/td>\n<\/tr>\n<tr class=\"row-38\">\n\t<td class=\"column-1\">37<\/td><td class=\"column-2\"><a href=\"https:\/\/tuftingeurope.com\/product\/light-teal-tufting-yarn-500g-wool\/\">Light Teal<\/a><\/td>\n<\/tr>\n<tr class=\"row-39\">\n\t<td class=\"column-1\">38<\/td><td class=\"column-2\"><a href=\"https:\/\/tuftingeurope.com\/product\/light-blue-tufting-yarn-500g-wool\/\">Light Blue<\/a><\/td>\n<\/tr>\n<tr class=\"row-40\">\n\t<td class=\"column-1\">39<\/td><td class=\"column-2\"><a href=\"https:\/\/tuftingeurope.com\/product\/mid-teal-tufting-yarn-500g-wool\/\">Mid Teal<\/a><\/td>\n<\/tr>\n<tr class=\"row-41\">\n\t<td class=\"column-1\">40<\/td><td class=\"column-2\"><a href=\"https:\/\/tuftingeurope.com\/product\/teal-tufting-yarn-500g-wool\/\">Teal<\/a><\/td>\n<\/tr>\n<tr class=\"row-42\">\n\t<td class=\"column-1\">41<\/td><td class=\"column-2\"><a href=\"https:\/\/tuftingeurope.com\/product\/dark-purple-tufting-yarn-500g-wool\/\">Dark Purple<\/a><\/td>\n<\/tr>\n<tr class=\"row-43\">\n\t<td class=\"column-1\">42<\/td><td class=\"column-2\"><a href=\"https:\/\/tuftingeurope.com\/product\/navy-blue-tufting-yarn-500g-wool\/\">Navy Blue<\/a><\/td>\n<\/tr>\n<tr class=\"row-44\">\n\t<td class=\"column-1\">43<\/td><td class=\"column-2\"><a href=\"https:\/\/tuftingeurope.com\/product\/cobalt-blue-tufting-yarn-500g-wool\/\">Cobalt Blue<\/a><\/td>\n<\/tr>\n<tr class=\"row-45\">\n\t<td class=\"column-1\">44<\/td><td class=\"column-2\"><a href=\"https:\/\/tuftingeurope.com\/product\/mid-blue-tufting-yarn-500g-wool\/\">Mid Blue<\/a><\/td>\n<\/tr>\n<tr class=\"row-46\">\n\t<td class=\"column-1\">45<\/td><td class=\"column-2\"><a href=\"https:\/\/tuftingeurope.com\/product\/sky-blue-tufting-yarn-500g-wool\/\">Sky Blue<\/a><\/td>\n<\/tr>\n<tr class=\"row-47\">\n\t<td class=\"column-1\">46<\/td><td class=\"column-2\"><a href=\"https:\/\/tuftingeurope.com\/product\/steel-blue-tufting-yarn-500g-wool\/\">Steel Blue<\/a><\/td>\n<\/tr>\n<tr class=\"row-48\">\n\t<td class=\"column-1\">47<\/td><td class=\"column-2\"><a href=\"https:\/\/tuftingeurope.com\/product\/light-aqua-tufting-yarn-500g-wool\/\">Light Aqua<\/a><\/td>\n<\/tr>\n<tr class=\"row-49\">\n\t<td class=\"column-1\">48<\/td><td class=\"column-2\"><a href=\"https:\/\/tuftingeurope.com\/product\/turquoise-tufting-yarn-500g-wool\/\">Turquoise<\/a><\/td>\n<\/tr>\n<tr class=\"row-50\">\n\t<td class=\"column-1\">49<\/td><td class=\"column-2\"><a href=\"https:\/\/tuftingeurope.com\/product\/super-blue-tufting-yarn-500g-wool\/\">Super Blue<\/a><\/td>\n<\/tr>\n<tr class=\"row-51\">\n\t<td class=\"column-1\">50<\/td><td class=\"column-2\"><a href=\"https:\/\/tuftingeurope.com\/product\/mid-indigo-blue-tufting-yarn-500g-wool\/\">Mid Indigo Blue<\/a><\/td>\n<\/tr>\n<tr class=\"row-52\">\n\t<td class=\"column-1\">51<\/td><td class=\"column-2\"><a href=\"https:\/\/tuftingeurope.com\/product\/violet-tufting-yarn-500g-wool\/\">Violet<\/a><\/td>\n<\/tr>\n<tr class=\"row-53\">\n\t<td class=\"column-1\">52<\/td><td class=\"column-2\"><a href=\"https:\/\/tuftingeurope.com\/product\/light-purple-tufting-yarn-500g-wool\/\">Light Purple<\/a><\/td>\n<\/tr>\n<\/tbody>\n<\/table>\n<!-- #tablepress-5 from cache -->\n<h2>Donnez vie \u00e0 vos cr\u00e9ations avec 52 couleurs vibrantes<\/h2>\n<p>La r\u00e9f\u00e9rence par excellence pour l&#8217;art du tufting. Notre fil tufting premium est d\u00e9sormais disponible en <strong>52 couleurs \u00e9blouissantes<\/strong> \u2014 des teintes audacieuses et accrocheuses aux tons doux et intemporels. Chaque couleur est sp\u00e9cialement con\u00e7ue pour rester riche, vibrante et fid\u00e8le, faisant v\u00e9ritablement ressortir vos tapis et \u0153uvres d&#8217;art.  <\/p>\n<p>Fabriqu\u00e9 \u00e0 partir de <strong>100% laine de Nouvelle-Z\u00e9lande<\/strong>, ce mat\u00e9riau naturellement r\u00e9sistant r\u00e9duit l&#8217;aplatissement et l&#8217;usure, garantissant que vos cr\u00e9ations personnalis\u00e9es restent belles et durables.<\/p>\n<p>Pour les passionn\u00e9s de fil : notre laine est <strong>fil\u00e9e \u00e0 c\u0153ur \u00e0 140 TPM<\/strong> avec une <strong>composition de 837\/3 Tex<\/strong>, garantissant un flux r\u00e9gulier \u00e0 travers les machines tufting sans bourrage ni irr\u00e9gularit\u00e9s. Vous pouvez vous concentrer sur votre design, sachant que le fil fonctionne sans effort avec vos outils. <\/p>\n<p>Chaque c\u00f4ne contient <strong>500 grammes<\/strong> (environ 500 m\u00e8tres) de laine de haute qualit\u00e9, fournissant suffisamment de mat\u00e9riau pour alimenter votre cr\u00e9ativit\u00e9. \u00c0 titre de r\u00e9f\u00e9rence, un <strong>tapis de 80\u00d780 cm<\/strong> n\u00e9cessite g\u00e9n\u00e9ralement environ <strong>1500 grammes<\/strong> de fil. <\/p>\n<h2>Pourquoi choisir le fil de laine premium ?<\/h2>\n<ul>\n<li><strong>100% laine de mouton de Nouvelle-Z\u00e9lande<\/strong> \u2013 Douce, durable et naturellement r\u00e9sistante.<\/li>\n<li><strong>Bien-\u00eatre animal<\/strong> &#8211; Provenant de fermes respectant les Cinq Libert\u00e9s du bien-\u00eatre animal.<\/li>\n<li><strong>837\/3 Tex<\/strong> \u2013 \u00c9paisseur parfaite pour des r\u00e9sultats tufting impeccables.<\/li>\n<li><strong>500 m\u00e8tres par c\u00f4ne<\/strong> \u2013 Excellente couverture pour vos projets.<\/li>\n<li><strong>Anti-boulochage &amp; Antistatique<\/strong> \u2013 Pr\u00e9vient l&#8217;attraction de la poussi\u00e8re, r\u00e9siste \u00e0 la formation de petites boules de peluches.<\/li>\n<li><strong>Fibres \u00e9troitement tiss\u00e9es<\/strong> \u2013 R\u00e9duit la perte de fibres et maintient votre processus tufting sans frustration.<\/li>\n<\/ul>\n\n<table id=\"tablepress-4\" class=\"tablepress tablepress-id-4\">\n<thead>\n<tr class=\"row-1\">\n\t<th class=\"column-1\">Specifications<\/th><td class=\"column-2\"><\/td>\n<\/tr>\n<\/thead>\n<tbody class=\"row-striping\">\n<tr class=\"row-2\">\n\t<td class=\"column-1\">Material<\/td><td class=\"column-2\">100% New Zealand Sheeps Wool<\/td>\n<\/tr>\n<tr class=\"row-3\">\n\t<td class=\"column-1\">Animal Welfare<\/td><td class=\"column-2\">Responsible Wool Standard (RWS)<\/td>\n<\/tr>\n<tr class=\"row-4\">\n\t<td class=\"column-1\">Properties<\/td><td class=\"column-2\">Anti-pilling, Anti-static, Mothproof<br \/>\n<\/td>\n<\/tr>\n<tr class=\"row-5\">\n\t<td class=\"column-1\">Compostition<\/td><td class=\"column-2\">Core spun at 140 TPM<\/td>\n<\/tr>\n<tr class=\"row-6\">\n\t<td class=\"column-1\">Weight<\/td><td class=\"column-2\">500 grams<\/td>\n<\/tr>\n<tr class=\"row-7\">\n\t<td class=\"column-1\">Length<\/td><td class=\"column-2\">~500 meters<\/td>\n<\/tr>\n<tr class=\"row-8\">\n\t<td class=\"column-1\">Tex<\/td><td class=\"column-2\">837\/3<\/td>\n<\/tr>\n<tr class=\"row-9\">\n\t<td class=\"column-1\">Needle Size<\/td><td class=\"column-2\">4mm<\/td>\n<\/tr>\n<tr class=\"row-10\">\n\t<td class=\"column-1\">Compatibility\t<\/td><td class=\"column-2\">Tufting, Knitting<\/td>\n<\/tr>\n<tr class=\"row-11\">\n\t<td class=\"column-1\">Coned?<\/td><td class=\"column-2\">Yes, cardboard cone<\/td>\n<\/tr>\n<\/tbody>\n<\/table>\n<!-- #tablepress-4 from cache -->\n<h2>Norme de laine responsable<\/h2>\n<p>Nous nous soucions du bien-\u00eatre animal et des pratiques agricoles durables. C&#8217;est pourquoi notre laine 100% n\u00e9o-z\u00e9landaise r\u00e9pond \u00e0 la norme de laine responsable (RWS). Cette certification garantit que notre laine provient de fermes qui priorisent le traitement \u00e9thique des moutons, assurant le respect de leurs Cinq Libert\u00e9s de bien-\u00eatre animal. Vous ne cr\u00e9ez pas seulement de beaux tapis durables, mais vous soutenez \u00e9galement des pratiques durables et respectueuses des animaux.   <\/p>\n<h2>Questions fr\u00e9quemment pos\u00e9es<\/h2>\n<div class=\"accordion\">\n\n\t<div id=\"accordion-3216283337\" class=\"accordion-item\">\n\t\t<a id=\"accordion-3216283337-label\" class=\"accordion-title plain active\" href=\"#accordion-item-puis-je-utiliser-ce-fil-de-laine-avec-n&#039;importe-quelle-machine-tufting-?\" aria-expanded=\"true\" aria-controls=\"accordion-3216283337-content\">\n\t\t\t<button class=\"toggle\" aria-label=\"Basculer\"><i class=\"icon-angle-down\" aria-hidden=\"true\"><\/i><\/button>\n\t\t\t<span>Puis-je utiliser ce fil de laine avec n&#039;importe quelle machine tufting ?<\/span>\n\t\t<\/a>\n\t\t<div id=\"accordion-3216283337-content\" class=\"accordion-inner\" style=\"display: block;\" aria-labelledby=\"accordion-3216283337-label\">\n\t\t\t\n\n<p>Notre fil est sp\u00e9cialement con\u00e7u pour fonctionner de mani\u00e8re optimale avec les machines tufting, y compris les mod\u00e8les AK-1 et AK-V. Sa composition de 837\/3 Tex vous permet de touffer avec deux brins simultan\u00e9ment sans obstruer le chas de l'aiguille, garantissant ainsi une exp\u00e9rience fluide et sans encombre. <\/p>\n\n\n\t\t<\/div>\n\t<\/div>\n\t\n\t<div id=\"accordion-2684489716\" class=\"accordion-item\">\n\t\t<a id=\"accordion-2684489716-label\" class=\"accordion-title plain\" href=\"#accordion-item-quelle-quantit\u00e9-de-fil-est-n\u00e9cessaire-pour-un-tapis-touff\u00e9-?\" aria-expanded=\"false\" aria-controls=\"accordion-2684489716-content\">\n\t\t\t<button class=\"toggle\" aria-label=\"Basculer\"><i class=\"icon-angle-down\" aria-hidden=\"true\"><\/i><\/button>\n\t\t\t<span>Quelle quantit\u00e9 de fil est n\u00e9cessaire pour un tapis touff\u00e9 ?<\/span>\n\t\t<\/a>\n\t\t<div id=\"accordion-2684489716-content\" class=\"accordion-inner\" aria-labelledby=\"accordion-2684489716-label\">\n\t\t\t\n\n<p>Pour un tapis de 50x50 cm, vous aurez besoin d'environ 500 \u00e0 700 grammes de fil.<br> Pour un tapis de 150x200 cm, pr\u00e9voyez approximativement 2 \u00e0 3 kilogrammes de fil.<\/p>\n<p>La quantit\u00e9 exacte d\u00e9pend de votre technique tufting. Des facteurs tels que l'espacement des lignes et la vitesse de tufting - que vous cr\u00e9iez des lignes denses ou plus espac\u00e9es - peuvent affecter la consommation de fil. <\/p>\n\n\n\t\t<\/div>\n\t<\/div>\n\t\n\t<div id=\"accordion-1129050354\" class=\"accordion-item\">\n\t\t<a id=\"accordion-1129050354-label\" class=\"accordion-title plain\" href=\"#accordion-item-comment-dois-je-nettoyer-mon-tapis-touff\u00e9-en-laine-?\" aria-expanded=\"false\" aria-controls=\"accordion-1129050354-content\">\n\t\t\t<button class=\"toggle\" aria-label=\"Basculer\"><i class=\"icon-angle-down\" aria-hidden=\"true\"><\/i><\/button>\n\t\t\t<span>Comment dois-je nettoyer mon tapis touff\u00e9 en laine ?<\/span>\n\t\t<\/a>\n\t\t<div id=\"accordion-1129050354-content\" class=\"accordion-inner\" aria-labelledby=\"accordion-1129050354-label\">\n\t\t\t\n\n<p>Notre laine peut r\u00e9sister \u00e0 l'humidit\u00e9 - laissez-la simplement s\u00e9cher naturellement \u00e0 l'air libre. Pour les \u00e9claboussures comme le caf\u00e9, nettoyez d\u00e9licatement la zone avec un d\u00e9tergent doux et de l'eau froide. Pour conserver la douceur et la durabilit\u00e9 de votre tapis, \u00e9vitez le lavage en machine et n'utilisez jamais de s\u00e8che-linge, car la chaleur peut provoquer un r\u00e9tr\u00e9cissement.  <\/p>\n\n\n\t\t<\/div>\n\t<\/div>\n\t\n\t<div id=\"accordion-4257311150\" class=\"accordion-item\">\n\t\t<a id=\"accordion-4257311150-label\" class=\"accordion-title plain\" href=\"#accordion-item-pourquoi-choisir-du-fil-100%-laine-pour-tufting-?\" aria-expanded=\"false\" aria-controls=\"accordion-4257311150-content\">\n\t\t\t<button class=\"toggle\" aria-label=\"Basculer\"><i class=\"icon-angle-down\" aria-hidden=\"true\"><\/i><\/button>\n\t\t\t<span>Pourquoi choisir du fil 100% laine pour tufting ?<\/span>\n\t\t<\/a>\n\t\t<div id=\"accordion-4257311150-content\" class=\"accordion-inner\" aria-labelledby=\"accordion-4257311150-label\">\n\t\t\t\n\n<p>Notre fil de laine 100% Nouvelle-Z\u00e9lande est le choix id\u00e9al pour tufting - durable, doux et enti\u00e8rement compatible avec les machines \u00e0 poils coup\u00e9s et \u00e0 boucles.<\/p>\n<p>Que vous cr\u00e9iez des pi\u00e8ces artistiques ou des travaux sur commande destin\u00e9s \u00e0 durer, la laine surpasse l'acrylique en maintenant sa r\u00e9sistance, sa couleur vibrante et sa qualit\u00e9 au fil du temps - sans risque de rupture ou de d\u00e9coloration.<\/p>\n\n\n\t\t<\/div>\n\t<\/div>\n\t\n\t<div id=\"accordion-958411045\" class=\"accordion-item\">\n\t\t<a id=\"accordion-958411045-label\" class=\"accordion-title plain\" href=\"#accordion-item-le-fil-est-il-grand-teint-?\" aria-expanded=\"false\" aria-controls=\"accordion-958411045-content\">\n\t\t\t<button class=\"toggle\" aria-label=\"Basculer\"><i class=\"icon-angle-down\" aria-hidden=\"true\"><\/i><\/button>\n\t\t\t<span>Le fil est-il grand teint ?<\/span>\n\t\t<\/a>\n\t\t<div id=\"accordion-958411045-content\" class=\"accordion-inner\" aria-labelledby=\"accordion-958411045-label\">\n\t\t\t\n\n<p>Absolument ! Notre fil est grand teint et sp\u00e9cialement con\u00e7u pour conserver sa couleur riche et vibrante au fil du temps, m\u00eame avec une utilisation r\u00e9guli\u00e8re. Vos cr\u00e9ations touff\u00e9es conserveront leur aspect frais et \u00e9clatant pendant de nombreuses ann\u00e9es.  <\/p>\n\n\n\t\t<\/div>\n\t<\/div>\n\t\n\n<\/div>\n","protected":false},"excerpt":{"rendered":"<p>Exp\u00e9rimentez en personne la texture et la tonalit\u00e9 de chacun de nos 52 fils de laine tufting, vous assurant de choisir les teintes parfaites en toute confiance. Des nuances audacieuses, des tons subtils, ou tout entre les deux. <\/p>\n<p>Touchez-le. Voyez-le. Cr\u00e9ez en toute confiance.  <\/p>\n","protected":false},"featured_media":46532,"template":"","meta":[],"product_brand":[],"product_cat":[448],"product_tag":[],"class_list":{"0":"post-47792","1":"product","2":"type-product","3":"status-publish","4":"has-post-thumbnail","6":"product_cat-fils-fr","8":"first","9":"instock","10":"sold-individually","11":"taxable","12":"shipping-taxable","13":"purchasable","14":"product-type-simple"},"_links":{"self":[{"href":"https:\/\/tuftingeurope.com\/fr\/wp-json\/wp\/v2\/product\/47792","targetHints":{"allow":["GET"]}}],"collection":[{"href":"https:\/\/tuftingeurope.com\/fr\/wp-json\/wp\/v2\/product"}],"about":[{"href":"https:\/\/tuftingeurope.com\/fr\/wp-json\/wp\/v2\/types\/product"}],"wp:featuredmedia":[{"embeddable":true,"href":"https:\/\/tuftingeurope.com\/fr\/wp-json\/wp\/v2\/media\/46532"}],"wp:attachment":[{"href":"https:\/\/tuftingeurope.com\/fr\/wp-json\/wp\/v2\/media?parent=47792"}],"wp:term":[{"taxonomy":"product_brand","embeddable":true,"href":"https:\/\/tuftingeurope.com\/fr\/wp-json\/wp\/v2\/product_brand?post=47792"},{"taxonomy":"product_cat","embeddable":true,"href":"https:\/\/tuftingeurope.com\/fr\/wp-json\/wp\/v2\/product_cat?post=47792"},{"taxonomy":"product_tag","embeddable":true,"href":"https:\/\/tuftingeurope.com\/fr\/wp-json\/wp\/v2\/product_tag?post=47792"}],"curies":[{"name":"wp","href":"https:\/\/api.w.org\/{rel}","templated":true}]}}