{"id":48947,"date":"2024-10-07T03:28:52","date_gmt":"2024-10-07T01:28:52","guid":{"rendered":"https:\/\/tuftingeurope.com\/product\/fil-a-touffeter-en-laine-mid-brown-500-g\/"},"modified":"2026-03-03T04:40:02","modified_gmt":"2026-03-03T03:40:02","slug":"warm-brown-tufting-yarn-500g-wool","status":"publish","type":"product","link":"https:\/\/tuftingeurope.com\/fr\/produit\/warm-brown-tufting-yarn-500g-wool\/","title":{"rendered":"Marron Chaud 500 g Laine Fil \u00e0 touffeter"},"content":{"rendered":"<h2>Donnez vie \u00e0 vos cr\u00e9ations avec 52 couleurs vibrantes<\/h2>\n<p>La laine de la plus haute qualit\u00e9 pour les artistes tufting. Notre fil de laine premium 100 % n\u00e9o-z\u00e9landaise est d\u00e9sormais disponible en 52 magnifiques coloris, allant des teintes vives et audacieuses aux tons doux et classiques.  Con\u00e7ue pour conserver sa richesse et son authenticit\u00e9 au fil du temps, vos tapis et \u0153uvres d&#8217;art se d\u00e9marqueront et dureront toute une vie.<\/p>\n<p>&nbsp;<\/p>\n<h2>Pourquoi choisir le fil de laine premium ?<\/h2>\n<ul>\n<li><strong>100% laine de mouton de Nouvelle-Z\u00e9lande<\/strong> \u2013 Douce, durable et naturellement r\u00e9sistante.<\/li>\n<li><strong>Bien-\u00eatre animal<\/strong> &#8211; Provenant de fermes respectant les Cinq Libert\u00e9s du bien-\u00eatre animal.<\/li>\n<li><strong>837\/3 Tex<\/strong> \u2013 \u00c9paisseur parfaite pour des r\u00e9sultats tufting impeccables.<\/li>\n<li><strong>500 m\u00e8tres par c\u00f4ne<\/strong> \u2013 Excellente couverture pour vos projets.<\/li>\n<li><strong>Anti-boulochage &amp; Antistatique<\/strong> \u2013 Pr\u00e9vient l&#8217;attraction de la poussi\u00e8re, r\u00e9siste \u00e0 la formation de petites boules de peluches.<\/li>\n<li><strong>Fibres \u00e9troitement tiss\u00e9es<\/strong> \u2013 R\u00e9duit la perte de fibres et maintient votre processus tufting sans frustration.<\/li>\n<\/ul>\n<p>&nbsp;<\/p>\n\n<table id=\"tablepress-4\" class=\"tablepress tablepress-id-4\">\n<thead>\n<tr class=\"row-1\">\n\t<th class=\"column-1\">Specifications<\/th><td class=\"column-2\"><\/td>\n<\/tr>\n<\/thead>\n<tbody class=\"row-striping\">\n<tr class=\"row-2\">\n\t<td class=\"column-1\">Material<\/td><td class=\"column-2\">100% New Zealand Sheeps Wool<\/td>\n<\/tr>\n<tr class=\"row-3\">\n\t<td class=\"column-1\">Animal Welfare<\/td><td class=\"column-2\">Responsible Wool Standard (RWS)<\/td>\n<\/tr>\n<tr class=\"row-4\">\n\t<td class=\"column-1\">Properties<\/td><td class=\"column-2\">Anti-pilling, Anti-static, Mothproof<br \/>\n<\/td>\n<\/tr>\n<tr class=\"row-5\">\n\t<td class=\"column-1\">Compostition<\/td><td class=\"column-2\">Core spun at 140 TPM<\/td>\n<\/tr>\n<tr class=\"row-6\">\n\t<td class=\"column-1\">Weight<\/td><td class=\"column-2\">500 grams<\/td>\n<\/tr>\n<tr class=\"row-7\">\n\t<td class=\"column-1\">Length<\/td><td class=\"column-2\">~500 meters<\/td>\n<\/tr>\n<tr class=\"row-8\">\n\t<td class=\"column-1\">Tex<\/td><td class=\"column-2\">837\/3<\/td>\n<\/tr>\n<tr class=\"row-9\">\n\t<td class=\"column-1\">Needle Size<\/td><td class=\"column-2\">4mm<\/td>\n<\/tr>\n<tr class=\"row-10\">\n\t<td class=\"column-1\">Compatibility\t<\/td><td class=\"column-2\">Tufting, Knitting<\/td>\n<\/tr>\n<tr class=\"row-11\">\n\t<td class=\"column-1\">Coned?<\/td><td class=\"column-2\">Yes, cardboard cone<\/td>\n<\/tr>\n<\/tbody>\n<\/table>\n<!-- #tablepress-4 from cache -->\n<p>&nbsp;<\/p>\n<h2>Norme de laine responsable <img decoding=\"async\" class=\"wp-image-49958 alignnone\" src=\"https:\/\/tuftingeurope.com\/wp-content\/uploads\/2024\/10\/rws-logo.png\" alt=\"\" width=\"35\" height=\"35\" title=\"\" srcset=\"https:\/\/tuftingeurope.com\/wp-content\/uploads\/2024\/10\/rws-logo.png 480w, https:\/\/tuftingeurope.com\/wp-content\/uploads\/2024\/10\/rws-logo-300x300.png 300w, https:\/\/tuftingeurope.com\/wp-content\/uploads\/2024\/10\/rws-logo-150x150.png 150w, https:\/\/tuftingeurope.com\/wp-content\/uploads\/2024\/10\/rws-logo-360x360.png 360w, https:\/\/tuftingeurope.com\/wp-content\/uploads\/2024\/10\/rws-logo-100x100.png 100w, https:\/\/tuftingeurope.com\/wp-content\/uploads\/2024\/10\/rws-logo-80x80.png 80w\" sizes=\"(max-width: 35px) 100vw, 35px\" \/><\/h2>\n<p>Nous croyons en une laine de qualit\u00e9 sourc\u00e9e de mani\u00e8re responsable. Notre laine 100 % n\u00e9o-z\u00e9landaise est certifi\u00e9e par la norme de laine responsable (RWS), garantissant qu&#8217;elle provient d&#8217;exploitations qui prennent soin de leurs moutons et de l&#8217;environnement.  Cela signifie un traitement \u00e9thique des animaux et une gestion durable des terres en lesquels vous pouvez avoir confiance.<\/p>\n<p>En choisissant notre laine, vous ne faites pas seulement de beaux tapis durables de la plus haute qualit\u00e9, vous soutenez \u00e9galement de meilleures pratiques agricoles.<\/p>\n<p>&nbsp;<\/p>\n<h2>Questions fr\u00e9quemment pos\u00e9es<\/h2>\n<div class=\"accordion\">\n\n\t<div id=\"accordion-277754576\" class=\"accordion-item\">\n\t\t<a id=\"accordion-277754576-label\" class=\"accordion-title plain active\" href=\"#accordion-item-puis-je-utiliser-ce-fil-de-laine-avec-n&#039;importe-quelle-machine-tufting-?\" aria-expanded=\"true\" aria-controls=\"accordion-277754576-content\">\n\t\t\t<button class=\"toggle\" aria-label=\"Basculer\"><i class=\"icon-angle-down\" aria-hidden=\"true\"><\/i><\/button>\n\t\t\t<span>Puis-je utiliser ce fil de laine avec n&#039;importe quelle machine tufting ?<\/span>\n\t\t<\/a>\n\t\t<div id=\"accordion-277754576-content\" class=\"accordion-inner\" style=\"display: block;\" aria-labelledby=\"accordion-277754576-label\">\n\t\t\t\n\n<p>Notre fil est sp\u00e9cialement con\u00e7u pour fonctionner de mani\u00e8re optimale avec les machines tufting, y compris les mod\u00e8les AK-1 et AK-V. Sa composition de 837\/3 Tex vous permet de touffer avec deux brins simultan\u00e9ment sans obstruer le chas de l'aiguille, garantissant ainsi une exp\u00e9rience fluide et sans encombre. <\/p>\n\n\n\t\t<\/div>\n\t<\/div>\n\t\n\t<div id=\"accordion-1754955688\" class=\"accordion-item\">\n\t\t<a id=\"accordion-1754955688-label\" class=\"accordion-title plain\" href=\"#accordion-item-quelle-quantit\u00e9-de-fil-est-n\u00e9cessaire-pour-un-tapis-touff\u00e9-?\" aria-expanded=\"false\" aria-controls=\"accordion-1754955688-content\">\n\t\t\t<button class=\"toggle\" aria-label=\"Basculer\"><i class=\"icon-angle-down\" aria-hidden=\"true\"><\/i><\/button>\n\t\t\t<span>Quelle quantit\u00e9 de fil est n\u00e9cessaire pour un tapis touff\u00e9 ?<\/span>\n\t\t<\/a>\n\t\t<div id=\"accordion-1754955688-content\" class=\"accordion-inner\" aria-labelledby=\"accordion-1754955688-label\">\n\t\t\t\n\n<p>Pour un tapis de 50x50 cm, vous aurez besoin d'environ 500 \u00e0 700 grammes de fil.<br> Pour un tapis de 150x200 cm, pr\u00e9voyez approximativement 2 \u00e0 3 kilogrammes de fil.<\/p>\n<p>La quantit\u00e9 exacte d\u00e9pend de votre technique tufting. Des facteurs tels que l'espacement des lignes et la vitesse de tufting - que vous cr\u00e9iez des lignes denses ou plus espac\u00e9es - peuvent affecter la consommation de fil. <\/p>\n\n\n\t\t<\/div>\n\t<\/div>\n\t\n\t<div id=\"accordion-1210870968\" class=\"accordion-item\">\n\t\t<a id=\"accordion-1210870968-label\" class=\"accordion-title plain\" href=\"#accordion-item-comment-dois-je-nettoyer-mon-tapis-touff\u00e9-en-laine-?\" aria-expanded=\"false\" aria-controls=\"accordion-1210870968-content\">\n\t\t\t<button class=\"toggle\" aria-label=\"Basculer\"><i class=\"icon-angle-down\" aria-hidden=\"true\"><\/i><\/button>\n\t\t\t<span>Comment dois-je nettoyer mon tapis touff\u00e9 en laine ?<\/span>\n\t\t<\/a>\n\t\t<div id=\"accordion-1210870968-content\" class=\"accordion-inner\" aria-labelledby=\"accordion-1210870968-label\">\n\t\t\t\n\n<p>Notre laine peut r\u00e9sister \u00e0 l'humidit\u00e9 - laissez-la simplement s\u00e9cher naturellement \u00e0 l'air libre. Pour les \u00e9claboussures comme le caf\u00e9, nettoyez d\u00e9licatement la zone avec un d\u00e9tergent doux et de l'eau froide. Pour conserver la douceur et la durabilit\u00e9 de votre tapis, \u00e9vitez le lavage en machine et n'utilisez jamais de s\u00e8che-linge, car la chaleur peut provoquer un r\u00e9tr\u00e9cissement.  <\/p>\n\n\n\t\t<\/div>\n\t<\/div>\n\t\n\t<div id=\"accordion-1984224632\" class=\"accordion-item\">\n\t\t<a id=\"accordion-1984224632-label\" class=\"accordion-title plain\" href=\"#accordion-item-pourquoi-choisir-du-fil-100%-laine-pour-tufting-?\" aria-expanded=\"false\" aria-controls=\"accordion-1984224632-content\">\n\t\t\t<button class=\"toggle\" aria-label=\"Basculer\"><i class=\"icon-angle-down\" aria-hidden=\"true\"><\/i><\/button>\n\t\t\t<span>Pourquoi choisir du fil 100% laine pour tufting ?<\/span>\n\t\t<\/a>\n\t\t<div id=\"accordion-1984224632-content\" class=\"accordion-inner\" aria-labelledby=\"accordion-1984224632-label\">\n\t\t\t\n\n<p>Notre fil de laine 100% Nouvelle-Z\u00e9lande est le choix id\u00e9al pour tufting - durable, doux et enti\u00e8rement compatible avec les machines \u00e0 poils coup\u00e9s et \u00e0 boucles.<\/p>\n<p>Que vous cr\u00e9iez des pi\u00e8ces artistiques ou des travaux sur commande destin\u00e9s \u00e0 durer, la laine surpasse l'acrylique en maintenant sa r\u00e9sistance, sa couleur vibrante et sa qualit\u00e9 au fil du temps - sans risque de rupture ou de d\u00e9coloration.<\/p>\n\n\n\t\t<\/div>\n\t<\/div>\n\t\n\t<div id=\"accordion-2801948880\" class=\"accordion-item\">\n\t\t<a id=\"accordion-2801948880-label\" class=\"accordion-title plain\" href=\"#accordion-item-le-fil-est-il-grand-teint-?\" aria-expanded=\"false\" aria-controls=\"accordion-2801948880-content\">\n\t\t\t<button class=\"toggle\" aria-label=\"Basculer\"><i class=\"icon-angle-down\" aria-hidden=\"true\"><\/i><\/button>\n\t\t\t<span>Le fil est-il grand teint ?<\/span>\n\t\t<\/a>\n\t\t<div id=\"accordion-2801948880-content\" class=\"accordion-inner\" aria-labelledby=\"accordion-2801948880-label\">\n\t\t\t\n\n<p>Absolument ! Notre fil est grand teint et sp\u00e9cialement con\u00e7u pour conserver sa couleur riche et vibrante au fil du temps, m\u00eame avec une utilisation r\u00e9guli\u00e8re. Vos cr\u00e9ations touff\u00e9es conserveront leur aspect frais et \u00e9clatant pendant de nombreuses ann\u00e9es.  <\/p>\n\n\n\t\t<\/div>\n\t<\/div>\n\t\n\n<\/div>\n","protected":false},"excerpt":{"rendered":"<p>Le brun chaud apporte une teinte brune moyenne chaleureuse avec un sous-ton rouge\u00e2tre, id\u00e9ale pour les fonds neutres, les tapis aux tons chauds et les paysages naturels.<\/p>\n<p>Fil tufting 100 % laine de Nouvelle-Z\u00e9lande \u2013 durable, anti-boulochage et fluide. Sa teinte riche et naturelle apporte chaleur et \u00e9l\u00e9gance \u00e0 vos tapis touffet\u00e9s et projets artistiques. <\/p>\n","protected":false},"featured_media":48314,"template":"","meta":[],"product_brand":[],"product_cat":[448],"product_tag":[],"class_list":{"0":"post-48947","1":"product","2":"type-product","3":"status-publish","4":"has-post-thumbnail","6":"product_cat-fils-fr","8":"first","9":"instock","10":"taxable","11":"shipping-taxable","12":"purchasable","13":"product-type-simple"},"_links":{"self":[{"href":"https:\/\/tuftingeurope.com\/fr\/wp-json\/wp\/v2\/product\/48947","targetHints":{"allow":["GET"]}}],"collection":[{"href":"https:\/\/tuftingeurope.com\/fr\/wp-json\/wp\/v2\/product"}],"about":[{"href":"https:\/\/tuftingeurope.com\/fr\/wp-json\/wp\/v2\/types\/product"}],"wp:featuredmedia":[{"embeddable":true,"href":"https:\/\/tuftingeurope.com\/fr\/wp-json\/wp\/v2\/media\/48314"}],"wp:attachment":[{"href":"https:\/\/tuftingeurope.com\/fr\/wp-json\/wp\/v2\/media?parent=48947"}],"wp:term":[{"taxonomy":"product_brand","embeddable":true,"href":"https:\/\/tuftingeurope.com\/fr\/wp-json\/wp\/v2\/product_brand?post=48947"},{"taxonomy":"product_cat","embeddable":true,"href":"https:\/\/tuftingeurope.com\/fr\/wp-json\/wp\/v2\/product_cat?post=48947"},{"taxonomy":"product_tag","embeddable":true,"href":"https:\/\/tuftingeurope.com\/fr\/wp-json\/wp\/v2\/product_tag?post=48947"}],"curies":[{"name":"wp","href":"https:\/\/api.w.org\/{rel}","templated":true}]}}