{"id":51062,"date":"2024-11-15T10:17:20","date_gmt":"2024-11-15T09:17:20","guid":{"rendered":"https:\/\/tuftingeurope.com\/product\/guide-pour-la-machine-a-tondre-les-tapis-a-usage-intensif\/"},"modified":"2026-03-28T10:34:59","modified_gmt":"2026-03-28T09:34:59","slug":"guide-for-heavy-duty-rug-shearing-machine","status":"publish","type":"product","link":"https:\/\/tuftingeurope.com\/fr\/produit\/guide-for-heavy-duty-rug-shearing-machine\/","title":{"rendered":"Guide pour la machine \u00e0 tondre les tapis \u00e0 usage intensif"},"content":{"rendered":"<p><iframe title=\"Guide for Heavy Duty Rug Shearing Machine\" width=\"1020\" height=\"574\" src=\"https:\/\/www.youtube.com\/embed\/IHp0Q1vEtuQ?feature=oembed\" frameborder=\"0\" allow=\"accelerometer; autoplay; clipboard-write; encrypted-media; gyroscope; picture-in-picture; web-share\" referrerpolicy=\"strict-origin-when-cross-origin\" allowfullscreen><\/iframe><\/p>\n<h2>Guide pour la machine \u00e0 tondre les tapis \u00e0 usage intensif &#8211; Obtenez des tapis uniformes et lisses<\/h2>\n<p>Perfectionnez vos projets tufting sans effort gr\u00e2ce au <strong>Guide pour la machine \u00e0 tondre les tapis \u00e0 usage intensif<\/strong>. Con\u00e7u pour maintenir votre machine \u00e0 tondre \u00e0 niveau, ce guide assure une coupe pr\u00e9cise et uniforme pour une finition soign\u00e9e et professionnelle \u00e0 chaque utilisation. <\/p>\n<h3>Pourquoi utiliser le guide de tonte ?<\/h3>\n<ul>\n<li><strong>Tonte uniforme de la surface :<\/strong> Maintenez une hauteur de poils constante et obtenez des r\u00e9sultats lisses et uniformes sur l&#8217;ensemble de votre tapis.<\/li>\n<li><strong>Pr\u00e9cision am\u00e9lior\u00e9e :<\/strong> Le guide stabilise vos tondeuses, r\u00e9duisant ainsi le risque de sur-tonte et de coupes irr\u00e9guli\u00e8res.<\/li>\n<li><strong>Facile \u00e0 fixer et \u00e0 utiliser :<\/strong> S&#8217;adapte ais\u00e9ment \u00e0 votre machine \u00e0 tondre pour un contr\u00f4le et une pr\u00e9cision accrus.<\/li>\n<li><strong>Construction en acrylique durable :<\/strong> L\u00e9ger mais robuste pour des performances durables.<\/li>\n<\/ul>\n<h3>Comment \u00e7a marche<\/h3>\n<p>Le guide se fixe \u00e0 votre machine \u00e0 tondre \u00e0 usage intensif, agissant comme une plaque de nivellement pour vous aider \u00e0 obtenir une coupe lisse et uniforme sans creux ni irr\u00e9gularit\u00e9s.<\/p>\n<h3>Compatible avec<\/h3>\n<p>Con\u00e7u pour s&#8217;adapter \u00e0 notre machine \u00e0 tondre les tapis \u00e0 usage intensif, en faisant un outil essentiel tant pour les d\u00e9butants que pour les professionnels \u00e0 la recherche de r\u00e9sultats pr\u00e9cis.<\/p>\n<h3>Caract\u00e9ristiques Principales<\/h3>\n<ul>\n<li>Aide \u00e0 maintenir une surface de tapis uniforme<\/li>\n<li>L\u00e9ger et ergonomique pour une manipulation ais\u00e9e<\/li>\n<li>Fixation et retrait rapides<\/li>\n<li>Mat\u00e9riau acrylique transparent durable<\/li>\n<\/ul>\n<h3>Qu&#8217;est-ce qui est inclus ?<\/h3>\n<ul>\n<li>1 x Guide pour la machine \u00e0 tondre les tapis \u00e0 usage intensif<\/li>\n<li>1 x Vis et pi\u00e8ces<\/li>\n<\/ul>\n","protected":false},"excerpt":{"rendered":"<p>Obtenez des surfaces de tapis lisses et uniformes avec facilit\u00e9 ! Cette plaque en acrylique sert de guide et aide \u00e0 maintenir votre machine \u00e0 tondre les tapis \u00e0 usage intensif \u00e0 niveau, assurant des r\u00e9sultats pr\u00e9cis et professionnels \u00e0 chaque utilisation.  <\/p>\n","protected":false},"featured_media":51056,"template":"","meta":[],"product_brand":[],"product_cat":[135],"product_tag":[],"class_list":{"0":"post-51062","1":"product","2":"type-product","3":"status-publish","4":"has-post-thumbnail","6":"product_cat-accessoires","8":"first","9":"instock","10":"taxable","11":"shipping-taxable","12":"purchasable","13":"product-type-simple"},"_links":{"self":[{"href":"https:\/\/tuftingeurope.com\/fr\/wp-json\/wp\/v2\/product\/51062","targetHints":{"allow":["GET"]}}],"collection":[{"href":"https:\/\/tuftingeurope.com\/fr\/wp-json\/wp\/v2\/product"}],"about":[{"href":"https:\/\/tuftingeurope.com\/fr\/wp-json\/wp\/v2\/types\/product"}],"wp:featuredmedia":[{"embeddable":true,"href":"https:\/\/tuftingeurope.com\/fr\/wp-json\/wp\/v2\/media\/51056"}],"wp:attachment":[{"href":"https:\/\/tuftingeurope.com\/fr\/wp-json\/wp\/v2\/media?parent=51062"}],"wp:term":[{"taxonomy":"product_brand","embeddable":true,"href":"https:\/\/tuftingeurope.com\/fr\/wp-json\/wp\/v2\/product_brand?post=51062"},{"taxonomy":"product_cat","embeddable":true,"href":"https:\/\/tuftingeurope.com\/fr\/wp-json\/wp\/v2\/product_cat?post=51062"},{"taxonomy":"product_tag","embeddable":true,"href":"https:\/\/tuftingeurope.com\/fr\/wp-json\/wp\/v2\/product_tag?post=51062"}],"curies":[{"name":"wp","href":"https:\/\/api.w.org\/{rel}","templated":true}]}}