{"id":57690,"date":"2025-08-18T09:58:49","date_gmt":"2025-08-18T07:58:49","guid":{"rendered":"https:\/\/tuftingeurope.com\/?post_type=product&#038;p=57690"},"modified":"2025-08-20T20:01:55","modified_gmt":"2025-08-20T18:01:55","slug":"duckbill-napping-shears-left-handed","status":"publish","type":"product","link":"https:\/\/tuftingeurope.com\/fr\/produit\/duckbill-napping-shears-left-handed\/","title":{"rendered":"Ciseaux \u00e0 bec de canard pour nappage &#8211; pour gauchers"},"content":{"rendered":"<p>Les ciseaux de coupe \u00e0 bec de canard sont utilis\u00e9s pour couper les fils l\u00e2ches. \u00c0 la diff\u00e9rence des ciseaux ordinaires, les ciseaux \u00e0 bec de canard sont dot\u00e9s d&#8217;une poign\u00e9e incurv\u00e9e qui maintient vos doigts \u00e0 distance tandis que la lame s&#8217;appuie sur la surface pour une coupe pr\u00e9cise et uniforme.<\/p>\n<h2>Lames de coupe rectifi\u00e9es avec pr\u00e9cision<\/h2>\n<p>Id\u00e9al pour tailler les imperfections de la moquette comme les bouts tach\u00e9s ou d\u00e9tach\u00e9s.<\/p>\n<h2>Poign\u00e9e d\u00e9cal\u00e9e pour \u00e9viter les gouges<\/h2>\n<p>Le manche d\u00e9cal\u00e9 \u00e9vite les gouges accidentelles lors de la sieste.<\/p>\n<h2>Lame en forme de bec de canard pour une coupe r\u00e9guli\u00e8re et de niveau.<\/h2>\n<p>La lame en bec de canard est pos\u00e9e \u00e0 plat sur le sol pour une coupe r\u00e9guli\u00e8re.<\/p>\n<h2>Lames de 2&#8243; en acier \u00e0 haute teneur en carbone<\/h2>\n<p>Les lames sont fabriqu\u00e9es \u00e0 partir de la meilleure qualit\u00e9 d&#8217;acier \u00e0 haute teneur en carbone pour une meilleure durabilit\u00e9.<\/p>\n<h2>Con\u00e7u pour \u00eatre facilement taill\u00e9<\/h2>\n<p>Conception \u00e0 angle sp\u00e9cial pour une coupe facile et poign\u00e9es coussin\u00e9es et recouvertes de vinyle pour plus de confort.<\/p>\n","protected":false},"excerpt":{"rendered":"<p>Gr\u00e2ce \u00e0 leur forme, ces ciseaux \u00e0 ongles en bec de canard sont id\u00e9aux pour tailler les imperfections des tapis et les fils l\u00e2ches. Lorsque vous d\u00e9taillez un tapis, l&#8217;utilisation de ciseaux \u00e0 onglets en bec de canard vous aidera \u00e0 obtenir un aspect professionnel.<\/p>\n<p>Avec une pr\u00e9cision et un tranchant in\u00e9gal\u00e9s, ces ciseaux peuvent facilement couper des tapis synth\u00e9tiques, naturels, en laine et en polyester. La poign\u00e9e d\u00e9port\u00e9e emp\u00eache les gouges accidentelles lors de la coupe des coins et la conception sp\u00e9ciale de la moustache vous aide \u00e0 couper \u00e0 plat contre le sol pour des r\u00e9sultats de coupe uniformes.<\/p>\n","protected":false},"featured_media":74274,"template":"","meta":[],"product_brand":[],"product_cat":[135],"product_tag":[],"class_list":{"0":"post-57690","1":"product","2":"type-product","3":"status-publish","4":"has-post-thumbnail","6":"product_cat-accessoires","8":"first","9":"instock","10":"taxable","11":"shipping-taxable","12":"purchasable","13":"product-type-simple"},"_links":{"self":[{"href":"https:\/\/tuftingeurope.com\/fr\/wp-json\/wp\/v2\/product\/57690","targetHints":{"allow":["GET"]}}],"collection":[{"href":"https:\/\/tuftingeurope.com\/fr\/wp-json\/wp\/v2\/product"}],"about":[{"href":"https:\/\/tuftingeurope.com\/fr\/wp-json\/wp\/v2\/types\/product"}],"wp:featuredmedia":[{"embeddable":true,"href":"https:\/\/tuftingeurope.com\/fr\/wp-json\/wp\/v2\/media\/74274"}],"wp:attachment":[{"href":"https:\/\/tuftingeurope.com\/fr\/wp-json\/wp\/v2\/media?parent=57690"}],"wp:term":[{"taxonomy":"product_brand","embeddable":true,"href":"https:\/\/tuftingeurope.com\/fr\/wp-json\/wp\/v2\/product_brand?post=57690"},{"taxonomy":"product_cat","embeddable":true,"href":"https:\/\/tuftingeurope.com\/fr\/wp-json\/wp\/v2\/product_cat?post=57690"},{"taxonomy":"product_tag","embeddable":true,"href":"https:\/\/tuftingeurope.com\/fr\/wp-json\/wp\/v2\/product_tag?post=57690"}],"curies":[{"name":"wp","href":"https:\/\/api.w.org\/{rel}","templated":true}]}}