{"id":6470,"date":"2021-10-27T11:29:52","date_gmt":"2021-10-27T09:29:52","guid":{"rendered":"https:\/\/tuftingeurope.com\/product\/tondeuse-a-tapis-en-bois-de-rose-200w\/"},"modified":"2026-03-24T08:14:37","modified_gmt":"2026-03-24T07:14:37","slug":"pinces-a-decouper-les-tapis","status":"publish","type":"product","link":"https:\/\/tuftingeurope.com\/fr\/produit\/pinces-a-decouper-les-tapis\/","title":{"rendered":"Tondeuses pour le rasage et la sculpture des tapis"},"content":{"rendered":"\n\t<section class=\"section\" id=\"section_2055650978\">\n\t\t<div class=\"section-bg fill\" >\n\t\t\t\t\t\t\t<div class=\"video-overlay no-click fill visible\"><\/div>\n\t<video class=\"video-bg fill visible\" preload playsinline autoplay muted loop>\n\t\t<source src=\"https:\/\/tuftingeurope.com\/wp-content\/uploads\/2024\/08\/shaving-example.mp4\" type=\"video\/mp4\">\t<\/video>\n\t\t\t\n\t\t\t\n\n\t\t<\/div>\n\n\t\t\n\n\t\t<div class=\"section-content relative\">\n\t\t\t\n\n\t\t<\/div>\n\n\t\t\n<style>\n#section_2055650978 {\n  padding-top: 30px;\n  padding-bottom: 30px;\n  min-height: 400px;\n}\n@media (min-width:550px) {\n  #section_2055650978 {\n    min-height: 500px;\n  }\n}\n<\/style>\n\t<\/section>\n\t\n<h2>Donne la touche finale \u00e0 tes tapis.<\/h2>\n<p>Les pinces \u00e0 d\u00e9couper les tapis sont populaires parmi les tuteurs du monde entier. Le manche en bois est confortable \u00e0 manipuler et offre une prise ferme, ce qui vous permet de sculpter de petits d\u00e9tails. Gr\u00e2ce \u00e0 son r\u00e9gulateur de vitesse, cette tondeuse peut atteindre jusqu&#8217;\u00e0 6 000 tours par minute. Cela permet de cr\u00e9er facilement les d\u00e9tails fins n\u00e9cessaires \u00e0 ton dessin. Nous recommandons ces tondeuses pour les fabricants de tapis.<\/p>\n<p>Nous te conseillons de commencer par raser toutes les impuret\u00e9s qui d\u00e9passent. Cela lui donne d\u00e9j\u00e0 un aspect fini. Apr\u00e8s cela, tu peux fa\u00e7onner les bords des couleurs \u00e0 un angle. Donner de la profondeur \u00e0 vos cr\u00e9ations.<\/p>\n<h2>R\u00e9sultats apr\u00e8s le rasage et la sculpture.<\/h2>\n<p><img fetchpriority=\"high\" decoding=\"async\" class=\"aligncenter wp-image-29585 size-full\" src=\"https:\/\/tuftingeurope.com\/wp-content\/uploads\/2021\/10\/carved-rug.gif\" alt=\"\" width=\"1280\" height=\"720\" title=\"\"><\/p>\n<h2>Ce qui est inclus.<\/h2>\n<p>1 x tondeuse \u00e9lectrique<br \/>\n1 x c\u00e2ble d&#8217;alimentation.<br \/>\n1 x lame de cisaillement suppl\u00e9mentaire<br \/>\n2 x peignes<br \/>\n1 x brosse de nettoyage<br \/>\n1 x manuel d&#8217;utilisation<br \/>\n1 x \u00e9tui de rangement<\/p>\n<p>Ne contient pas d&#8217;huile en raison des r\u00e8glements d&#8217;importation.<\/p>\n<h2>Entretien.<\/h2>\n<p>La lame est d\u00e9tachable pour un nettoyage facile. Pour que ta tondeuse \u00e0 sculpter les tapis reste en parfait \u00e9tat de marche, brosse le fil apr\u00e8s utilisation. D\u00e9tachez l&#8217;\u00e9l\u00e9ment de cisaillement pour retirer tout fil cach\u00e9 derri\u00e8re les lames.<\/p>\n<p>Nous recommandons de huiler p\u00e9riodiquement les lames avec de l&#8217;huile pour tondeuse afin de r\u00e9duire les frottements. Notre huile pour machine \u00e0 coudre peut \u00e9galement \u00eatre utilis\u00e9e sur les tondeuses, car c&#8217;est la m\u00eame huile que celle utilis\u00e9e pour lubrifier les machines \u00e0 coudre.<\/p>\n<h2>Porte-guide pour les pinces \u00e0 sculpter les tapis.<\/h2>\n<p>Nous recommandons l&#8217;un de nos guides de rasage car ils maintiennent la tondeuse de sculpture de tapis \u00e0 un angle et une hauteur sp\u00e9cifiques, ce qui aide \u00e0 garantir que les coupes effectu\u00e9es dans le velours tuft\u00e9 sont droites et uniformes.<\/p>\n","protected":false},"excerpt":{"rendered":"<p>Donne \u00e0 tes tapis \u00e0 poils coup\u00e9s un aspect propre et net en les rasant et en les taillant avec nos tondeuses. Parfait pour sculpter les bords et les contours, donner de la profondeur \u00e0 tes lignes et faire en sorte que tes tapis attirent l&#8217;attention.<\/p>\n","protected":false},"featured_media":37932,"template":"","meta":[],"product_brand":[],"product_cat":[135],"product_tag":[],"class_list":{"0":"post-6470","1":"product","2":"type-product","3":"status-publish","4":"has-post-thumbnail","6":"product_cat-accessoires","8":"first","9":"instock","10":"taxable","11":"shipping-taxable","12":"purchasable","13":"product-type-simple"},"_links":{"self":[{"href":"https:\/\/tuftingeurope.com\/fr\/wp-json\/wp\/v2\/product\/6470","targetHints":{"allow":["GET"]}}],"collection":[{"href":"https:\/\/tuftingeurope.com\/fr\/wp-json\/wp\/v2\/product"}],"about":[{"href":"https:\/\/tuftingeurope.com\/fr\/wp-json\/wp\/v2\/types\/product"}],"wp:featuredmedia":[{"embeddable":true,"href":"https:\/\/tuftingeurope.com\/fr\/wp-json\/wp\/v2\/media\/37932"}],"wp:attachment":[{"href":"https:\/\/tuftingeurope.com\/fr\/wp-json\/wp\/v2\/media?parent=6470"}],"wp:term":[{"taxonomy":"product_brand","embeddable":true,"href":"https:\/\/tuftingeurope.com\/fr\/wp-json\/wp\/v2\/product_brand?post=6470"},{"taxonomy":"product_cat","embeddable":true,"href":"https:\/\/tuftingeurope.com\/fr\/wp-json\/wp\/v2\/product_cat?post=6470"},{"taxonomy":"product_tag","embeddable":true,"href":"https:\/\/tuftingeurope.com\/fr\/wp-json\/wp\/v2\/product_tag?post=6470"}],"curies":[{"name":"wp","href":"https:\/\/api.w.org\/{rel}","templated":true}]}}