{"id":6484,"date":"2021-10-27T12:17:36","date_gmt":"2021-10-27T10:17:36","guid":{"rendered":"https:\/\/tuftingeurope.com\/product\/bobinoir-de-fil-a-usage-intensif\/"},"modified":"2025-11-27T16:15:50","modified_gmt":"2025-11-27T15:15:50","slug":"bobine-de-fil-metallique-robuste","status":"publish","type":"product","link":"https:\/\/tuftingeurope.com\/fr\/produit\/bobine-de-fil-metallique-robuste\/","title":{"rendered":"Enrouleur de fil en m\u00e9tal tr\u00e8s r\u00e9sistant"},"content":{"rendered":"<p>Cr\u00e9e des galettes de fil parfaites avec notre bobineur de fil en m\u00e9tal tr\u00e8s r\u00e9sistant. Vous n&#8217;aurez plus jamais besoin de faire une pause pour tirer plus de fil de votre pelote ou de faire face \u00e0 des vomissements de fil dus \u00e0 une traction centrale serr\u00e9e.<\/p>\n<p>Il suffit d&#8217;attacher le fil au c\u00f4ne en plastique et de faire tourner la poign\u00e9e \u00e0 une vitesse constante. L&#8217;enrouleur de fil s&#8217;enroulera \u00e0 partir du centre. Il suffit de fixer le d\u00e9vidoir sur une surface stable comme une table, d&#8217;y attacher le fil et de filer tes galettes de fil.<\/p>\n","protected":false},"excerpt":{"rendered":"<p>Enroule des galettes de fil parfaites avec notre bobineur de fil en m\u00e9tal tr\u00e8s r\u00e9sistant. Plus de vomissement de fil ou de pause pour tirer plus de fil. Il suffit de l&#8217;attacher \u00e0 un c\u00f4ne en plastique et de le faire tourner. Fixe-toi sur une surface stable pour obtenir de meilleurs r\u00e9sultats. Les engrenages rapides et la construction en fer rendent l&#8217;enrouleur plus durable et fonctionnent 3x plus vite que ceux en plastique.<\/p>\n","protected":false},"featured_media":38017,"template":"","meta":[],"product_brand":[],"product_cat":[135],"product_tag":[],"class_list":{"0":"post-6484","1":"product","2":"type-product","3":"status-publish","4":"has-post-thumbnail","6":"product_cat-accessoires","8":"first","9":"outofstock","10":"taxable","11":"shipping-taxable","12":"purchasable","13":"product-type-simple"},"_links":{"self":[{"href":"https:\/\/tuftingeurope.com\/fr\/wp-json\/wp\/v2\/product\/6484","targetHints":{"allow":["GET"]}}],"collection":[{"href":"https:\/\/tuftingeurope.com\/fr\/wp-json\/wp\/v2\/product"}],"about":[{"href":"https:\/\/tuftingeurope.com\/fr\/wp-json\/wp\/v2\/types\/product"}],"wp:featuredmedia":[{"embeddable":true,"href":"https:\/\/tuftingeurope.com\/fr\/wp-json\/wp\/v2\/media\/38017"}],"wp:attachment":[{"href":"https:\/\/tuftingeurope.com\/fr\/wp-json\/wp\/v2\/media?parent=6484"}],"wp:term":[{"taxonomy":"product_brand","embeddable":true,"href":"https:\/\/tuftingeurope.com\/fr\/wp-json\/wp\/v2\/product_brand?post=6484"},{"taxonomy":"product_cat","embeddable":true,"href":"https:\/\/tuftingeurope.com\/fr\/wp-json\/wp\/v2\/product_cat?post=6484"},{"taxonomy":"product_tag","embeddable":true,"href":"https:\/\/tuftingeurope.com\/fr\/wp-json\/wp\/v2\/product_tag?post=6484"}],"curies":[{"name":"wp","href":"https:\/\/api.w.org\/{rel}","templated":true}]}}