{"id":6953,"date":"2021-11-01T10:03:32","date_gmt":"2021-11-01T09:03:32","guid":{"rendered":"https:\/\/tuftingeurope.com\/product\/eurol-huile-pour-machine-a-coudre-pour-pistolet-a-touffeter-100ml\/"},"modified":"2026-03-24T08:14:38","modified_gmt":"2026-03-24T07:14:38","slug":"eurol-sewing-machine-oil-for-tufting-guns-100ml","status":"publish","type":"product","link":"https:\/\/tuftingeurope.com\/fr\/produit\/eurol-sewing-machine-oil-for-tufting-guns-100ml\/","title":{"rendered":"Eurol\u00ae Huile pour machine \u00e0 coudre pour pistolets \u00e0 touffeter 100ml"},"content":{"rendered":"<p>Nous sommes fiers de proposer l&#8217;excellente huile pour machine \u00e0 coudre d&#8217;Eurol\u00ae. Une huile min\u00e9rale haute performance pour tous les points de lubrification des machines \u00e0 coudre de toutes marques.<\/p>\n","protected":false},"excerpt":{"rendered":"<p>Eurol\u00ae est id\u00e9ale pour pistolet \u00e0 touffeter car l&#8217;huile lubrifie sans tacher ni d\u00e9gager d&#8217;odeur, pr\u00e9servant ainsi la propret\u00e9 de vos tapis. Il s&#8217;agit d&#8217;un lubrifiant sans acide \u00e0 base d&#8217;huile paraffinique qui lubrifie toutes les parties vuln\u00e9rables de votre machine tufting, les maintenant exemptes de friction et de chaleur. <\/p>\n<p>Brosse le fil de ta machine, et mets une goutte d&#8217;huile sur les barres m\u00e9talliques et dans les trous de tes curseurs blancs toutes les 2 heures.<\/p>\n","protected":false},"featured_media":12202,"template":"","meta":[],"product_brand":[],"product_cat":[135],"product_tag":[],"class_list":{"0":"post-6953","1":"product","2":"type-product","3":"status-publish","4":"has-post-thumbnail","6":"product_cat-accessoires","8":"first","9":"instock","10":"taxable","11":"shipping-taxable","12":"purchasable","13":"product-type-simple"},"_links":{"self":[{"href":"https:\/\/tuftingeurope.com\/fr\/wp-json\/wp\/v2\/product\/6953","targetHints":{"allow":["GET"]}}],"collection":[{"href":"https:\/\/tuftingeurope.com\/fr\/wp-json\/wp\/v2\/product"}],"about":[{"href":"https:\/\/tuftingeurope.com\/fr\/wp-json\/wp\/v2\/types\/product"}],"wp:featuredmedia":[{"embeddable":true,"href":"https:\/\/tuftingeurope.com\/fr\/wp-json\/wp\/v2\/media\/12202"}],"wp:attachment":[{"href":"https:\/\/tuftingeurope.com\/fr\/wp-json\/wp\/v2\/media?parent=6953"}],"wp:term":[{"taxonomy":"product_brand","embeddable":true,"href":"https:\/\/tuftingeurope.com\/fr\/wp-json\/wp\/v2\/product_brand?post=6953"},{"taxonomy":"product_cat","embeddable":true,"href":"https:\/\/tuftingeurope.com\/fr\/wp-json\/wp\/v2\/product_cat?post=6953"},{"taxonomy":"product_tag","embeddable":true,"href":"https:\/\/tuftingeurope.com\/fr\/wp-json\/wp\/v2\/product_tag?post=6953"}],"curies":[{"name":"wp","href":"https:\/\/api.w.org\/{rel}","templated":true}]}}