{"id":69793,"date":"2025-09-11T13:53:36","date_gmt":"2025-09-11T11:53:36","guid":{"rendered":"https:\/\/tuftingeurope.com\/product\/learn-tufting-online\/"},"modified":"2025-09-11T13:53:36","modified_gmt":"2025-09-11T11:53:36","slug":"learn-tufting-online","status":"publish","type":"product","link":"https:\/\/tuftingeurope.com\/fr\/produit\/learn-tufting-online\/","title":{"rendered":"Apprenez le tufting &#8211; cours en ligne complet"},"content":{"rendered":"<h2>Vous \u00eates sur le point de devenir un artiste du tufting.<\/h2>\n<p>Ce n&#8217;est pas qu&#8217;un simple tutoriel \u2014 c&#8217;est un v\u00e9ritable parcours. Notre cours en ligne vous donne les comp\u00e9tences, les conseils et la confiance n\u00e9cessaires pour cr\u00e9er des tapis dont vous serez fier. <\/p>\n<ul>\n<li>Amusant et facile \u00e0 suivre : Chaque module est clair, adapt\u00e9 aux d\u00e9butants et rempli de d\u00e9monstrations.<\/li>\n<li>Acc\u00e9l\u00e9rez votre apprentissage : \u00c9vitez les essais et erreurs. Avec nos conseils, vous apprendrez plus vite et mieux. <\/li>\n<li>Tous les secrets r\u00e9v\u00e9l\u00e9s : Des bordures nettes aux courbes fluides, nous vous montrerons des techniques introuvables sur YouTube.<\/li>\n<li>Coaching inclus : Partagez les photos de votre progression et recevez des retours personnalis\u00e9s d&#8217;experts en tufting.<\/li>\n<\/ul>\n<h2>Ce que vous apprendrez<\/h2>\n<ul>\n<li>Installez votre cadre et votre toile avec la tension parfaite<\/li>\n<li>Enfilez, alimentez et ma\u00eetrisez votre pistolet \u00e0 tufter comme un professionnel<\/li>\n<li>Tuftez des lignes, des courbes, des remplissages et changez de couleur en douceur<\/li>\n<li>Ma\u00eetrisez les finitions : collage, support, d\u00e9coupe, sculpture, rasage<\/li>\n<li>Identifiez et corrigez les erreurs courantes<\/li>\n<\/ul>\n<h2>Pourquoi ce cours ?<\/h2>\n<p>Parce que nous sommes pass\u00e9s par l\u00e0. Le tufting peut \u00eatre d\u00e9routant au d\u00e9but, avec du fil gaspill\u00e9, des tapis mal r\u00e9alis\u00e9s et des tutoriels peu clairs. Nous avons condens\u00e9 des ann\u00e9es d&#8217;exp\u00e9rience dans un cours simple qui vous rendra plus rapide, plus confiant et plus cr\u00e9atif.  <\/p>\n","protected":false},"excerpt":{"rendered":"<p>Transformez vos id\u00e9es en v\u00e9ritables tapis. Avec ce cours en ligne amusant et facile \u00e0 suivre, vous deviendrez un artiste du tufting qualifi\u00e9 en un rien de temps. Nous vous donnerons l&#8217;acc\u00e9l\u00e9ration dont vous avez besoin, partagerons tous les secrets que nous avons appris au fil des ann\u00e9es de tufting et vous guiderons \u00e9tape par \u00e9tape.  <\/p>\n<p><strong>Inscrivez-vous \u00e0 la liste d&#8217;attente d\u00e8s aujourd&#8217;hui et b\u00e9n\u00e9ficiez d&#8217;un acc\u00e8s anticip\u00e9 ainsi que d&#8217;une remise sp\u00e9ciale de lancement.<\/strong><\/p>\n","protected":false},"featured_media":69796,"template":"","meta":[],"product_brand":[],"product_cat":[542],"product_tag":[],"class_list":{"0":"post-69793","1":"product","2":"type-product","3":"status-publish","4":"has-post-thumbnail","6":"product_cat-starter-kits-fr","8":"first","9":"outofstock","10":"virtual","11":"taxable","12":"purchasable","13":"product-type-simple"},"_links":{"self":[{"href":"https:\/\/tuftingeurope.com\/fr\/wp-json\/wp\/v2\/product\/69793","targetHints":{"allow":["GET"]}}],"collection":[{"href":"https:\/\/tuftingeurope.com\/fr\/wp-json\/wp\/v2\/product"}],"about":[{"href":"https:\/\/tuftingeurope.com\/fr\/wp-json\/wp\/v2\/types\/product"}],"wp:featuredmedia":[{"embeddable":true,"href":"https:\/\/tuftingeurope.com\/fr\/wp-json\/wp\/v2\/media\/69796"}],"wp:attachment":[{"href":"https:\/\/tuftingeurope.com\/fr\/wp-json\/wp\/v2\/media?parent=69793"}],"wp:term":[{"taxonomy":"product_brand","embeddable":true,"href":"https:\/\/tuftingeurope.com\/fr\/wp-json\/wp\/v2\/product_brand?post=69793"},{"taxonomy":"product_cat","embeddable":true,"href":"https:\/\/tuftingeurope.com\/fr\/wp-json\/wp\/v2\/product_cat?post=69793"},{"taxonomy":"product_tag","embeddable":true,"href":"https:\/\/tuftingeurope.com\/fr\/wp-json\/wp\/v2\/product_tag?post=69793"}],"curies":[{"name":"wp","href":"https:\/\/api.w.org\/{rel}","templated":true}]}}