{"id":69892,"date":"2025-09-11T15:00:15","date_gmt":"2025-09-11T13:00:15","guid":{"rendered":"https:\/\/tuftingeurope.com\/?post_type=product&#038;p=69892"},"modified":"2026-01-30T15:06:36","modified_gmt":"2026-01-30T14:06:36","slug":"ultimate-tufting-starter-kit-with-ak-v-2","status":"publish","type":"product","link":"https:\/\/tuftingeurope.com\/fr\/produit\/ultimate-tufting-starter-kit-with-ak-v-2\/","title":{"rendered":"Kit de d\u00e9marrage tufting avec AK-v"},"content":{"rendered":"<h2>Bienvenue dans votre premi\u00e8re \u00e9tape vers le monde fascinant du tufting avec notre Kit de D\u00e9marrage Ultime pour le Tufting !<\/h2>\n<p>Ce kit contient tout ce dont tu as besoin pour te lancer directement dans la fabrication de tes propres tapis \u00e0 la maison. Nous l&#8217;avons garni de tous les \u00e9l\u00e9ments essentiels afin que vous puissiez d\u00e9buter votre parcours tufting sans aucun d\u00e9sagr\u00e9ment. Il est direct, complet et con\u00e7u pour faciliter la t\u00e2che aux d\u00e9butants.  <\/p>\n<p><strong>Juste un petit conseil, tu devras te procurer deux ou trois choses par toi-m\u00eame :<\/strong> tes couleurs de fil pr\u00e9f\u00e9r\u00e9es pour donner vie \u00e0 tes motifs, que tu trouveras facilement sur notre site Internet, et un seau de colle \u00e0 moquette en latex dans ta quincaillerie locale. (nous ne vendons pas de colle car elle est trop lourde). <\/p>\n<p>Ton kit sera livr\u00e9 dans deux bo\u00eetes. L&#8217;une contient le cadre et l&#8217;autre tout le reste. Notre kit de d\u00e9marrage pour le touffetage ultime contient les \u00e9l\u00e9ments suivants :  <\/p>\n<h2><img fetchpriority=\"high\" decoding=\"async\" class=\"alignnone wp-image-71443 size-full\" src=\"https:\/\/tuftingeurope.com\/wp-content\/uploads\/2025\/09\/starter-kit.jpg\" alt=\"\" width=\"1920\" height=\"1080\" title=\"\" srcset=\"https:\/\/tuftingeurope.com\/wp-content\/uploads\/2025\/09\/starter-kit.jpg 1920w, https:\/\/tuftingeurope.com\/wp-content\/uploads\/2025\/09\/starter-kit-300x169.jpg 300w, https:\/\/tuftingeurope.com\/wp-content\/uploads\/2025\/09\/starter-kit-1024x576.jpg 1024w, https:\/\/tuftingeurope.com\/wp-content\/uploads\/2025\/09\/starter-kit-768x432.jpg 768w, https:\/\/tuftingeurope.com\/wp-content\/uploads\/2025\/09\/starter-kit-1536x864.jpg 1536w, https:\/\/tuftingeurope.com\/wp-content\/uploads\/2025\/09\/starter-kit-1320x743.jpg 1320w, https:\/\/tuftingeurope.com\/wp-content\/uploads\/2025\/09\/starter-kit-1000x563.jpg 1000w, https:\/\/tuftingeurope.com\/wp-content\/uploads\/2025\/09\/starter-kit-80x45.jpg 80w\" sizes=\"(max-width: 1920px) 100vw, 1920px\" \/><br \/>\nLa nouvelle machine tufting AK-V<\/h2>\n<p>Ce kit pr\u00e9sente le tout nouveau <strong>AK-V<\/strong>, notre derni\u00e8re machine tufting qui introduit <strong>un nouvel affichage<\/strong> montrant votre r\u00e9glage de vitesse actuel, <strong>une lumi\u00e8re LED frontale<\/strong>, une poign\u00e9e plus ergonomique et <strong>\u00e9met moins de bruit<\/strong>. De plus, il est facile d&#8217;acqu\u00e9rir les bases &#8211; nous sommes convaincus que tu seras sur la bonne voie en moins de <strong>15 minutes de pratique<\/strong>. Si ce n&#8217;est pas le cas, contacte-nous pour obtenir des conseils !  <\/p>\n<h2>Suffisamment de toile tufting pour vous maintenir en activit\u00e9<\/h2>\n<p>Notre kit de d\u00e9marrage est livr\u00e9 avec un g\u00e9n\u00e9reux total de <strong>200x200cm de toile primaire tufting de haute qualit\u00e9<\/strong>. Il s&#8217;agit du canevas tufting essentiel pour vos cr\u00e9ations de tapis.  Cette taille te permet de confectionner quatre \u00e0 huit tapis de taille moyenne, ce qui te donne suffisamment de mat\u00e9riel pour d\u00e9marrer tes projets. \u00c9galement inclus, <strong>200x200cm de support antid\u00e9rapant Ani-Slip<\/strong>, que vous placez au dos de votre tapis pour une finition professionnelle. <\/p>\n<h2><img decoding=\"async\" class=\"alignnone size-full wp-image-37116\" src=\"https:\/\/tuftingeurope.com\/wp-content\/uploads\/2023\/05\/4-1.jpg\" alt=\"\" width=\"1920\" height=\"1080\" title=\"\" srcset=\"https:\/\/tuftingeurope.com\/wp-content\/uploads\/2023\/05\/4-1.jpg 1920w, https:\/\/tuftingeurope.com\/wp-content\/uploads\/2023\/05\/4-1-1000x563.jpg 1000w, https:\/\/tuftingeurope.com\/wp-content\/uploads\/2023\/05\/4-1-300x169.jpg 300w, https:\/\/tuftingeurope.com\/wp-content\/uploads\/2023\/05\/4-1-1024x576.jpg 1024w, https:\/\/tuftingeurope.com\/wp-content\/uploads\/2023\/05\/4-1-768x432.jpg 768w, https:\/\/tuftingeurope.com\/wp-content\/uploads\/2023\/05\/4-1-1536x864.jpg 1536w, https:\/\/tuftingeurope.com\/wp-content\/uploads\/2023\/05\/4-1-360x203.jpg 360w, https:\/\/tuftingeurope.com\/wp-content\/uploads\/2023\/05\/4-1-80x45.jpg 80w\" sizes=\"(max-width: 1920px) 100vw, 1920px\" \/><br \/>\nAccessoires pour r\u00e9aliser des dessins de tapis tranchants comme des rasoirs.<\/h2>\n<p>Notre kit de d\u00e9marrage est rempli d&#8217;accessoires pratiques con\u00e7us pour simplifier votre processus de tufting. Il comprend une <strong>spatule flexible<\/strong> pour \u00e9taler uniform\u00e9ment votre colle latex, de <strong>l&#8217;huile pour machine \u00e0 coudre<\/strong> pour assurer le bon fonctionnement de votre machine tufting et de vos ciseaux de d\u00e9coupe, et un <strong>enfileur de boucles<\/strong> qui deviendra rapidement un outil indispensable.  De plus, avec un <strong>sculpteur de tapis, un guide de sculpture et des ciseaux \u00e0 bec de canard<\/strong>, tu auras tout ce qu&#8217;il faut pour cr\u00e9er des tapis professionnels aux d\u00e9tails pr\u00e9cis.<\/p>\n","protected":false},"excerpt":{"rendered":"<p>Pr\u00e9pare-toi \u00e0 plonger dans la fabrication de tapis avec notre kit de d\u00e9marrage Tufting ultime ! Il contient tous les \u00e9l\u00e9ments essentiels dont tu as besoin pour cr\u00e9er de superbes tapis professionnels depuis chez toi. <\/p>\n","protected":false},"featured_media":71447,"template":"","meta":[],"product_brand":[],"product_cat":[542],"product_tag":[],"class_list":{"0":"post-69892","1":"product","2":"type-product","3":"status-publish","4":"has-post-thumbnail","6":"product_cat-starter-kits-fr","8":"first","9":"instock","10":"sale","11":"virtual","12":"taxable","13":"purchasable","14":"product-type-yith_bundle"},"_links":{"self":[{"href":"https:\/\/tuftingeurope.com\/fr\/wp-json\/wp\/v2\/product\/69892","targetHints":{"allow":["GET"]}}],"collection":[{"href":"https:\/\/tuftingeurope.com\/fr\/wp-json\/wp\/v2\/product"}],"about":[{"href":"https:\/\/tuftingeurope.com\/fr\/wp-json\/wp\/v2\/types\/product"}],"wp:featuredmedia":[{"embeddable":true,"href":"https:\/\/tuftingeurope.com\/fr\/wp-json\/wp\/v2\/media\/71447"}],"wp:attachment":[{"href":"https:\/\/tuftingeurope.com\/fr\/wp-json\/wp\/v2\/media?parent=69892"}],"wp:term":[{"taxonomy":"product_brand","embeddable":true,"href":"https:\/\/tuftingeurope.com\/fr\/wp-json\/wp\/v2\/product_brand?post=69892"},{"taxonomy":"product_cat","embeddable":true,"href":"https:\/\/tuftingeurope.com\/fr\/wp-json\/wp\/v2\/product_cat?post=69892"},{"taxonomy":"product_tag","embeddable":true,"href":"https:\/\/tuftingeurope.com\/fr\/wp-json\/wp\/v2\/product_tag?post=69892"}],"curies":[{"name":"wp","href":"https:\/\/api.w.org\/{rel}","templated":true}]}}