{"id":72725,"date":"2026-01-19T18:02:43","date_gmt":"2026-01-19T17:02:43","guid":{"rendered":"https:\/\/tuftingeurope.com\/product\/stickerpack\/"},"modified":"2026-02-19T22:01:03","modified_gmt":"2026-02-19T21:01:03","slug":"stickerpack","status":"publish","type":"product","link":"https:\/\/tuftingeurope.com\/fr\/produit\/stickerpack\/","title":{"rendered":"Pack de stickers Tufting vol.1"},"content":{"rendered":"<h2>Contenu :<\/h2>\n<ul>\n<li>Un rappel audacieux en bleu MIR\u042fOR YOUR DESIGN pour vous \u00e9viter la d\u00e9ception des lettres \u00e0 l&#8217;envers.<\/li>\n<li>Stay Tuft! avec notre mascotte AK-V pour maintenir la bonne ambiance pendant que vous travaillez.<\/li>\n<li>Craft First, Clean Later, parce qu&#8217;un sol en d\u00e9sordre est le signe d&#8217;une journ\u00e9e productive.<\/li>\n<li>I&#8217;ll Fix It With Shaving, un hommage au sculpteur qui fait dispara\u00eetre chaque erreur.<\/li>\n<li>Glue Time is Snack Time pour quand vous attendez que le latex s\u00e8che<\/li>\n<li>&#8230;et votre sceau officiel Certified Rug Maker !<\/li>\n<\/ul>\n<p>Chaque sticker de ce pack est con\u00e7u pour faire une d\u00e9claration sans encombrer votre espace de travail, mesurant 9 cm sur son c\u00f4t\u00e9 le plus long. Que vous d\u00e9coriez votre pistolet \u00e0 tufter, votre ordinateur portable ou votre r\u00e9frig\u00e9rateur, ils sont parfaits pour tout passionn\u00e9 de tufting. <\/p>\n","protected":false},"excerpt":{"rendered":"<p>C\u00e9l\u00e9brez la d\u00e9termination, la colle et la gloire de la cr\u00e9ation de tapis avec notre premi\u00e8re collection de stickers. Cet ensemble de 6 pi\u00e8ces est une lettre d&#8217;amour \u00e0 la r\u00e9alit\u00e9 (souvent chaotique) de la vie derri\u00e8re le cadre. <\/p>\n<p>De la panique \u00ab ai-je pens\u00e9 \u00e0 retourner le motif ? \u00bb \u00e0 la magie du rasage final, ces autocollants honorent chaque \u00e9tape de votre parcours cr\u00e9atif, chutes de laine comprises.<\/p>\n","protected":false},"featured_media":73147,"template":"","meta":[],"product_brand":[],"product_cat":[135],"product_tag":[],"class_list":{"0":"post-72725","1":"product","2":"type-product","3":"status-publish","4":"has-post-thumbnail","6":"product_cat-accessoires","8":"first","9":"instock","10":"taxable","11":"shipping-taxable","12":"purchasable","13":"product-type-simple"},"_links":{"self":[{"href":"https:\/\/tuftingeurope.com\/fr\/wp-json\/wp\/v2\/product\/72725","targetHints":{"allow":["GET"]}}],"collection":[{"href":"https:\/\/tuftingeurope.com\/fr\/wp-json\/wp\/v2\/product"}],"about":[{"href":"https:\/\/tuftingeurope.com\/fr\/wp-json\/wp\/v2\/types\/product"}],"wp:featuredmedia":[{"embeddable":true,"href":"https:\/\/tuftingeurope.com\/fr\/wp-json\/wp\/v2\/media\/73147"}],"wp:attachment":[{"href":"https:\/\/tuftingeurope.com\/fr\/wp-json\/wp\/v2\/media?parent=72725"}],"wp:term":[{"taxonomy":"product_brand","embeddable":true,"href":"https:\/\/tuftingeurope.com\/fr\/wp-json\/wp\/v2\/product_brand?post=72725"},{"taxonomy":"product_cat","embeddable":true,"href":"https:\/\/tuftingeurope.com\/fr\/wp-json\/wp\/v2\/product_cat?post=72725"},{"taxonomy":"product_tag","embeddable":true,"href":"https:\/\/tuftingeurope.com\/fr\/wp-json\/wp\/v2\/product_tag?post=72725"}],"curies":[{"name":"wp","href":"https:\/\/api.w.org\/{rel}","templated":true}]}}